{"id":102,"date":"2021-03-13T12:07:52","date_gmt":"2021-03-13T12:07:52","guid":{"rendered":"http:\/\/demo.acmethemes.com\/medical-circle\/?page_id=131"},"modified":"2021-03-15T19:47:46","modified_gmt":"2021-03-15T19:47:46","slug":"toma-andrei","status":"publish","type":"page","link":"https:\/\/cs-mihaileni.md\/index.php\/toma-andrei\/","title":{"rendered":"Toma Andrei"},"content":{"rendered":"<p>Andrei Toma este medicul de familie care are grij\u0103 de satul Mih\u0103ileni cu popula\u021bia de aproximativ 4000 oameni. Pe parcursul anilor d-lui a demonstrat c\u0103 cariera \u00eenseamn\u0103 foarte mult pentru el \u0219i c\u0103 depune efort \u0219i suflet \u00een ceea ce face de zi cu zi, salv\u00e2nd vie\u021bi f\u0103r\u0103 a mai sta pe g\u00e2nduri.<\/p>\n<p>\u00cen general func\u021bia unui medic este aceea de vindecare a bolilor, fiind una din profesiile cele mai vechi ale\u00a0omului.<\/p>\n<p>Din experien\u021ba \u00eendelungat\u0103 \u00een decursul vie\u021bii, s-au cristalizat treptat bazele \u0219tiin\u021bifice \u00een care este practicat\u0103 <a class=\"mw-redirect\" title=\"Medicina\" href=\"https:\/\/ro.wikipedia.org\/wiki\/Medicina\">medicina<\/a>\u00a0de azi.<\/p>\n<p>Sociologia profesional\u0103 indic\u0103 faptul c\u0103 profesia de medic trebuie s\u0103 corespund\u0103 unui nivel \u00eenalt de etic\u0103 moral\u0103, forma cea mai cunoscut\u0103 fiind \u201ejur\u0103m\u00e2ntul lui Hippocrate\u201d, uneori fiind necesar\u0103 metoda trierii cazurilor, c\u00e2nd num\u0103rul r\u0103ni\u021bilor sau bolnavilor este foarte mare, medicul fiind suprasolicitat sau c\u00e2nd \u00ee\u0219i pericliteaz\u0103 propria via\u021b\u0103 \u00een cazul unei pandemii periculoase.<\/p>\n<p>Medicul face parte din personalul\u00a0sanitar. Pentru a-\u0219i putea exercita profesia trebuie s\u0103 studieze medicina mai mul\u021bi ani la o facultate de medicin\u0103, iar dup\u0103 absolvirea examenelor \u0219i a unei practici prime\u0219te aprobarea de medic. Medicul trebuie s\u0103 g\u0103seasc\u0103 limba comun\u0103 cu\u00a0pacientul, iar pentru asta\u00a0trebuie s\u0103 fie r\u0103bd\u0103tor.<\/p>\n","protected":false},"excerpt":{"rendered":"<p>Andrei Toma este medicul de familie care are grij\u0103 de satul Mih\u0103ileni cu popula\u021bia de aproximativ 4000 oameni. Pe parcursul anilor d-lui a demonstrat c\u0103 cariera \u00eenseamn\u0103 foarte mult pentru el \u0219i c\u0103 depune efort \u0219i suflet \u00een ceea ce face de zi cu zi, salv\u00e2nd vie\u021bi f\u0103r\u0103 a mai sta pe g\u00e2nduri.<\/p>\n","protected":false},"author":1,"featured_media":354,"parent":0,"menu_order":0,"comment_status":"closed","ping_status":"closed","template":"","meta":{"_monsterinsights_skip_tracking":false,"_monsterinsights_sitenote_active":false,"_monsterinsights_sitenote_note":"","_monsterinsights_sitenote_category":0,"footnotes":""},"class_list":["post-102","page","type-page","status-publish","has-post-thumbnail","hentry"],"yoast_head":"<!-- This site is optimized with the Yoast SEO plugin v27.4 - https:\/\/yoast.com\/product\/yoast-seo-wordpress\/ -->\n<title>Toma Andrei - Centrul de S\u0103n\u0103tate Mih\u0103ileni<\/title>\n<meta name=\"robots\" content=\"index, follow, max-snippet:-1, max-image-preview:large, max-video-preview:-1\" \/>\n<link rel=\"canonical\" href=\"https:\/\/cs-mihaileni.md\/index.php\/toma-andrei\/\" \/>\n<meta property=\"og:locale\" content=\"ro_RO\" \/>\n<meta property=\"og:type\" content=\"article\" \/>\n<meta property=\"og:title\" content=\"Toma Andrei - Centrul de S\u0103n\u0103tate Mih\u0103ileni\" \/>\n<meta property=\"og:description\" content=\"Andrei Toma este medicul de familie care are grij\u0103 de satul Mih\u0103ileni cu popula\u021bia de aproximativ 4000 oameni. Pe parcursul anilor d-lui a demonstrat c\u0103 cariera \u00eenseamn\u0103 foarte mult pentru el \u0219i c\u0103 depune efort \u0219i suflet \u00een ceea ce face de zi cu zi, salv\u00e2nd vie\u021bi f\u0103r\u0103 a mai sta pe g\u00e2nduri.\" \/>\n<meta property=\"og:url\" content=\"https:\/\/cs-mihaileni.md\/index.php\/toma-andrei\/\" \/>\n<meta property=\"og:site_name\" content=\"Centrul de S\u0103n\u0103tate Mih\u0103ileni\" \/>\n<meta property=\"article:modified_time\" content=\"2021-03-15T19:47:46+00:00\" \/>\n<meta property=\"og:image\" content=\"https:\/\/cs-mihaileni.md\/wp-content\/uploads\/2021\/03\/23926267_120421178738165_5888690078983800655_o-e1615598558964.jpg\" \/>\n\t<meta property=\"og:image:width\" content=\"1070\" \/>\n\t<meta property=\"og:image:height\" content=\"1336\" \/>\n\t<meta property=\"og:image:type\" content=\"image\/jpeg\" \/>\n<meta name=\"twitter:card\" content=\"summary_large_image\" \/>\n<meta name=\"twitter:label1\" content=\"Timp estimat pentru citire\" \/>\n\t<meta name=\"twitter:data1\" content=\"1 minut\" \/>\n<script type=\"application\/ld+json\" class=\"yoast-schema-graph\">{\"@context\":\"https:\\\/\\\/schema.org\",\"@graph\":[{\"@type\":\"WebPage\",\"@id\":\"https:\\\/\\\/cs-mihaileni.md\\\/index.php\\\/toma-andrei\\\/\",\"url\":\"https:\\\/\\\/cs-mihaileni.md\\\/index.php\\\/toma-andrei\\\/\",\"name\":\"Toma Andrei - Centrul de S\u0103n\u0103tate Mih\u0103ileni\",\"isPartOf\":{\"@id\":\"https:\\\/\\\/cs-mihaileni.md\\\/#website\"},\"primaryImageOfPage\":{\"@id\":\"https:\\\/\\\/cs-mihaileni.md\\\/index.php\\\/toma-andrei\\\/#primaryimage\"},\"image\":{\"@id\":\"https:\\\/\\\/cs-mihaileni.md\\\/index.php\\\/toma-andrei\\\/#primaryimage\"},\"thumbnailUrl\":\"https:\\\/\\\/cs-mihaileni.md\\\/wp-content\\\/uploads\\\/2021\\\/03\\\/23926267_120421178738165_5888690078983800655_o-e1615598558964.jpg\",\"datePublished\":\"2021-03-13T12:07:52+00:00\",\"dateModified\":\"2021-03-15T19:47:46+00:00\",\"breadcrumb\":{\"@id\":\"https:\\\/\\\/cs-mihaileni.md\\\/index.php\\\/toma-andrei\\\/#breadcrumb\"},\"inLanguage\":\"ro-RO\",\"potentialAction\":[{\"@type\":\"ReadAction\",\"target\":[\"https:\\\/\\\/cs-mihaileni.md\\\/index.php\\\/toma-andrei\\\/\"]}]},{\"@type\":\"ImageObject\",\"inLanguage\":\"ro-RO\",\"@id\":\"https:\\\/\\\/cs-mihaileni.md\\\/index.php\\\/toma-andrei\\\/#primaryimage\",\"url\":\"https:\\\/\\\/cs-mihaileni.md\\\/wp-content\\\/uploads\\\/2021\\\/03\\\/23926267_120421178738165_5888690078983800655_o-e1615598558964.jpg\",\"contentUrl\":\"https:\\\/\\\/cs-mihaileni.md\\\/wp-content\\\/uploads\\\/2021\\\/03\\\/23926267_120421178738165_5888690078983800655_o-e1615598558964.jpg\",\"width\":1070,\"height\":1336},{\"@type\":\"BreadcrumbList\",\"@id\":\"https:\\\/\\\/cs-mihaileni.md\\\/index.php\\\/toma-andrei\\\/#breadcrumb\",\"itemListElement\":[{\"@type\":\"ListItem\",\"position\":1,\"name\":\"Prima pagin\u0103\",\"item\":\"https:\\\/\\\/cs-mihaileni.md\\\/\"},{\"@type\":\"ListItem\",\"position\":2,\"name\":\"Toma Andrei\"}]},{\"@type\":\"WebSite\",\"@id\":\"https:\\\/\\\/cs-mihaileni.md\\\/#website\",\"url\":\"https:\\\/\\\/cs-mihaileni.md\\\/\",\"name\":\"Centrul de S\u0103n\u0103tate Mih\u0103ileni\",\"description\":\"Institu\u0163ie Medico-Sanitar\u0103 Public\u0103\",\"potentialAction\":[{\"@type\":\"SearchAction\",\"target\":{\"@type\":\"EntryPoint\",\"urlTemplate\":\"https:\\\/\\\/cs-mihaileni.md\\\/?s={search_term_string}\"},\"query-input\":{\"@type\":\"PropertyValueSpecification\",\"valueRequired\":true,\"valueName\":\"search_term_string\"}}],\"inLanguage\":\"ro-RO\"}]}<\/script>\n<!-- \/ Yoast SEO plugin. -->","yoast_head_json":{"title":"Toma Andrei - Centrul de S\u0103n\u0103tate Mih\u0103ileni","robots":{"index":"index","follow":"follow","max-snippet":"max-snippet:-1","max-image-preview":"max-image-preview:large","max-video-preview":"max-video-preview:-1"},"canonical":"https:\/\/cs-mihaileni.md\/index.php\/toma-andrei\/","og_locale":"ro_RO","og_type":"article","og_title":"Toma Andrei - Centrul de S\u0103n\u0103tate Mih\u0103ileni","og_description":"Andrei Toma este medicul de familie care are grij\u0103 de satul Mih\u0103ileni cu popula\u021bia de aproximativ 4000 oameni. Pe parcursul anilor d-lui a demonstrat c\u0103 cariera \u00eenseamn\u0103 foarte mult pentru el \u0219i c\u0103 depune efort \u0219i suflet \u00een ceea ce face de zi cu zi, salv\u00e2nd vie\u021bi f\u0103r\u0103 a mai sta pe g\u00e2nduri.","og_url":"https:\/\/cs-mihaileni.md\/index.php\/toma-andrei\/","og_site_name":"Centrul de S\u0103n\u0103tate Mih\u0103ileni","article_modified_time":"2021-03-15T19:47:46+00:00","og_image":[{"width":1070,"height":1336,"url":"https:\/\/cs-mihaileni.md\/wp-content\/uploads\/2021\/03\/23926267_120421178738165_5888690078983800655_o-e1615598558964.jpg","type":"image\/jpeg"}],"twitter_card":"summary_large_image","twitter_misc":{"Timp estimat pentru citire":"1 minut"},"schema":{"@context":"https:\/\/schema.org","@graph":[{"@type":"WebPage","@id":"https:\/\/cs-mihaileni.md\/index.php\/toma-andrei\/","url":"https:\/\/cs-mihaileni.md\/index.php\/toma-andrei\/","name":"Toma Andrei - Centrul de S\u0103n\u0103tate Mih\u0103ileni","isPartOf":{"@id":"https:\/\/cs-mihaileni.md\/#website"},"primaryImageOfPage":{"@id":"https:\/\/cs-mihaileni.md\/index.php\/toma-andrei\/#primaryimage"},"image":{"@id":"https:\/\/cs-mihaileni.md\/index.php\/toma-andrei\/#primaryimage"},"thumbnailUrl":"https:\/\/cs-mihaileni.md\/wp-content\/uploads\/2021\/03\/23926267_120421178738165_5888690078983800655_o-e1615598558964.jpg","datePublished":"2021-03-13T12:07:52+00:00","dateModified":"2021-03-15T19:47:46+00:00","breadcrumb":{"@id":"https:\/\/cs-mihaileni.md\/index.php\/toma-andrei\/#breadcrumb"},"inLanguage":"ro-RO","potentialAction":[{"@type":"ReadAction","target":["https:\/\/cs-mihaileni.md\/index.php\/toma-andrei\/"]}]},{"@type":"ImageObject","inLanguage":"ro-RO","@id":"https:\/\/cs-mihaileni.md\/index.php\/toma-andrei\/#primaryimage","url":"https:\/\/cs-mihaileni.md\/wp-content\/uploads\/2021\/03\/23926267_120421178738165_5888690078983800655_o-e1615598558964.jpg","contentUrl":"https:\/\/cs-mihaileni.md\/wp-content\/uploads\/2021\/03\/23926267_120421178738165_5888690078983800655_o-e1615598558964.jpg","width":1070,"height":1336},{"@type":"BreadcrumbList","@id":"https:\/\/cs-mihaileni.md\/index.php\/toma-andrei\/#breadcrumb","itemListElement":[{"@type":"ListItem","position":1,"name":"Prima pagin\u0103","item":"https:\/\/cs-mihaileni.md\/"},{"@type":"ListItem","position":2,"name":"Toma Andrei"}]},{"@type":"WebSite","@id":"https:\/\/cs-mihaileni.md\/#website","url":"https:\/\/cs-mihaileni.md\/","name":"Centrul de S\u0103n\u0103tate Mih\u0103ileni","description":"Institu\u0163ie Medico-Sanitar\u0103 Public\u0103","potentialAction":[{"@type":"SearchAction","target":{"@type":"EntryPoint","urlTemplate":"https:\/\/cs-mihaileni.md\/?s={search_term_string}"},"query-input":{"@type":"PropertyValueSpecification","valueRequired":true,"valueName":"search_term_string"}}],"inLanguage":"ro-RO"}]}},"_links":{"self":[{"href":"https:\/\/cs-mihaileni.md\/index.php\/wp-json\/wp\/v2\/pages\/102","targetHints":{"allow":["GET"]}}],"collection":[{"href":"https:\/\/cs-mihaileni.md\/index.php\/wp-json\/wp\/v2\/pages"}],"about":[{"href":"https:\/\/cs-mihaileni.md\/index.php\/wp-json\/wp\/v2\/types\/page"}],"author":[{"embeddable":true,"href":"https:\/\/cs-mihaileni.md\/index.php\/wp-json\/wp\/v2\/users\/1"}],"replies":[{"embeddable":true,"href":"https:\/\/cs-mihaileni.md\/index.php\/wp-json\/wp\/v2\/comments?post=102"}],"version-history":[{"count":5,"href":"https:\/\/cs-mihaileni.md\/index.php\/wp-json\/wp\/v2\/pages\/102\/revisions"}],"predecessor-version":[{"id":355,"href":"https:\/\/cs-mihaileni.md\/index.php\/wp-json\/wp\/v2\/pages\/102\/revisions\/355"}],"wp:featuredmedia":[{"embeddable":true,"href":"https:\/\/cs-mihaileni.md\/index.php\/wp-json\/wp\/v2\/media\/354"}],"wp:attachment":[{"href":"https:\/\/cs-mihaileni.md\/index.php\/wp-json\/wp\/v2\/media?parent=102"}],"curies":[{"name":"wp","href":"https:\/\/api.w.org\/{rel}","templated":true}]}}