{"id":118,"date":"2021-03-13T07:38:59","date_gmt":"2021-03-13T07:38:59","guid":{"rendered":"http:\/\/demo.acmethemes.com\/medical-circle\/?page_id=104"},"modified":"2025-02-19T04:41:24","modified_gmt":"2025-02-19T02:41:24","slug":"registratura","status":"publish","type":"page","link":"https:\/\/cs-mihaileni.md\/index.php\/registratura\/","title":{"rendered":"Registratur\u0103"},"content":{"rendered":"<h3><strong>Programarea pacien\u021bilor la serviciile de asisten\u021b\u0103 medical\u0103 primar\u0103, se poate efectua \u00een 3 modalit\u0103\u021bi:<\/strong><\/h3>\n<ol>\n<li>\u00a0Online prin intermediul portalului www.sia.amp.md\u00a0<\/li>\n<li>\u00a0Prin telefon la num\u0103rul 0256-76-203<\/li>\n<li>\u00a0La ghi\u0219eul Registraturii din incinta centrului de s\u0103n\u0103tate.<\/li>\n<\/ol>\n\n\n<p><\/p>\n","protected":false},"excerpt":{"rendered":"<p>Programarea pacien\u021bilor la serviciile de asisten\u021b\u0103 medical\u0103 primar\u0103, se poate efectua \u00een 3 modalit\u0103\u021bi: \u00a0Online prin intermediul portalului www.sia.amp.md\u00a0 \u00a0Prin telefon la num\u0103rul 0256-76-203 \u00a0La ghi\u0219eul Registraturii din incinta centrului de s\u0103n\u0103tate.<\/p>\n","protected":false},"author":1,"featured_media":367,"parent":0,"menu_order":0,"comment_status":"closed","ping_status":"closed","template":"","meta":{"_monsterinsights_skip_tracking":false,"_monsterinsights_sitenote_active":false,"_monsterinsights_sitenote_note":"","_monsterinsights_sitenote_category":0,"footnotes":""},"class_list":["post-118","page","type-page","status-publish","has-post-thumbnail","hentry"],"yoast_head":"<!-- This site is optimized with the Yoast SEO plugin v27.4 - https:\/\/yoast.com\/product\/yoast-seo-wordpress\/ -->\n<title>Registratur\u0103 - Centrul de S\u0103n\u0103tate Mih\u0103ileni<\/title>\n<meta name=\"robots\" content=\"index, follow, max-snippet:-1, max-image-preview:large, max-video-preview:-1\" \/>\n<link rel=\"canonical\" href=\"https:\/\/cs-mihaileni.md\/index.php\/registratura\/\" \/>\n<meta property=\"og:locale\" content=\"ro_RO\" \/>\n<meta property=\"og:type\" content=\"article\" \/>\n<meta property=\"og:title\" content=\"Registratur\u0103 - Centrul de S\u0103n\u0103tate Mih\u0103ileni\" \/>\n<meta property=\"og:description\" content=\"Programarea pacien\u021bilor la serviciile de asisten\u021b\u0103 medical\u0103 primar\u0103, se poate efectua \u00een 3 modalit\u0103\u021bi: \u00a0Online prin intermediul portalului www.sia.amp.md\u00a0 \u00a0Prin telefon la num\u0103rul 0256-76-203 \u00a0La ghi\u0219eul Registraturii din incinta centrului de s\u0103n\u0103tate.\" \/>\n<meta property=\"og:url\" content=\"https:\/\/cs-mihaileni.md\/index.php\/registratura\/\" \/>\n<meta property=\"og:site_name\" content=\"Centrul de S\u0103n\u0103tate Mih\u0103ileni\" \/>\n<meta property=\"article:modified_time\" content=\"2025-02-19T02:41:24+00:00\" \/>\n<meta property=\"og:image\" content=\"https:\/\/cs-mihaileni.md\/wp-content\/uploads\/2021\/03\/Imagine3.jpg\" \/>\n\t<meta property=\"og:image:width\" content=\"703\" \/>\n\t<meta property=\"og:image:height\" content=\"527\" \/>\n\t<meta property=\"og:image:type\" content=\"image\/jpeg\" \/>\n<meta name=\"twitter:card\" content=\"summary_large_image\" \/>\n<script type=\"application\/ld+json\" class=\"yoast-schema-graph\">{\"@context\":\"https:\\\/\\\/schema.org\",\"@graph\":[{\"@type\":\"WebPage\",\"@id\":\"https:\\\/\\\/cs-mihaileni.md\\\/index.php\\\/registratura\\\/\",\"url\":\"https:\\\/\\\/cs-mihaileni.md\\\/index.php\\\/registratura\\\/\",\"name\":\"Registratur\u0103 - Centrul de S\u0103n\u0103tate Mih\u0103ileni\",\"isPartOf\":{\"@id\":\"https:\\\/\\\/cs-mihaileni.md\\\/#website\"},\"primaryImageOfPage\":{\"@id\":\"https:\\\/\\\/cs-mihaileni.md\\\/index.php\\\/registratura\\\/#primaryimage\"},\"image\":{\"@id\":\"https:\\\/\\\/cs-mihaileni.md\\\/index.php\\\/registratura\\\/#primaryimage\"},\"thumbnailUrl\":\"https:\\\/\\\/cs-mihaileni.md\\\/wp-content\\\/uploads\\\/2021\\\/03\\\/Imagine3.jpg\",\"datePublished\":\"2021-03-13T07:38:59+00:00\",\"dateModified\":\"2025-02-19T02:41:24+00:00\",\"breadcrumb\":{\"@id\":\"https:\\\/\\\/cs-mihaileni.md\\\/index.php\\\/registratura\\\/#breadcrumb\"},\"inLanguage\":\"ro-RO\",\"potentialAction\":[{\"@type\":\"ReadAction\",\"target\":[\"https:\\\/\\\/cs-mihaileni.md\\\/index.php\\\/registratura\\\/\"]}]},{\"@type\":\"ImageObject\",\"inLanguage\":\"ro-RO\",\"@id\":\"https:\\\/\\\/cs-mihaileni.md\\\/index.php\\\/registratura\\\/#primaryimage\",\"url\":\"https:\\\/\\\/cs-mihaileni.md\\\/wp-content\\\/uploads\\\/2021\\\/03\\\/Imagine3.jpg\",\"contentUrl\":\"https:\\\/\\\/cs-mihaileni.md\\\/wp-content\\\/uploads\\\/2021\\\/03\\\/Imagine3.jpg\",\"width\":703,\"height\":527},{\"@type\":\"BreadcrumbList\",\"@id\":\"https:\\\/\\\/cs-mihaileni.md\\\/index.php\\\/registratura\\\/#breadcrumb\",\"itemListElement\":[{\"@type\":\"ListItem\",\"position\":1,\"name\":\"Prima pagin\u0103\",\"item\":\"https:\\\/\\\/cs-mihaileni.md\\\/\"},{\"@type\":\"ListItem\",\"position\":2,\"name\":\"Registratur\u0103\"}]},{\"@type\":\"WebSite\",\"@id\":\"https:\\\/\\\/cs-mihaileni.md\\\/#website\",\"url\":\"https:\\\/\\\/cs-mihaileni.md\\\/\",\"name\":\"Centrul de S\u0103n\u0103tate Mih\u0103ileni\",\"description\":\"Institu\u0163ie Medico-Sanitar\u0103 Public\u0103\",\"potentialAction\":[{\"@type\":\"SearchAction\",\"target\":{\"@type\":\"EntryPoint\",\"urlTemplate\":\"https:\\\/\\\/cs-mihaileni.md\\\/?s={search_term_string}\"},\"query-input\":{\"@type\":\"PropertyValueSpecification\",\"valueRequired\":true,\"valueName\":\"search_term_string\"}}],\"inLanguage\":\"ro-RO\"}]}<\/script>\n<!-- \/ Yoast SEO plugin. -->","yoast_head_json":{"title":"Registratur\u0103 - Centrul de S\u0103n\u0103tate Mih\u0103ileni","robots":{"index":"index","follow":"follow","max-snippet":"max-snippet:-1","max-image-preview":"max-image-preview:large","max-video-preview":"max-video-preview:-1"},"canonical":"https:\/\/cs-mihaileni.md\/index.php\/registratura\/","og_locale":"ro_RO","og_type":"article","og_title":"Registratur\u0103 - Centrul de S\u0103n\u0103tate Mih\u0103ileni","og_description":"Programarea pacien\u021bilor la serviciile de asisten\u021b\u0103 medical\u0103 primar\u0103, se poate efectua \u00een 3 modalit\u0103\u021bi: \u00a0Online prin intermediul portalului www.sia.amp.md\u00a0 \u00a0Prin telefon la num\u0103rul 0256-76-203 \u00a0La ghi\u0219eul Registraturii din incinta centrului de s\u0103n\u0103tate.","og_url":"https:\/\/cs-mihaileni.md\/index.php\/registratura\/","og_site_name":"Centrul de S\u0103n\u0103tate Mih\u0103ileni","article_modified_time":"2025-02-19T02:41:24+00:00","og_image":[{"width":703,"height":527,"url":"https:\/\/cs-mihaileni.md\/wp-content\/uploads\/2021\/03\/Imagine3.jpg","type":"image\/jpeg"}],"twitter_card":"summary_large_image","schema":{"@context":"https:\/\/schema.org","@graph":[{"@type":"WebPage","@id":"https:\/\/cs-mihaileni.md\/index.php\/registratura\/","url":"https:\/\/cs-mihaileni.md\/index.php\/registratura\/","name":"Registratur\u0103 - Centrul de S\u0103n\u0103tate Mih\u0103ileni","isPartOf":{"@id":"https:\/\/cs-mihaileni.md\/#website"},"primaryImageOfPage":{"@id":"https:\/\/cs-mihaileni.md\/index.php\/registratura\/#primaryimage"},"image":{"@id":"https:\/\/cs-mihaileni.md\/index.php\/registratura\/#primaryimage"},"thumbnailUrl":"https:\/\/cs-mihaileni.md\/wp-content\/uploads\/2021\/03\/Imagine3.jpg","datePublished":"2021-03-13T07:38:59+00:00","dateModified":"2025-02-19T02:41:24+00:00","breadcrumb":{"@id":"https:\/\/cs-mihaileni.md\/index.php\/registratura\/#breadcrumb"},"inLanguage":"ro-RO","potentialAction":[{"@type":"ReadAction","target":["https:\/\/cs-mihaileni.md\/index.php\/registratura\/"]}]},{"@type":"ImageObject","inLanguage":"ro-RO","@id":"https:\/\/cs-mihaileni.md\/index.php\/registratura\/#primaryimage","url":"https:\/\/cs-mihaileni.md\/wp-content\/uploads\/2021\/03\/Imagine3.jpg","contentUrl":"https:\/\/cs-mihaileni.md\/wp-content\/uploads\/2021\/03\/Imagine3.jpg","width":703,"height":527},{"@type":"BreadcrumbList","@id":"https:\/\/cs-mihaileni.md\/index.php\/registratura\/#breadcrumb","itemListElement":[{"@type":"ListItem","position":1,"name":"Prima pagin\u0103","item":"https:\/\/cs-mihaileni.md\/"},{"@type":"ListItem","position":2,"name":"Registratur\u0103"}]},{"@type":"WebSite","@id":"https:\/\/cs-mihaileni.md\/#website","url":"https:\/\/cs-mihaileni.md\/","name":"Centrul de S\u0103n\u0103tate Mih\u0103ileni","description":"Institu\u0163ie Medico-Sanitar\u0103 Public\u0103","potentialAction":[{"@type":"SearchAction","target":{"@type":"EntryPoint","urlTemplate":"https:\/\/cs-mihaileni.md\/?s={search_term_string}"},"query-input":{"@type":"PropertyValueSpecification","valueRequired":true,"valueName":"search_term_string"}}],"inLanguage":"ro-RO"}]}},"_links":{"self":[{"href":"https:\/\/cs-mihaileni.md\/index.php\/wp-json\/wp\/v2\/pages\/118","targetHints":{"allow":["GET"]}}],"collection":[{"href":"https:\/\/cs-mihaileni.md\/index.php\/wp-json\/wp\/v2\/pages"}],"about":[{"href":"https:\/\/cs-mihaileni.md\/index.php\/wp-json\/wp\/v2\/types\/page"}],"author":[{"embeddable":true,"href":"https:\/\/cs-mihaileni.md\/index.php\/wp-json\/wp\/v2\/users\/1"}],"replies":[{"embeddable":true,"href":"https:\/\/cs-mihaileni.md\/index.php\/wp-json\/wp\/v2\/comments?post=118"}],"version-history":[{"count":3,"href":"https:\/\/cs-mihaileni.md\/index.php\/wp-json\/wp\/v2\/pages\/118\/revisions"}],"predecessor-version":[{"id":697,"href":"https:\/\/cs-mihaileni.md\/index.php\/wp-json\/wp\/v2\/pages\/118\/revisions\/697"}],"wp:featuredmedia":[{"embeddable":true,"href":"https:\/\/cs-mihaileni.md\/index.php\/wp-json\/wp\/v2\/media\/367"}],"wp:attachment":[{"href":"https:\/\/cs-mihaileni.md\/index.php\/wp-json\/wp\/v2\/media?parent=118"}],"curies":[{"name":"wp","href":"https:\/\/api.w.org\/{rel}","templated":true}]}}