{"id":126,"date":"2021-03-13T07:20:00","date_gmt":"2021-03-13T07:20:00","guid":{"rendered":"http:\/\/demo.acmethemes.com\/medical-circle\/?page_id=94"},"modified":"2022-01-24T23:33:10","modified_gmt":"2022-01-24T23:33:10","slug":"cum-se-face-o-programare","status":"publish","type":"page","link":"https:\/\/cs-mihaileni.md\/index.php\/cum-se-face-o-programare\/","title":{"rendered":"Cum se face o programare?"},"content":{"rendered":"<p>La moment program\u0103rile sunt efectuate cu ajutorul portalului na\u021bional de programare la medic online, la telefon sau la registratura centrului de s\u0103n\u0103tate.<\/p>\n<p>Pentru programare online accesa\u021bi butonul albastru din dreapta sus \u201dProgrameaz\u0103-te acum\u201d.<\/p>\n","protected":false},"excerpt":{"rendered":"<p>La moment program\u0103rile sunt efectuate cu ajutorul portalului na\u021bional de programare la medic online, la telefon sau la registratura centrului de s\u0103n\u0103tate. Pentru programare online accesa\u021bi butonul albastru din dreapta sus \u201dProgrameaz\u0103-te acum\u201d.<\/p>\n","protected":false},"author":1,"featured_media":0,"parent":0,"menu_order":0,"comment_status":"closed","ping_status":"closed","template":"","meta":{"_monsterinsights_skip_tracking":false,"_monsterinsights_sitenote_active":false,"_monsterinsights_sitenote_note":"","_monsterinsights_sitenote_category":0,"footnotes":""},"class_list":["post-126","page","type-page","status-publish","hentry"],"yoast_head":"<!-- This site is optimized with the Yoast SEO plugin v27.4 - https:\/\/yoast.com\/product\/yoast-seo-wordpress\/ -->\n<title>Cum se face o programare? - Centrul de S\u0103n\u0103tate Mih\u0103ileni<\/title>\n<meta name=\"robots\" content=\"index, follow, max-snippet:-1, max-image-preview:large, max-video-preview:-1\" \/>\n<link rel=\"canonical\" href=\"https:\/\/cs-mihaileni.md\/index.php\/cum-se-face-o-programare\/\" \/>\n<meta property=\"og:locale\" content=\"ro_RO\" \/>\n<meta property=\"og:type\" content=\"article\" \/>\n<meta property=\"og:title\" content=\"Cum se face o programare? - Centrul de S\u0103n\u0103tate Mih\u0103ileni\" \/>\n<meta property=\"og:description\" content=\"La moment program\u0103rile sunt efectuate cu ajutorul portalului na\u021bional de programare la medic online, la telefon sau la registratura centrului de s\u0103n\u0103tate. Pentru programare online accesa\u021bi butonul albastru din dreapta sus \u201dProgrameaz\u0103-te acum\u201d.\" \/>\n<meta property=\"og:url\" content=\"https:\/\/cs-mihaileni.md\/index.php\/cum-se-face-o-programare\/\" \/>\n<meta property=\"og:site_name\" content=\"Centrul de S\u0103n\u0103tate Mih\u0103ileni\" \/>\n<meta property=\"article:modified_time\" content=\"2022-01-24T23:33:10+00:00\" \/>\n<meta name=\"twitter:card\" content=\"summary_large_image\" \/>\n<meta name=\"twitter:label1\" content=\"Timp estimat pentru citire\" \/>\n\t<meta name=\"twitter:data1\" content=\"1 minut\" \/>\n<script type=\"application\/ld+json\" class=\"yoast-schema-graph\">{\"@context\":\"https:\\\/\\\/schema.org\",\"@graph\":[{\"@type\":\"WebPage\",\"@id\":\"https:\\\/\\\/cs-mihaileni.md\\\/index.php\\\/cum-se-face-o-programare\\\/\",\"url\":\"https:\\\/\\\/cs-mihaileni.md\\\/index.php\\\/cum-se-face-o-programare\\\/\",\"name\":\"Cum se face o programare? - Centrul de S\u0103n\u0103tate Mih\u0103ileni\",\"isPartOf\":{\"@id\":\"https:\\\/\\\/cs-mihaileni.md\\\/#website\"},\"datePublished\":\"2021-03-13T07:20:00+00:00\",\"dateModified\":\"2022-01-24T23:33:10+00:00\",\"breadcrumb\":{\"@id\":\"https:\\\/\\\/cs-mihaileni.md\\\/index.php\\\/cum-se-face-o-programare\\\/#breadcrumb\"},\"inLanguage\":\"ro-RO\",\"potentialAction\":[{\"@type\":\"ReadAction\",\"target\":[\"https:\\\/\\\/cs-mihaileni.md\\\/index.php\\\/cum-se-face-o-programare\\\/\"]}]},{\"@type\":\"BreadcrumbList\",\"@id\":\"https:\\\/\\\/cs-mihaileni.md\\\/index.php\\\/cum-se-face-o-programare\\\/#breadcrumb\",\"itemListElement\":[{\"@type\":\"ListItem\",\"position\":1,\"name\":\"Prima pagin\u0103\",\"item\":\"https:\\\/\\\/cs-mihaileni.md\\\/\"},{\"@type\":\"ListItem\",\"position\":2,\"name\":\"Cum se face o programare?\"}]},{\"@type\":\"WebSite\",\"@id\":\"https:\\\/\\\/cs-mihaileni.md\\\/#website\",\"url\":\"https:\\\/\\\/cs-mihaileni.md\\\/\",\"name\":\"Centrul de S\u0103n\u0103tate Mih\u0103ileni\",\"description\":\"Institu\u0163ie Medico-Sanitar\u0103 Public\u0103\",\"potentialAction\":[{\"@type\":\"SearchAction\",\"target\":{\"@type\":\"EntryPoint\",\"urlTemplate\":\"https:\\\/\\\/cs-mihaileni.md\\\/?s={search_term_string}\"},\"query-input\":{\"@type\":\"PropertyValueSpecification\",\"valueRequired\":true,\"valueName\":\"search_term_string\"}}],\"inLanguage\":\"ro-RO\"}]}<\/script>\n<!-- \/ Yoast SEO plugin. -->","yoast_head_json":{"title":"Cum se face o programare? - Centrul de S\u0103n\u0103tate Mih\u0103ileni","robots":{"index":"index","follow":"follow","max-snippet":"max-snippet:-1","max-image-preview":"max-image-preview:large","max-video-preview":"max-video-preview:-1"},"canonical":"https:\/\/cs-mihaileni.md\/index.php\/cum-se-face-o-programare\/","og_locale":"ro_RO","og_type":"article","og_title":"Cum se face o programare? - Centrul de S\u0103n\u0103tate Mih\u0103ileni","og_description":"La moment program\u0103rile sunt efectuate cu ajutorul portalului na\u021bional de programare la medic online, la telefon sau la registratura centrului de s\u0103n\u0103tate. Pentru programare online accesa\u021bi butonul albastru din dreapta sus \u201dProgrameaz\u0103-te acum\u201d.","og_url":"https:\/\/cs-mihaileni.md\/index.php\/cum-se-face-o-programare\/","og_site_name":"Centrul de S\u0103n\u0103tate Mih\u0103ileni","article_modified_time":"2022-01-24T23:33:10+00:00","twitter_card":"summary_large_image","twitter_misc":{"Timp estimat pentru citire":"1 minut"},"schema":{"@context":"https:\/\/schema.org","@graph":[{"@type":"WebPage","@id":"https:\/\/cs-mihaileni.md\/index.php\/cum-se-face-o-programare\/","url":"https:\/\/cs-mihaileni.md\/index.php\/cum-se-face-o-programare\/","name":"Cum se face o programare? - Centrul de S\u0103n\u0103tate Mih\u0103ileni","isPartOf":{"@id":"https:\/\/cs-mihaileni.md\/#website"},"datePublished":"2021-03-13T07:20:00+00:00","dateModified":"2022-01-24T23:33:10+00:00","breadcrumb":{"@id":"https:\/\/cs-mihaileni.md\/index.php\/cum-se-face-o-programare\/#breadcrumb"},"inLanguage":"ro-RO","potentialAction":[{"@type":"ReadAction","target":["https:\/\/cs-mihaileni.md\/index.php\/cum-se-face-o-programare\/"]}]},{"@type":"BreadcrumbList","@id":"https:\/\/cs-mihaileni.md\/index.php\/cum-se-face-o-programare\/#breadcrumb","itemListElement":[{"@type":"ListItem","position":1,"name":"Prima pagin\u0103","item":"https:\/\/cs-mihaileni.md\/"},{"@type":"ListItem","position":2,"name":"Cum se face o programare?"}]},{"@type":"WebSite","@id":"https:\/\/cs-mihaileni.md\/#website","url":"https:\/\/cs-mihaileni.md\/","name":"Centrul de S\u0103n\u0103tate Mih\u0103ileni","description":"Institu\u0163ie Medico-Sanitar\u0103 Public\u0103","potentialAction":[{"@type":"SearchAction","target":{"@type":"EntryPoint","urlTemplate":"https:\/\/cs-mihaileni.md\/?s={search_term_string}"},"query-input":{"@type":"PropertyValueSpecification","valueRequired":true,"valueName":"search_term_string"}}],"inLanguage":"ro-RO"}]}},"_links":{"self":[{"href":"https:\/\/cs-mihaileni.md\/index.php\/wp-json\/wp\/v2\/pages\/126","targetHints":{"allow":["GET"]}}],"collection":[{"href":"https:\/\/cs-mihaileni.md\/index.php\/wp-json\/wp\/v2\/pages"}],"about":[{"href":"https:\/\/cs-mihaileni.md\/index.php\/wp-json\/wp\/v2\/types\/page"}],"author":[{"embeddable":true,"href":"https:\/\/cs-mihaileni.md\/index.php\/wp-json\/wp\/v2\/users\/1"}],"replies":[{"embeddable":true,"href":"https:\/\/cs-mihaileni.md\/index.php\/wp-json\/wp\/v2\/comments?post=126"}],"version-history":[{"count":3,"href":"https:\/\/cs-mihaileni.md\/index.php\/wp-json\/wp\/v2\/pages\/126\/revisions"}],"predecessor-version":[{"id":617,"href":"https:\/\/cs-mihaileni.md\/index.php\/wp-json\/wp\/v2\/pages\/126\/revisions\/617"}],"wp:attachment":[{"href":"https:\/\/cs-mihaileni.md\/index.php\/wp-json\/wp\/v2\/media?parent=126"}],"curies":[{"name":"wp","href":"https:\/\/api.w.org\/{rel}","templated":true}]}}