{"id":140,"date":"2021-03-12T18:58:11","date_gmt":"2021-03-12T18:58:11","guid":{"rendered":"http:\/\/demo.acmethemes.com\/medical-circle\/?page_id=80"},"modified":"2021-03-15T19:37:05","modified_gmt":"2021-03-15T19:37:05","slug":"24-7-asistenta-medicala-urgenta","status":"publish","type":"page","link":"https:\/\/cs-mihaileni.md\/index.php\/24-7-asistenta-medicala-urgenta\/","title":{"rendered":"24\/7 Asisten\u021b\u0103 medical\u0103 urgent\u0103"},"content":{"rendered":"<p class=\"vc_custom_heading lead\">112 este num\u0103rul unic pentru apelurile de urgen\u021b\u0103 activ \u00een toate statele membre ale Uniunii Europene. Func\u021bioneaz\u0103 \u00een regim non-stop \u0219i poate fi apelat absolut gratuit de fiecare cet\u0103\u021bean de pe telefonul fix \u0219i mobil.<\/p>\n<p class=\"vc_custom_heading m-b-xl\">Serviciul na\u021bional unic pentru apelurile de urgen\u021b\u0103 112 activeaz\u0103 \u00een beneficiul public \u0219i are menirea s\u0103 asigure \u00een mod unitar, profesionist, ap\u0103rarea vie\u021bii \u0219i s\u0103n\u0103t\u0103\u021bii popula\u021biei pe \u00eentreg teritoriul Republicii Moldova<\/p>\n<div class=\"wpb_text_column wpb_content_element  wpb_animate_when_almost_visible wpb_top-to-bottom wpb_start_animation\">\n<div class=\"wpb_wrapper\">\n<p>Structura organiza\u021bional\u0103 a Serviciului 112 este individual\u0103 pentru fiecare \u021bar\u0103 \u00een parte, av\u00e2nd \u00een vedere forma de organizare teritorial-administrativ\u0103, caracteristicile geografice \u0219i alte necesit\u0103\u021bi individuale, \u00eens\u0103 scopul principal r\u0103m\u00e2ne acela de a interveni prompt \u00een situa\u021bii de urgen\u021b\u0103 \u0219i de a oferi asisten\u021b\u0103 calificat\u0103 dup\u0103 necesitate<\/p>\n<\/div>\n<\/div>\n\n\n<p><\/p>\n","protected":false},"excerpt":{"rendered":"<p>Num\u0103rul unic pentru apeluri de urgen\u021b\u0103 112 se apeleaz\u0103 atunci c\u00e2nd este necesar\u0103 interven\u021bia ambulan\u021bei, poli\u021biei, pompierilor pentru asigurarea asisten\u021bei imediate \u00een situa\u021bii de urgen\u021b\u0103.<\/p>\n","protected":false},"author":1,"featured_media":0,"parent":0,"menu_order":0,"comment_status":"closed","ping_status":"closed","template":"","meta":{"_monsterinsights_skip_tracking":false,"_monsterinsights_sitenote_active":false,"_monsterinsights_sitenote_note":"","_monsterinsights_sitenote_category":0,"footnotes":""},"class_list":["post-140","page","type-page","status-publish","hentry"],"yoast_head":"<!-- This site is optimized with the Yoast SEO plugin v27.4 - https:\/\/yoast.com\/product\/yoast-seo-wordpress\/ -->\n<title>24\/7 Asisten\u021b\u0103 medical\u0103 urgent\u0103 - Centrul de S\u0103n\u0103tate Mih\u0103ileni<\/title>\n<meta name=\"robots\" content=\"index, follow, max-snippet:-1, max-image-preview:large, max-video-preview:-1\" \/>\n<link rel=\"canonical\" href=\"https:\/\/cs-mihaileni.md\/index.php\/24-7-asistenta-medicala-urgenta\/\" \/>\n<meta property=\"og:locale\" content=\"ro_RO\" \/>\n<meta property=\"og:type\" content=\"article\" \/>\n<meta property=\"og:title\" content=\"24\/7 Asisten\u021b\u0103 medical\u0103 urgent\u0103 - Centrul de S\u0103n\u0103tate Mih\u0103ileni\" \/>\n<meta property=\"og:description\" content=\"Num\u0103rul unic pentru apeluri de urgen\u021b\u0103 112 se apeleaz\u0103 atunci c\u00e2nd este necesar\u0103 interven\u021bia ambulan\u021bei, poli\u021biei, pompierilor pentru asigurarea asisten\u021bei imediate \u00een situa\u021bii de urgen\u021b\u0103.\" \/>\n<meta property=\"og:url\" content=\"https:\/\/cs-mihaileni.md\/index.php\/24-7-asistenta-medicala-urgenta\/\" \/>\n<meta property=\"og:site_name\" content=\"Centrul de S\u0103n\u0103tate Mih\u0103ileni\" \/>\n<meta property=\"article:modified_time\" content=\"2021-03-15T19:37:05+00:00\" \/>\n<meta name=\"twitter:card\" content=\"summary_large_image\" \/>\n<meta name=\"twitter:label1\" content=\"Timp estimat pentru citire\" \/>\n\t<meta name=\"twitter:data1\" content=\"1 minut\" \/>\n<script type=\"application\/ld+json\" class=\"yoast-schema-graph\">{\"@context\":\"https:\\\/\\\/schema.org\",\"@graph\":[{\"@type\":\"WebPage\",\"@id\":\"https:\\\/\\\/cs-mihaileni.md\\\/index.php\\\/24-7-asistenta-medicala-urgenta\\\/\",\"url\":\"https:\\\/\\\/cs-mihaileni.md\\\/index.php\\\/24-7-asistenta-medicala-urgenta\\\/\",\"name\":\"24\\\/7 Asisten\u021b\u0103 medical\u0103 urgent\u0103 - Centrul de S\u0103n\u0103tate Mih\u0103ileni\",\"isPartOf\":{\"@id\":\"https:\\\/\\\/cs-mihaileni.md\\\/#website\"},\"datePublished\":\"2021-03-12T18:58:11+00:00\",\"dateModified\":\"2021-03-15T19:37:05+00:00\",\"breadcrumb\":{\"@id\":\"https:\\\/\\\/cs-mihaileni.md\\\/index.php\\\/24-7-asistenta-medicala-urgenta\\\/#breadcrumb\"},\"inLanguage\":\"ro-RO\",\"potentialAction\":[{\"@type\":\"ReadAction\",\"target\":[\"https:\\\/\\\/cs-mihaileni.md\\\/index.php\\\/24-7-asistenta-medicala-urgenta\\\/\"]}]},{\"@type\":\"BreadcrumbList\",\"@id\":\"https:\\\/\\\/cs-mihaileni.md\\\/index.php\\\/24-7-asistenta-medicala-urgenta\\\/#breadcrumb\",\"itemListElement\":[{\"@type\":\"ListItem\",\"position\":1,\"name\":\"Prima pagin\u0103\",\"item\":\"https:\\\/\\\/cs-mihaileni.md\\\/\"},{\"@type\":\"ListItem\",\"position\":2,\"name\":\"24\\\/7 Asisten\u021b\u0103 medical\u0103 urgent\u0103\"}]},{\"@type\":\"WebSite\",\"@id\":\"https:\\\/\\\/cs-mihaileni.md\\\/#website\",\"url\":\"https:\\\/\\\/cs-mihaileni.md\\\/\",\"name\":\"Centrul de S\u0103n\u0103tate Mih\u0103ileni\",\"description\":\"Institu\u0163ie Medico-Sanitar\u0103 Public\u0103\",\"potentialAction\":[{\"@type\":\"SearchAction\",\"target\":{\"@type\":\"EntryPoint\",\"urlTemplate\":\"https:\\\/\\\/cs-mihaileni.md\\\/?s={search_term_string}\"},\"query-input\":{\"@type\":\"PropertyValueSpecification\",\"valueRequired\":true,\"valueName\":\"search_term_string\"}}],\"inLanguage\":\"ro-RO\"}]}<\/script>\n<!-- \/ Yoast SEO plugin. -->","yoast_head_json":{"title":"24\/7 Asisten\u021b\u0103 medical\u0103 urgent\u0103 - Centrul de S\u0103n\u0103tate Mih\u0103ileni","robots":{"index":"index","follow":"follow","max-snippet":"max-snippet:-1","max-image-preview":"max-image-preview:large","max-video-preview":"max-video-preview:-1"},"canonical":"https:\/\/cs-mihaileni.md\/index.php\/24-7-asistenta-medicala-urgenta\/","og_locale":"ro_RO","og_type":"article","og_title":"24\/7 Asisten\u021b\u0103 medical\u0103 urgent\u0103 - Centrul de S\u0103n\u0103tate Mih\u0103ileni","og_description":"Num\u0103rul unic pentru apeluri de urgen\u021b\u0103 112 se apeleaz\u0103 atunci c\u00e2nd este necesar\u0103 interven\u021bia ambulan\u021bei, poli\u021biei, pompierilor pentru asigurarea asisten\u021bei imediate \u00een situa\u021bii de urgen\u021b\u0103.","og_url":"https:\/\/cs-mihaileni.md\/index.php\/24-7-asistenta-medicala-urgenta\/","og_site_name":"Centrul de S\u0103n\u0103tate Mih\u0103ileni","article_modified_time":"2021-03-15T19:37:05+00:00","twitter_card":"summary_large_image","twitter_misc":{"Timp estimat pentru citire":"1 minut"},"schema":{"@context":"https:\/\/schema.org","@graph":[{"@type":"WebPage","@id":"https:\/\/cs-mihaileni.md\/index.php\/24-7-asistenta-medicala-urgenta\/","url":"https:\/\/cs-mihaileni.md\/index.php\/24-7-asistenta-medicala-urgenta\/","name":"24\/7 Asisten\u021b\u0103 medical\u0103 urgent\u0103 - Centrul de S\u0103n\u0103tate Mih\u0103ileni","isPartOf":{"@id":"https:\/\/cs-mihaileni.md\/#website"},"datePublished":"2021-03-12T18:58:11+00:00","dateModified":"2021-03-15T19:37:05+00:00","breadcrumb":{"@id":"https:\/\/cs-mihaileni.md\/index.php\/24-7-asistenta-medicala-urgenta\/#breadcrumb"},"inLanguage":"ro-RO","potentialAction":[{"@type":"ReadAction","target":["https:\/\/cs-mihaileni.md\/index.php\/24-7-asistenta-medicala-urgenta\/"]}]},{"@type":"BreadcrumbList","@id":"https:\/\/cs-mihaileni.md\/index.php\/24-7-asistenta-medicala-urgenta\/#breadcrumb","itemListElement":[{"@type":"ListItem","position":1,"name":"Prima pagin\u0103","item":"https:\/\/cs-mihaileni.md\/"},{"@type":"ListItem","position":2,"name":"24\/7 Asisten\u021b\u0103 medical\u0103 urgent\u0103"}]},{"@type":"WebSite","@id":"https:\/\/cs-mihaileni.md\/#website","url":"https:\/\/cs-mihaileni.md\/","name":"Centrul de S\u0103n\u0103tate Mih\u0103ileni","description":"Institu\u0163ie Medico-Sanitar\u0103 Public\u0103","potentialAction":[{"@type":"SearchAction","target":{"@type":"EntryPoint","urlTemplate":"https:\/\/cs-mihaileni.md\/?s={search_term_string}"},"query-input":{"@type":"PropertyValueSpecification","valueRequired":true,"valueName":"search_term_string"}}],"inLanguage":"ro-RO"}]}},"_links":{"self":[{"href":"https:\/\/cs-mihaileni.md\/index.php\/wp-json\/wp\/v2\/pages\/140","targetHints":{"allow":["GET"]}}],"collection":[{"href":"https:\/\/cs-mihaileni.md\/index.php\/wp-json\/wp\/v2\/pages"}],"about":[{"href":"https:\/\/cs-mihaileni.md\/index.php\/wp-json\/wp\/v2\/types\/page"}],"author":[{"embeddable":true,"href":"https:\/\/cs-mihaileni.md\/index.php\/wp-json\/wp\/v2\/users\/1"}],"replies":[{"embeddable":true,"href":"https:\/\/cs-mihaileni.md\/index.php\/wp-json\/wp\/v2\/comments?post=140"}],"version-history":[{"count":5,"href":"https:\/\/cs-mihaileni.md\/index.php\/wp-json\/wp\/v2\/pages\/140\/revisions"}],"predecessor-version":[{"id":343,"href":"https:\/\/cs-mihaileni.md\/index.php\/wp-json\/wp\/v2\/pages\/140\/revisions\/343"}],"wp:attachment":[{"href":"https:\/\/cs-mihaileni.md\/index.php\/wp-json\/wp\/v2\/media?parent=140"}],"curies":[{"name":"wp","href":"https:\/\/api.w.org\/{rel}","templated":true}]}}