{"id":144,"date":"2021-03-12T18:42:00","date_gmt":"2021-03-12T18:42:00","guid":{"rendered":"http:\/\/demo.acmethemes.com\/medical-circle\/?page_id=65"},"modified":"2021-03-15T19:47:18","modified_gmt":"2021-03-15T19:47:18","slug":"transportul","status":"publish","type":"page","link":"https:\/\/cs-mihaileni.md\/index.php\/transportul\/","title":{"rendered":"Transportul"},"content":{"rendered":"<p>\u00cen anul 2008, CS Mih\u0103ileni prime\u0219te o ma\u0219in\u0103 de serviciu nou\u0103, menit\u0103 pentru a asigura localit\u0103\u021bii asisten\u021b\u0103 medical\u0103 primar\u0103.<\/p>\n","protected":false},"excerpt":{"rendered":"<p>\u00cen anul 2008, CS Mih\u0103ileni prime\u0219te o ma\u0219in\u0103 de serviciu nou\u0103, menit\u0103 pentru a asigura localit\u0103\u021bii asisten\u021b\u0103 medical\u0103 primar\u0103.<\/p>\n","protected":false},"author":1,"featured_media":333,"parent":0,"menu_order":0,"comment_status":"closed","ping_status":"closed","template":"","meta":{"_monsterinsights_skip_tracking":false,"_monsterinsights_sitenote_active":false,"_monsterinsights_sitenote_note":"","_monsterinsights_sitenote_category":0,"footnotes":""},"class_list":["post-144","page","type-page","status-publish","has-post-thumbnail","hentry"],"yoast_head":"<!-- This site is optimized with the Yoast SEO plugin v27.4 - https:\/\/yoast.com\/product\/yoast-seo-wordpress\/ -->\n<title>Transportul - Centrul de S\u0103n\u0103tate Mih\u0103ileni<\/title>\n<meta name=\"robots\" content=\"index, follow, max-snippet:-1, max-image-preview:large, max-video-preview:-1\" \/>\n<link rel=\"canonical\" href=\"https:\/\/cs-mihaileni.md\/index.php\/transportul\/\" \/>\n<meta property=\"og:locale\" content=\"ro_RO\" \/>\n<meta property=\"og:type\" content=\"article\" \/>\n<meta property=\"og:title\" content=\"Transportul - Centrul de S\u0103n\u0103tate Mih\u0103ileni\" \/>\n<meta property=\"og:description\" content=\"\u00cen anul 2008, CS Mih\u0103ileni prime\u0219te o ma\u0219in\u0103 de serviciu nou\u0103, menit\u0103 pentru a asigura localit\u0103\u021bii asisten\u021b\u0103 medical\u0103 primar\u0103.\" \/>\n<meta property=\"og:url\" content=\"https:\/\/cs-mihaileni.md\/index.php\/transportul\/\" \/>\n<meta property=\"og:site_name\" content=\"Centrul de S\u0103n\u0103tate Mih\u0103ileni\" \/>\n<meta property=\"article:modified_time\" content=\"2021-03-15T19:47:18+00:00\" \/>\n<meta property=\"og:image\" content=\"https:\/\/cs-mihaileni.md\/wp-content\/uploads\/2021\/03\/Imagine2-e1615595638446.jpg\" \/>\n\t<meta property=\"og:image:width\" content=\"325\" \/>\n\t<meta property=\"og:image:height\" content=\"215\" \/>\n\t<meta property=\"og:image:type\" content=\"image\/jpeg\" \/>\n<meta name=\"twitter:card\" content=\"summary_large_image\" \/>\n<script type=\"application\/ld+json\" class=\"yoast-schema-graph\">{\"@context\":\"https:\\\/\\\/schema.org\",\"@graph\":[{\"@type\":\"WebPage\",\"@id\":\"https:\\\/\\\/cs-mihaileni.md\\\/index.php\\\/transportul\\\/\",\"url\":\"https:\\\/\\\/cs-mihaileni.md\\\/index.php\\\/transportul\\\/\",\"name\":\"Transportul - Centrul de S\u0103n\u0103tate Mih\u0103ileni\",\"isPartOf\":{\"@id\":\"https:\\\/\\\/cs-mihaileni.md\\\/#website\"},\"primaryImageOfPage\":{\"@id\":\"https:\\\/\\\/cs-mihaileni.md\\\/index.php\\\/transportul\\\/#primaryimage\"},\"image\":{\"@id\":\"https:\\\/\\\/cs-mihaileni.md\\\/index.php\\\/transportul\\\/#primaryimage\"},\"thumbnailUrl\":\"https:\\\/\\\/cs-mihaileni.md\\\/wp-content\\\/uploads\\\/2021\\\/03\\\/Imagine2-e1615595638446.jpg\",\"datePublished\":\"2021-03-12T18:42:00+00:00\",\"dateModified\":\"2021-03-15T19:47:18+00:00\",\"breadcrumb\":{\"@id\":\"https:\\\/\\\/cs-mihaileni.md\\\/index.php\\\/transportul\\\/#breadcrumb\"},\"inLanguage\":\"ro-RO\",\"potentialAction\":[{\"@type\":\"ReadAction\",\"target\":[\"https:\\\/\\\/cs-mihaileni.md\\\/index.php\\\/transportul\\\/\"]}]},{\"@type\":\"ImageObject\",\"inLanguage\":\"ro-RO\",\"@id\":\"https:\\\/\\\/cs-mihaileni.md\\\/index.php\\\/transportul\\\/#primaryimage\",\"url\":\"https:\\\/\\\/cs-mihaileni.md\\\/wp-content\\\/uploads\\\/2021\\\/03\\\/Imagine2-e1615595638446.jpg\",\"contentUrl\":\"https:\\\/\\\/cs-mihaileni.md\\\/wp-content\\\/uploads\\\/2021\\\/03\\\/Imagine2-e1615595638446.jpg\",\"width\":325,\"height\":215},{\"@type\":\"BreadcrumbList\",\"@id\":\"https:\\\/\\\/cs-mihaileni.md\\\/index.php\\\/transportul\\\/#breadcrumb\",\"itemListElement\":[{\"@type\":\"ListItem\",\"position\":1,\"name\":\"Prima pagin\u0103\",\"item\":\"https:\\\/\\\/cs-mihaileni.md\\\/\"},{\"@type\":\"ListItem\",\"position\":2,\"name\":\"Transportul\"}]},{\"@type\":\"WebSite\",\"@id\":\"https:\\\/\\\/cs-mihaileni.md\\\/#website\",\"url\":\"https:\\\/\\\/cs-mihaileni.md\\\/\",\"name\":\"Centrul de S\u0103n\u0103tate Mih\u0103ileni\",\"description\":\"Institu\u0163ie Medico-Sanitar\u0103 Public\u0103\",\"potentialAction\":[{\"@type\":\"SearchAction\",\"target\":{\"@type\":\"EntryPoint\",\"urlTemplate\":\"https:\\\/\\\/cs-mihaileni.md\\\/?s={search_term_string}\"},\"query-input\":{\"@type\":\"PropertyValueSpecification\",\"valueRequired\":true,\"valueName\":\"search_term_string\"}}],\"inLanguage\":\"ro-RO\"}]}<\/script>\n<!-- \/ Yoast SEO plugin. -->","yoast_head_json":{"title":"Transportul - Centrul de S\u0103n\u0103tate Mih\u0103ileni","robots":{"index":"index","follow":"follow","max-snippet":"max-snippet:-1","max-image-preview":"max-image-preview:large","max-video-preview":"max-video-preview:-1"},"canonical":"https:\/\/cs-mihaileni.md\/index.php\/transportul\/","og_locale":"ro_RO","og_type":"article","og_title":"Transportul - Centrul de S\u0103n\u0103tate Mih\u0103ileni","og_description":"\u00cen anul 2008, CS Mih\u0103ileni prime\u0219te o ma\u0219in\u0103 de serviciu nou\u0103, menit\u0103 pentru a asigura localit\u0103\u021bii asisten\u021b\u0103 medical\u0103 primar\u0103.","og_url":"https:\/\/cs-mihaileni.md\/index.php\/transportul\/","og_site_name":"Centrul de S\u0103n\u0103tate Mih\u0103ileni","article_modified_time":"2021-03-15T19:47:18+00:00","og_image":[{"width":325,"height":215,"url":"https:\/\/cs-mihaileni.md\/wp-content\/uploads\/2021\/03\/Imagine2-e1615595638446.jpg","type":"image\/jpeg"}],"twitter_card":"summary_large_image","schema":{"@context":"https:\/\/schema.org","@graph":[{"@type":"WebPage","@id":"https:\/\/cs-mihaileni.md\/index.php\/transportul\/","url":"https:\/\/cs-mihaileni.md\/index.php\/transportul\/","name":"Transportul - Centrul de S\u0103n\u0103tate Mih\u0103ileni","isPartOf":{"@id":"https:\/\/cs-mihaileni.md\/#website"},"primaryImageOfPage":{"@id":"https:\/\/cs-mihaileni.md\/index.php\/transportul\/#primaryimage"},"image":{"@id":"https:\/\/cs-mihaileni.md\/index.php\/transportul\/#primaryimage"},"thumbnailUrl":"https:\/\/cs-mihaileni.md\/wp-content\/uploads\/2021\/03\/Imagine2-e1615595638446.jpg","datePublished":"2021-03-12T18:42:00+00:00","dateModified":"2021-03-15T19:47:18+00:00","breadcrumb":{"@id":"https:\/\/cs-mihaileni.md\/index.php\/transportul\/#breadcrumb"},"inLanguage":"ro-RO","potentialAction":[{"@type":"ReadAction","target":["https:\/\/cs-mihaileni.md\/index.php\/transportul\/"]}]},{"@type":"ImageObject","inLanguage":"ro-RO","@id":"https:\/\/cs-mihaileni.md\/index.php\/transportul\/#primaryimage","url":"https:\/\/cs-mihaileni.md\/wp-content\/uploads\/2021\/03\/Imagine2-e1615595638446.jpg","contentUrl":"https:\/\/cs-mihaileni.md\/wp-content\/uploads\/2021\/03\/Imagine2-e1615595638446.jpg","width":325,"height":215},{"@type":"BreadcrumbList","@id":"https:\/\/cs-mihaileni.md\/index.php\/transportul\/#breadcrumb","itemListElement":[{"@type":"ListItem","position":1,"name":"Prima pagin\u0103","item":"https:\/\/cs-mihaileni.md\/"},{"@type":"ListItem","position":2,"name":"Transportul"}]},{"@type":"WebSite","@id":"https:\/\/cs-mihaileni.md\/#website","url":"https:\/\/cs-mihaileni.md\/","name":"Centrul de S\u0103n\u0103tate Mih\u0103ileni","description":"Institu\u0163ie Medico-Sanitar\u0103 Public\u0103","potentialAction":[{"@type":"SearchAction","target":{"@type":"EntryPoint","urlTemplate":"https:\/\/cs-mihaileni.md\/?s={search_term_string}"},"query-input":{"@type":"PropertyValueSpecification","valueRequired":true,"valueName":"search_term_string"}}],"inLanguage":"ro-RO"}]}},"_links":{"self":[{"href":"https:\/\/cs-mihaileni.md\/index.php\/wp-json\/wp\/v2\/pages\/144","targetHints":{"allow":["GET"]}}],"collection":[{"href":"https:\/\/cs-mihaileni.md\/index.php\/wp-json\/wp\/v2\/pages"}],"about":[{"href":"https:\/\/cs-mihaileni.md\/index.php\/wp-json\/wp\/v2\/types\/page"}],"author":[{"embeddable":true,"href":"https:\/\/cs-mihaileni.md\/index.php\/wp-json\/wp\/v2\/users\/1"}],"replies":[{"embeddable":true,"href":"https:\/\/cs-mihaileni.md\/index.php\/wp-json\/wp\/v2\/comments?post=144"}],"version-history":[{"count":2,"href":"https:\/\/cs-mihaileni.md\/index.php\/wp-json\/wp\/v2\/pages\/144\/revisions"}],"predecessor-version":[{"id":334,"href":"https:\/\/cs-mihaileni.md\/index.php\/wp-json\/wp\/v2\/pages\/144\/revisions\/334"}],"wp:featuredmedia":[{"embeddable":true,"href":"https:\/\/cs-mihaileni.md\/index.php\/wp-json\/wp\/v2\/media\/333"}],"wp:attachment":[{"href":"https:\/\/cs-mihaileni.md\/index.php\/wp-json\/wp\/v2\/media?parent=144"}],"curies":[{"name":"wp","href":"https:\/\/api.w.org\/{rel}","templated":true}]}}