{"id":146,"date":"2021-03-12T18:40:36","date_gmt":"2021-03-12T18:40:36","guid":{"rendered":"http:\/\/demo.acmethemes.com\/medical-circle\/?page_id=62"},"modified":"2021-03-15T20:49:29","modified_gmt":"2021-03-15T20:49:29","slug":"cladire-moderna","status":"publish","type":"page","link":"https:\/\/cs-mihaileni.md\/index.php\/cladire-moderna\/","title":{"rendered":"Cl\u0103direa modern\u0103"},"content":{"rendered":"<p>Institu\u021bia beneficiaz\u0103 de cl\u0103dire nou\u0103 din iulie 2013, datorit\u0103 unui proiect implementat de banca mondial\u0103.<\/p>\n","protected":false},"excerpt":{"rendered":"<p>Institu\u021bia beneficiaz\u0103 de cl\u0103dire nou\u0103 din iulie 2013, datorit\u0103 unui proiect implementat de banca mondial\u0103.<\/p>\n","protected":false},"author":1,"featured_media":331,"parent":0,"menu_order":0,"comment_status":"closed","ping_status":"closed","template":"","meta":{"_monsterinsights_skip_tracking":false,"_monsterinsights_sitenote_active":false,"_monsterinsights_sitenote_note":"","_monsterinsights_sitenote_category":0,"footnotes":""},"class_list":["post-146","page","type-page","status-publish","has-post-thumbnail","hentry"],"yoast_head":"<!-- This site is optimized with the Yoast SEO plugin v27.4 - https:\/\/yoast.com\/product\/yoast-seo-wordpress\/ -->\n<title>Cl\u0103direa modern\u0103 - Centrul de S\u0103n\u0103tate Mih\u0103ileni<\/title>\n<meta name=\"robots\" content=\"index, follow, max-snippet:-1, max-image-preview:large, max-video-preview:-1\" \/>\n<link rel=\"canonical\" href=\"https:\/\/cs-mihaileni.md\/index.php\/cladire-moderna\/\" \/>\n<meta property=\"og:locale\" content=\"ro_RO\" \/>\n<meta property=\"og:type\" content=\"article\" \/>\n<meta property=\"og:title\" content=\"Cl\u0103direa modern\u0103 - Centrul de S\u0103n\u0103tate Mih\u0103ileni\" \/>\n<meta property=\"og:description\" content=\"Institu\u021bia beneficiaz\u0103 de cl\u0103dire nou\u0103 din iulie 2013, datorit\u0103 unui proiect implementat de banca mondial\u0103.\" \/>\n<meta property=\"og:url\" content=\"https:\/\/cs-mihaileni.md\/index.php\/cladire-moderna\/\" \/>\n<meta property=\"og:site_name\" content=\"Centrul de S\u0103n\u0103tate Mih\u0103ileni\" \/>\n<meta property=\"article:modified_time\" content=\"2021-03-15T20:49:29+00:00\" \/>\n<meta property=\"og:image\" content=\"https:\/\/cs-mihaileni.md\/wp-content\/uploads\/2021\/03\/Imagine1.jpg\" \/>\n\t<meta property=\"og:image:width\" content=\"1101\" \/>\n\t<meta property=\"og:image:height\" content=\"625\" \/>\n\t<meta property=\"og:image:type\" content=\"image\/jpeg\" \/>\n<meta name=\"twitter:card\" content=\"summary_large_image\" \/>\n<script type=\"application\/ld+json\" class=\"yoast-schema-graph\">{\"@context\":\"https:\\\/\\\/schema.org\",\"@graph\":[{\"@type\":\"WebPage\",\"@id\":\"https:\\\/\\\/cs-mihaileni.md\\\/index.php\\\/cladire-moderna\\\/\",\"url\":\"https:\\\/\\\/cs-mihaileni.md\\\/index.php\\\/cladire-moderna\\\/\",\"name\":\"Cl\u0103direa modern\u0103 - Centrul de S\u0103n\u0103tate Mih\u0103ileni\",\"isPartOf\":{\"@id\":\"https:\\\/\\\/cs-mihaileni.md\\\/#website\"},\"primaryImageOfPage\":{\"@id\":\"https:\\\/\\\/cs-mihaileni.md\\\/index.php\\\/cladire-moderna\\\/#primaryimage\"},\"image\":{\"@id\":\"https:\\\/\\\/cs-mihaileni.md\\\/index.php\\\/cladire-moderna\\\/#primaryimage\"},\"thumbnailUrl\":\"https:\\\/\\\/cs-mihaileni.md\\\/wp-content\\\/uploads\\\/2021\\\/03\\\/Imagine1.jpg\",\"datePublished\":\"2021-03-12T18:40:36+00:00\",\"dateModified\":\"2021-03-15T20:49:29+00:00\",\"breadcrumb\":{\"@id\":\"https:\\\/\\\/cs-mihaileni.md\\\/index.php\\\/cladire-moderna\\\/#breadcrumb\"},\"inLanguage\":\"ro-RO\",\"potentialAction\":[{\"@type\":\"ReadAction\",\"target\":[\"https:\\\/\\\/cs-mihaileni.md\\\/index.php\\\/cladire-moderna\\\/\"]}]},{\"@type\":\"ImageObject\",\"inLanguage\":\"ro-RO\",\"@id\":\"https:\\\/\\\/cs-mihaileni.md\\\/index.php\\\/cladire-moderna\\\/#primaryimage\",\"url\":\"https:\\\/\\\/cs-mihaileni.md\\\/wp-content\\\/uploads\\\/2021\\\/03\\\/Imagine1.jpg\",\"contentUrl\":\"https:\\\/\\\/cs-mihaileni.md\\\/wp-content\\\/uploads\\\/2021\\\/03\\\/Imagine1.jpg\",\"width\":1101,\"height\":625},{\"@type\":\"BreadcrumbList\",\"@id\":\"https:\\\/\\\/cs-mihaileni.md\\\/index.php\\\/cladire-moderna\\\/#breadcrumb\",\"itemListElement\":[{\"@type\":\"ListItem\",\"position\":1,\"name\":\"Prima pagin\u0103\",\"item\":\"https:\\\/\\\/cs-mihaileni.md\\\/\"},{\"@type\":\"ListItem\",\"position\":2,\"name\":\"Cl\u0103direa modern\u0103\"}]},{\"@type\":\"WebSite\",\"@id\":\"https:\\\/\\\/cs-mihaileni.md\\\/#website\",\"url\":\"https:\\\/\\\/cs-mihaileni.md\\\/\",\"name\":\"Centrul de S\u0103n\u0103tate Mih\u0103ileni\",\"description\":\"Institu\u0163ie Medico-Sanitar\u0103 Public\u0103\",\"potentialAction\":[{\"@type\":\"SearchAction\",\"target\":{\"@type\":\"EntryPoint\",\"urlTemplate\":\"https:\\\/\\\/cs-mihaileni.md\\\/?s={search_term_string}\"},\"query-input\":{\"@type\":\"PropertyValueSpecification\",\"valueRequired\":true,\"valueName\":\"search_term_string\"}}],\"inLanguage\":\"ro-RO\"}]}<\/script>\n<!-- \/ Yoast SEO plugin. -->","yoast_head_json":{"title":"Cl\u0103direa modern\u0103 - Centrul de S\u0103n\u0103tate Mih\u0103ileni","robots":{"index":"index","follow":"follow","max-snippet":"max-snippet:-1","max-image-preview":"max-image-preview:large","max-video-preview":"max-video-preview:-1"},"canonical":"https:\/\/cs-mihaileni.md\/index.php\/cladire-moderna\/","og_locale":"ro_RO","og_type":"article","og_title":"Cl\u0103direa modern\u0103 - Centrul de S\u0103n\u0103tate Mih\u0103ileni","og_description":"Institu\u021bia beneficiaz\u0103 de cl\u0103dire nou\u0103 din iulie 2013, datorit\u0103 unui proiect implementat de banca mondial\u0103.","og_url":"https:\/\/cs-mihaileni.md\/index.php\/cladire-moderna\/","og_site_name":"Centrul de S\u0103n\u0103tate Mih\u0103ileni","article_modified_time":"2021-03-15T20:49:29+00:00","og_image":[{"width":1101,"height":625,"url":"https:\/\/cs-mihaileni.md\/wp-content\/uploads\/2021\/03\/Imagine1.jpg","type":"image\/jpeg"}],"twitter_card":"summary_large_image","schema":{"@context":"https:\/\/schema.org","@graph":[{"@type":"WebPage","@id":"https:\/\/cs-mihaileni.md\/index.php\/cladire-moderna\/","url":"https:\/\/cs-mihaileni.md\/index.php\/cladire-moderna\/","name":"Cl\u0103direa modern\u0103 - Centrul de S\u0103n\u0103tate Mih\u0103ileni","isPartOf":{"@id":"https:\/\/cs-mihaileni.md\/#website"},"primaryImageOfPage":{"@id":"https:\/\/cs-mihaileni.md\/index.php\/cladire-moderna\/#primaryimage"},"image":{"@id":"https:\/\/cs-mihaileni.md\/index.php\/cladire-moderna\/#primaryimage"},"thumbnailUrl":"https:\/\/cs-mihaileni.md\/wp-content\/uploads\/2021\/03\/Imagine1.jpg","datePublished":"2021-03-12T18:40:36+00:00","dateModified":"2021-03-15T20:49:29+00:00","breadcrumb":{"@id":"https:\/\/cs-mihaileni.md\/index.php\/cladire-moderna\/#breadcrumb"},"inLanguage":"ro-RO","potentialAction":[{"@type":"ReadAction","target":["https:\/\/cs-mihaileni.md\/index.php\/cladire-moderna\/"]}]},{"@type":"ImageObject","inLanguage":"ro-RO","@id":"https:\/\/cs-mihaileni.md\/index.php\/cladire-moderna\/#primaryimage","url":"https:\/\/cs-mihaileni.md\/wp-content\/uploads\/2021\/03\/Imagine1.jpg","contentUrl":"https:\/\/cs-mihaileni.md\/wp-content\/uploads\/2021\/03\/Imagine1.jpg","width":1101,"height":625},{"@type":"BreadcrumbList","@id":"https:\/\/cs-mihaileni.md\/index.php\/cladire-moderna\/#breadcrumb","itemListElement":[{"@type":"ListItem","position":1,"name":"Prima pagin\u0103","item":"https:\/\/cs-mihaileni.md\/"},{"@type":"ListItem","position":2,"name":"Cl\u0103direa modern\u0103"}]},{"@type":"WebSite","@id":"https:\/\/cs-mihaileni.md\/#website","url":"https:\/\/cs-mihaileni.md\/","name":"Centrul de S\u0103n\u0103tate Mih\u0103ileni","description":"Institu\u0163ie Medico-Sanitar\u0103 Public\u0103","potentialAction":[{"@type":"SearchAction","target":{"@type":"EntryPoint","urlTemplate":"https:\/\/cs-mihaileni.md\/?s={search_term_string}"},"query-input":{"@type":"PropertyValueSpecification","valueRequired":true,"valueName":"search_term_string"}}],"inLanguage":"ro-RO"}]}},"_links":{"self":[{"href":"https:\/\/cs-mihaileni.md\/index.php\/wp-json\/wp\/v2\/pages\/146","targetHints":{"allow":["GET"]}}],"collection":[{"href":"https:\/\/cs-mihaileni.md\/index.php\/wp-json\/wp\/v2\/pages"}],"about":[{"href":"https:\/\/cs-mihaileni.md\/index.php\/wp-json\/wp\/v2\/types\/page"}],"author":[{"embeddable":true,"href":"https:\/\/cs-mihaileni.md\/index.php\/wp-json\/wp\/v2\/users\/1"}],"replies":[{"embeddable":true,"href":"https:\/\/cs-mihaileni.md\/index.php\/wp-json\/wp\/v2\/comments?post=146"}],"version-history":[{"count":2,"href":"https:\/\/cs-mihaileni.md\/index.php\/wp-json\/wp\/v2\/pages\/146\/revisions"}],"predecessor-version":[{"id":330,"href":"https:\/\/cs-mihaileni.md\/index.php\/wp-json\/wp\/v2\/pages\/146\/revisions\/330"}],"wp:featuredmedia":[{"embeddable":true,"href":"https:\/\/cs-mihaileni.md\/index.php\/wp-json\/wp\/v2\/media\/331"}],"wp:attachment":[{"href":"https:\/\/cs-mihaileni.md\/index.php\/wp-json\/wp\/v2\/media?parent=146"}],"curies":[{"name":"wp","href":"https:\/\/api.w.org\/{rel}","templated":true}]}}