{"id":158,"date":"2021-03-12T17:22:06","date_gmt":"2021-03-12T17:22:06","guid":{"rendered":"http:\/\/demo.acmethemes.com\/medical-circle\/?page_id=31"},"modified":"2021-03-15T20:51:08","modified_gmt":"2021-03-15T20:51:08","slug":"cum-tratam-virusul","status":"publish","type":"page","link":"https:\/\/cs-mihaileni.md\/index.php\/cum-tratam-virusul\/","title":{"rendered":"Cum trat\u0103m virusul?"},"content":{"rendered":"<h3>Protocolul Ministerului S\u0103n\u0103t\u0103\u021bii<\/h3>\n<p>Tratamentul la domiciliu al persoanelor diagnosticate cu o form\u0103 u\u0219oar\u0103 de coronavirus din Moldova a fost ini\u021biat la 10 aprilie. De atunci, din peste 25 mii de persoane contaminate, 6158 au urmat tratament \u00een condi\u021bii de ambulator, iar 2538 continu\u0103 s\u0103 se trateze la domiciliu.<\/p>\n<p>Conform protocolului elaborat de Ministerul S\u0103n\u0103t\u0103\u021bii pentru tratarea acestor bolnavi, medicii de familie trebuie s\u0103 le prescrie cl\u0103tirea cavit\u0103\u021bilor nazale cu solu\u021bie izotonic\u0103 sau hipertonic\u0103 (la necesitate \u2013 cu solu\u021bie salin\u0103 de 2%), iar \u00een caz de cre\u0219tere a temperaturii p\u00e2n\u0103 la 38,5\u00b0C \u2013paracetamol 500 mg la fiecare \u0219ase ore \u0219i tratament simptomatic.<\/p>\n<p>Cei de la Ministerul S\u0103n\u0103t\u0103\u021bii au subliniat faptul c\u0103 pentru pacien\u021bii cu coronavirus nu se poate recomanda ibuprofen, acidul ascorbic, imunomodulatoarele \u0219i antibioticele, fie din cauza c\u0103 nu a fost dovedit\u0103 eficien\u021ba lor \u00een tratamentul COVID-19, fie din cauza inutilit\u0103\u021bii lor \u00een cazul \u00een care boala decurge \u00eentr-o form\u0103 u\u0219oar\u0103. Conform protocolului, antibioticele sunt prescrise doar \u00een condi\u021bii de sta\u021bionar, c\u00e2nd pacientul este suspectat de infec\u021bie bacterian\u0103 asociat\u0103 \u0219i \u00een cazul \u00een care sunt afecta\u021bi pl\u0103m\u00e2nii.<\/p>\n","protected":false},"excerpt":{"rendered":"<p>Protocolul Ministerului S\u0103n\u0103t\u0103\u021bii Tratamentul la domiciliu al persoanelor diagnosticate cu o form\u0103 u\u0219oar\u0103 de coronavirus din Moldova a fost ini\u021biat la 10 aprilie. De atunci, din peste 25 mii de persoane contaminate, 6158 au urmat tratament \u00een condi\u021bii de ambulator, iar 2538 continu\u0103 s\u0103 se trateze la domiciliu. Conform protocolului elaborat de Ministerul S\u0103n\u0103t\u0103\u021bii pentru&hellip;<\/p>\n","protected":false},"author":1,"featured_media":0,"parent":0,"menu_order":0,"comment_status":"closed","ping_status":"closed","template":"","meta":{"_monsterinsights_skip_tracking":false,"_monsterinsights_sitenote_active":false,"_monsterinsights_sitenote_note":"","_monsterinsights_sitenote_category":0,"footnotes":""},"class_list":["post-158","page","type-page","status-publish","hentry"],"yoast_head":"<!-- This site is optimized with the Yoast SEO plugin v27.4 - https:\/\/yoast.com\/product\/yoast-seo-wordpress\/ -->\n<title>Cum trat\u0103m virusul? - Centrul de S\u0103n\u0103tate Mih\u0103ileni<\/title>\n<meta name=\"robots\" content=\"index, follow, max-snippet:-1, max-image-preview:large, max-video-preview:-1\" \/>\n<link rel=\"canonical\" href=\"https:\/\/cs-mihaileni.md\/index.php\/cum-tratam-virusul\/\" \/>\n<meta property=\"og:locale\" content=\"ro_RO\" \/>\n<meta property=\"og:type\" content=\"article\" \/>\n<meta property=\"og:title\" content=\"Cum trat\u0103m virusul? - Centrul de S\u0103n\u0103tate Mih\u0103ileni\" \/>\n<meta property=\"og:description\" content=\"Protocolul Ministerului S\u0103n\u0103t\u0103\u021bii Tratamentul la domiciliu al persoanelor diagnosticate cu o form\u0103 u\u0219oar\u0103 de coronavirus din Moldova a fost ini\u021biat la 10 aprilie. De atunci, din peste 25 mii de persoane contaminate, 6158 au urmat tratament \u00een condi\u021bii de ambulator, iar 2538 continu\u0103 s\u0103 se trateze la domiciliu. Conform protocolului elaborat de Ministerul S\u0103n\u0103t\u0103\u021bii pentru&hellip;\" \/>\n<meta property=\"og:url\" content=\"https:\/\/cs-mihaileni.md\/index.php\/cum-tratam-virusul\/\" \/>\n<meta property=\"og:site_name\" content=\"Centrul de S\u0103n\u0103tate Mih\u0103ileni\" \/>\n<meta property=\"article:modified_time\" content=\"2021-03-15T20:51:08+00:00\" \/>\n<meta name=\"twitter:card\" content=\"summary_large_image\" \/>\n<meta name=\"twitter:label1\" content=\"Timp estimat pentru citire\" \/>\n\t<meta name=\"twitter:data1\" content=\"1 minut\" \/>\n<script type=\"application\/ld+json\" class=\"yoast-schema-graph\">{\"@context\":\"https:\\\/\\\/schema.org\",\"@graph\":[{\"@type\":\"WebPage\",\"@id\":\"https:\\\/\\\/cs-mihaileni.md\\\/index.php\\\/cum-tratam-virusul\\\/\",\"url\":\"https:\\\/\\\/cs-mihaileni.md\\\/index.php\\\/cum-tratam-virusul\\\/\",\"name\":\"Cum trat\u0103m virusul? - Centrul de S\u0103n\u0103tate Mih\u0103ileni\",\"isPartOf\":{\"@id\":\"https:\\\/\\\/cs-mihaileni.md\\\/#website\"},\"datePublished\":\"2021-03-12T17:22:06+00:00\",\"dateModified\":\"2021-03-15T20:51:08+00:00\",\"breadcrumb\":{\"@id\":\"https:\\\/\\\/cs-mihaileni.md\\\/index.php\\\/cum-tratam-virusul\\\/#breadcrumb\"},\"inLanguage\":\"ro-RO\",\"potentialAction\":[{\"@type\":\"ReadAction\",\"target\":[\"https:\\\/\\\/cs-mihaileni.md\\\/index.php\\\/cum-tratam-virusul\\\/\"]}]},{\"@type\":\"BreadcrumbList\",\"@id\":\"https:\\\/\\\/cs-mihaileni.md\\\/index.php\\\/cum-tratam-virusul\\\/#breadcrumb\",\"itemListElement\":[{\"@type\":\"ListItem\",\"position\":1,\"name\":\"Prima pagin\u0103\",\"item\":\"https:\\\/\\\/cs-mihaileni.md\\\/\"},{\"@type\":\"ListItem\",\"position\":2,\"name\":\"Cum trat\u0103m virusul?\"}]},{\"@type\":\"WebSite\",\"@id\":\"https:\\\/\\\/cs-mihaileni.md\\\/#website\",\"url\":\"https:\\\/\\\/cs-mihaileni.md\\\/\",\"name\":\"Centrul de S\u0103n\u0103tate Mih\u0103ileni\",\"description\":\"Institu\u0163ie Medico-Sanitar\u0103 Public\u0103\",\"potentialAction\":[{\"@type\":\"SearchAction\",\"target\":{\"@type\":\"EntryPoint\",\"urlTemplate\":\"https:\\\/\\\/cs-mihaileni.md\\\/?s={search_term_string}\"},\"query-input\":{\"@type\":\"PropertyValueSpecification\",\"valueRequired\":true,\"valueName\":\"search_term_string\"}}],\"inLanguage\":\"ro-RO\"}]}<\/script>\n<!-- \/ Yoast SEO plugin. -->","yoast_head_json":{"title":"Cum trat\u0103m virusul? - Centrul de S\u0103n\u0103tate Mih\u0103ileni","robots":{"index":"index","follow":"follow","max-snippet":"max-snippet:-1","max-image-preview":"max-image-preview:large","max-video-preview":"max-video-preview:-1"},"canonical":"https:\/\/cs-mihaileni.md\/index.php\/cum-tratam-virusul\/","og_locale":"ro_RO","og_type":"article","og_title":"Cum trat\u0103m virusul? - Centrul de S\u0103n\u0103tate Mih\u0103ileni","og_description":"Protocolul Ministerului S\u0103n\u0103t\u0103\u021bii Tratamentul la domiciliu al persoanelor diagnosticate cu o form\u0103 u\u0219oar\u0103 de coronavirus din Moldova a fost ini\u021biat la 10 aprilie. De atunci, din peste 25 mii de persoane contaminate, 6158 au urmat tratament \u00een condi\u021bii de ambulator, iar 2538 continu\u0103 s\u0103 se trateze la domiciliu. Conform protocolului elaborat de Ministerul S\u0103n\u0103t\u0103\u021bii pentru&hellip;","og_url":"https:\/\/cs-mihaileni.md\/index.php\/cum-tratam-virusul\/","og_site_name":"Centrul de S\u0103n\u0103tate Mih\u0103ileni","article_modified_time":"2021-03-15T20:51:08+00:00","twitter_card":"summary_large_image","twitter_misc":{"Timp estimat pentru citire":"1 minut"},"schema":{"@context":"https:\/\/schema.org","@graph":[{"@type":"WebPage","@id":"https:\/\/cs-mihaileni.md\/index.php\/cum-tratam-virusul\/","url":"https:\/\/cs-mihaileni.md\/index.php\/cum-tratam-virusul\/","name":"Cum trat\u0103m virusul? - Centrul de S\u0103n\u0103tate Mih\u0103ileni","isPartOf":{"@id":"https:\/\/cs-mihaileni.md\/#website"},"datePublished":"2021-03-12T17:22:06+00:00","dateModified":"2021-03-15T20:51:08+00:00","breadcrumb":{"@id":"https:\/\/cs-mihaileni.md\/index.php\/cum-tratam-virusul\/#breadcrumb"},"inLanguage":"ro-RO","potentialAction":[{"@type":"ReadAction","target":["https:\/\/cs-mihaileni.md\/index.php\/cum-tratam-virusul\/"]}]},{"@type":"BreadcrumbList","@id":"https:\/\/cs-mihaileni.md\/index.php\/cum-tratam-virusul\/#breadcrumb","itemListElement":[{"@type":"ListItem","position":1,"name":"Prima pagin\u0103","item":"https:\/\/cs-mihaileni.md\/"},{"@type":"ListItem","position":2,"name":"Cum trat\u0103m virusul?"}]},{"@type":"WebSite","@id":"https:\/\/cs-mihaileni.md\/#website","url":"https:\/\/cs-mihaileni.md\/","name":"Centrul de S\u0103n\u0103tate Mih\u0103ileni","description":"Institu\u0163ie Medico-Sanitar\u0103 Public\u0103","potentialAction":[{"@type":"SearchAction","target":{"@type":"EntryPoint","urlTemplate":"https:\/\/cs-mihaileni.md\/?s={search_term_string}"},"query-input":{"@type":"PropertyValueSpecification","valueRequired":true,"valueName":"search_term_string"}}],"inLanguage":"ro-RO"}]}},"_links":{"self":[{"href":"https:\/\/cs-mihaileni.md\/index.php\/wp-json\/wp\/v2\/pages\/158","targetHints":{"allow":["GET"]}}],"collection":[{"href":"https:\/\/cs-mihaileni.md\/index.php\/wp-json\/wp\/v2\/pages"}],"about":[{"href":"https:\/\/cs-mihaileni.md\/index.php\/wp-json\/wp\/v2\/types\/page"}],"author":[{"embeddable":true,"href":"https:\/\/cs-mihaileni.md\/index.php\/wp-json\/wp\/v2\/users\/1"}],"replies":[{"embeddable":true,"href":"https:\/\/cs-mihaileni.md\/index.php\/wp-json\/wp\/v2\/comments?post=158"}],"version-history":[{"count":2,"href":"https:\/\/cs-mihaileni.md\/index.php\/wp-json\/wp\/v2\/pages\/158\/revisions"}],"predecessor-version":[{"id":278,"href":"https:\/\/cs-mihaileni.md\/index.php\/wp-json\/wp\/v2\/pages\/158\/revisions\/278"}],"wp:attachment":[{"href":"https:\/\/cs-mihaileni.md\/index.php\/wp-json\/wp\/v2\/media?parent=158"}],"curies":[{"name":"wp","href":"https:\/\/api.w.org\/{rel}","templated":true}]}}