{"id":160,"date":"2021-03-12T17:13:37","date_gmt":"2021-03-12T17:13:37","guid":{"rendered":"http:\/\/demo.acmethemes.com\/medical-circle\/?page_id=29"},"modified":"2021-03-24T00:44:13","modified_gmt":"2021-03-24T00:44:13","slug":"bine-de-stiut","status":"publish","type":"page","link":"https:\/\/cs-mihaileni.md\/index.php\/bine-de-stiut\/","title":{"rendered":"Bine de \u0219tiut"},"content":{"rendered":"<div class=\"PZPZlf\">\n<div class=\"p2KA1\" data-hveid=\"CA4QAQ\" data-ved=\"2ahUKEwjv05bq5qvvAhUptYsKHXtDCAQQqsIBKAAwAXoECA4QAQ\">COVID-19 afecteaz\u0103 persoanele \u00een moduri diferite. Majoritatea persoanelor infectate vor dezvolta o form\u0103 u\u0219oar\u0103 sau moderat\u0103 a bolii \u0219i se vor recupera f\u0103r\u0103 spitalizare.<\/div>\n<\/div>\n<div>\n<div class=\"CfnCCf\"><\/div>\n<\/div>\n<div>\n<hr>\n<\/div>\n<div>\n<div class=\"CfnCCf\"><\/div>\n<\/div>\n<div class=\"PZPZlf\">\n<div class=\"INGOOb\" data-hveid=\"CA4QAg\" data-ved=\"2ahUKEwjv05bq5qvvAhUptYsKHXtDCAQQqsIBKAEwAXoECA4QAg\">Cele mai frecvente simptome:<\/div>\n<\/div>\n<div class=\"PZPZlf\">\n<div class=\"AupITe\" data-hveid=\"CA4QAw\" data-ved=\"2ahUKEwjv05bq5qvvAhUptYsKHXtDCAQQqsIBKAIwAXoECA4QAw\">febr\u0103,<\/div>\n<\/div>\n<div class=\"PZPZlf\">\n<div class=\"AupITe\" data-hveid=\"CA4QBA\" data-ved=\"2ahUKEwjv05bq5qvvAhUptYsKHXtDCAQQqsIBKAMwAXoECA4QBA\">tuse seac\u0103,<\/div>\n<\/div>\n<div class=\"PZPZlf\">\n<div class=\"AupITe\" data-hveid=\"CA4QBQ\" data-ved=\"2ahUKEwjv05bq5qvvAhUptYsKHXtDCAQQqsIBKAQwAXoECA4QBQ\">oboseal\u0103.<\/div>\n<\/div>\n<div>\n<div class=\"CfnCCf\"><\/div>\n<\/div>\n<div class=\"PZPZlf\">\n<div class=\"INGOOb\" data-hveid=\"CA4QBg\" data-ved=\"2ahUKEwjv05bq5qvvAhUptYsKHXtDCAQQqsIBKAUwAXoECA4QBg\">Simptome mai pu\u021bin frecvente:<\/div>\n<\/div>\n<div class=\"PZPZlf\">\n<div class=\"AupITe\" data-hveid=\"CA4QBw\" data-ved=\"2ahUKEwjv05bq5qvvAhUptYsKHXtDCAQQqsIBKAYwAXoECA4QBw\">dureri de cap \u0219i dureri musculare,<\/div>\n<\/div>\n<div class=\"PZPZlf\">\n<div class=\"AupITe\" data-hveid=\"CA4QCA\" data-ved=\"2ahUKEwjv05bq5qvvAhUptYsKHXtDCAQQqsIBKAcwAXoECA4QCA\">durere \u00een g\u00e2t,<\/div>\n<\/div>\n<div class=\"PZPZlf\">\n<div class=\"AupITe\" data-hveid=\"CA4QCQ\" data-ved=\"2ahUKEwjv05bq5qvvAhUptYsKHXtDCAQQqsIBKAgwAXoECA4QCQ\">diaree,<\/div>\n<\/div>\n<div class=\"PZPZlf\">\n<div class=\"AupITe\" data-hveid=\"CA4QCg\" data-ved=\"2ahUKEwjv05bq5qvvAhUptYsKHXtDCAQQqsIBKAkwAXoECA4QCg\">conjunctivit\u0103,<\/div>\n<\/div>\n<div class=\"PZPZlf\">\n<div class=\"AupITe\" data-hveid=\"CA4QCw\" data-ved=\"2ahUKEwjv05bq5qvvAhUptYsKHXtDCAQQqsIBKAowAXoECA4QCw\">dureri de cap,<\/div>\n<\/div>\n<div class=\"PZPZlf\">\n<div class=\"AupITe\" data-hveid=\"CA4QDA\" data-ved=\"2ahUKEwjv05bq5qvvAhUptYsKHXtDCAQQqsIBKAswAXoECA4QDA\">pierderea gustului sau a mirosului,<\/div>\n<\/div>\n<div class=\"PZPZlf\">\n<div class=\"AupITe\" data-hveid=\"CA4QDQ\" data-ved=\"2ahUKEwjv05bq5qvvAhUptYsKHXtDCAQQqsIBKAwwAXoECA4QDQ\">o irita\u021bie la nivelul pielii sau o decolorare a degetelor de la m\u00e2ini sau de la picioare.<\/div>\n<\/div>\n<div>\n<div class=\"CfnCCf\"><\/div>\n<\/div>\n<div class=\"PZPZlf\">\n<div class=\"INGOOb\" data-hveid=\"CA4QDg\" data-ved=\"2ahUKEwjv05bq5qvvAhUptYsKHXtDCAQQqsIBKA0wAXoECA4QDg\">Simptome grave:<\/div>\n<\/div>\n<div class=\"PZPZlf\">\n<div class=\"AupITe\" data-hveid=\"CA4QDw\" data-ved=\"2ahUKEwjv05bq5qvvAhUptYsKHXtDCAQQqsIBKA4wAXoECA4QDw\">dificult\u0103\u021bi de respira\u021bie sau dispnee,<\/div>\n<\/div>\n<div class=\"PZPZlf\">\n<div class=\"AupITe\" data-hveid=\"CA4QEA\" data-ved=\"2ahUKEwjv05bq5qvvAhUptYsKHXtDCAQQqsIBKA8wAXoECA4QEA\">durere sau presiune toracic\u0103,<\/div>\n<\/div>\n<div class=\"PZPZlf\">\n<div class=\"AupITe\" data-hveid=\"CA4QEQ\" data-ved=\"2ahUKEwjv05bq5qvvAhUptYsKHXtDCAQQqsIBKBAwAXoECA4QEQ\">incapacitatea de a vorbi sau de a se mi\u0219ca.<\/div>\n<\/div>\n<div>\n<div class=\"CfnCCf\"><\/div>\n<\/div>\n<div class=\"PZPZlf\">\n<div class=\"INGOOb\" data-hveid=\"CA4QEg\" data-ved=\"2ahUKEwjv05bq5qvvAhUptYsKHXtDCAQQqsIBKBEwAXoECA4QEg\">Dac\u0103 prezenta\u021bi simptome grave, consulta\u021bi imediat medicul. Suna\u021bi \u00een prealabil.<\/div>\n<\/div>\n<div>\n<div class=\"CfnCCf\"><\/div>\n<\/div>\n<div class=\"PZPZlf\">\n<div class=\"INGOOb\" data-hveid=\"CA4QEw\" data-ved=\"2ahUKEwjv05bq5qvvAhUptYsKHXtDCAQQqsIBKBIwAXoECA4QEw\">Persoanele cu simptome u\u0219oare care nu au alte probleme de s\u0103n\u0103tate trebuie s\u0103 se autoizoleze.<\/div>\n<\/div>\n<div>\n<div class=\"CfnCCf\"><\/div>\n<\/div>\n<div class=\"PZPZlf\">\n<div class=\"INGOOb\" data-hveid=\"CA4QFA\" data-ved=\"2ahUKEwjv05bq5qvvAhUptYsKHXtDCAQQqsIBKBMwAXoECA4QFA\">Din momentul \u00een care o persoan\u0103 este infectat\u0103 cu virusul, dureaz\u0103 \u00een medie 5-6 zile p\u00e2n\u0103 s\u0103 apar\u0103 simptomele; totu\u0219i, poate dura \u0219i p\u00e2n\u0103 la 14 zile.<\/div>\n<\/div>\n","protected":false},"excerpt":{"rendered":"<p>COVID-19 afecteaz\u0103 persoanele \u00een moduri diferite. Majoritatea persoanelor infectate vor dezvolta o form\u0103 u\u0219oar\u0103 sau moderat\u0103 a bolii \u0219i se vor recupera f\u0103r\u0103 spitalizare. Cele mai frecvente simptome: febr\u0103, tuse seac\u0103, oboseal\u0103. Simptome mai pu\u021bin frecvente: dureri de cap \u0219i dureri musculare, durere \u00een g\u00e2t, diaree, conjunctivit\u0103, dureri de cap, pierderea gustului sau a mirosului,&hellip;<\/p>\n","protected":false},"author":1,"featured_media":0,"parent":0,"menu_order":0,"comment_status":"closed","ping_status":"closed","template":"","meta":{"_monsterinsights_skip_tracking":false,"_monsterinsights_sitenote_active":false,"_monsterinsights_sitenote_note":"","_monsterinsights_sitenote_category":0,"footnotes":""},"class_list":["post-160","page","type-page","status-publish","hentry"],"yoast_head":"<!-- This site is optimized with the Yoast SEO plugin v27.4 - https:\/\/yoast.com\/product\/yoast-seo-wordpress\/ -->\n<title>Bine de \u0219tiut - Centrul de S\u0103n\u0103tate Mih\u0103ileni<\/title>\n<meta name=\"robots\" content=\"index, follow, max-snippet:-1, max-image-preview:large, max-video-preview:-1\" \/>\n<link rel=\"canonical\" href=\"https:\/\/cs-mihaileni.md\/index.php\/bine-de-stiut\/\" \/>\n<meta property=\"og:locale\" content=\"ro_RO\" \/>\n<meta property=\"og:type\" content=\"article\" \/>\n<meta property=\"og:title\" content=\"Bine de \u0219tiut - Centrul de S\u0103n\u0103tate Mih\u0103ileni\" \/>\n<meta property=\"og:description\" content=\"COVID-19 afecteaz\u0103 persoanele \u00een moduri diferite. Majoritatea persoanelor infectate vor dezvolta o form\u0103 u\u0219oar\u0103 sau moderat\u0103 a bolii \u0219i se vor recupera f\u0103r\u0103 spitalizare. Cele mai frecvente simptome: febr\u0103, tuse seac\u0103, oboseal\u0103. Simptome mai pu\u021bin frecvente: dureri de cap \u0219i dureri musculare, durere \u00een g\u00e2t, diaree, conjunctivit\u0103, dureri de cap, pierderea gustului sau a mirosului,&hellip;\" \/>\n<meta property=\"og:url\" content=\"https:\/\/cs-mihaileni.md\/index.php\/bine-de-stiut\/\" \/>\n<meta property=\"og:site_name\" content=\"Centrul de S\u0103n\u0103tate Mih\u0103ileni\" \/>\n<meta property=\"article:modified_time\" content=\"2021-03-24T00:44:13+00:00\" \/>\n<meta name=\"twitter:card\" content=\"summary_large_image\" \/>\n<meta name=\"twitter:label1\" content=\"Timp estimat pentru citire\" \/>\n\t<meta name=\"twitter:data1\" content=\"1 minut\" \/>\n<script type=\"application\/ld+json\" class=\"yoast-schema-graph\">{\"@context\":\"https:\\\/\\\/schema.org\",\"@graph\":[{\"@type\":\"WebPage\",\"@id\":\"https:\\\/\\\/cs-mihaileni.md\\\/index.php\\\/bine-de-stiut\\\/\",\"url\":\"https:\\\/\\\/cs-mihaileni.md\\\/index.php\\\/bine-de-stiut\\\/\",\"name\":\"Bine de \u0219tiut - Centrul de S\u0103n\u0103tate Mih\u0103ileni\",\"isPartOf\":{\"@id\":\"https:\\\/\\\/cs-mihaileni.md\\\/#website\"},\"datePublished\":\"2021-03-12T17:13:37+00:00\",\"dateModified\":\"2021-03-24T00:44:13+00:00\",\"breadcrumb\":{\"@id\":\"https:\\\/\\\/cs-mihaileni.md\\\/index.php\\\/bine-de-stiut\\\/#breadcrumb\"},\"inLanguage\":\"ro-RO\",\"potentialAction\":[{\"@type\":\"ReadAction\",\"target\":[\"https:\\\/\\\/cs-mihaileni.md\\\/index.php\\\/bine-de-stiut\\\/\"]}]},{\"@type\":\"BreadcrumbList\",\"@id\":\"https:\\\/\\\/cs-mihaileni.md\\\/index.php\\\/bine-de-stiut\\\/#breadcrumb\",\"itemListElement\":[{\"@type\":\"ListItem\",\"position\":1,\"name\":\"Prima pagin\u0103\",\"item\":\"https:\\\/\\\/cs-mihaileni.md\\\/\"},{\"@type\":\"ListItem\",\"position\":2,\"name\":\"Bine de \u0219tiut\"}]},{\"@type\":\"WebSite\",\"@id\":\"https:\\\/\\\/cs-mihaileni.md\\\/#website\",\"url\":\"https:\\\/\\\/cs-mihaileni.md\\\/\",\"name\":\"Centrul de S\u0103n\u0103tate Mih\u0103ileni\",\"description\":\"Institu\u0163ie Medico-Sanitar\u0103 Public\u0103\",\"potentialAction\":[{\"@type\":\"SearchAction\",\"target\":{\"@type\":\"EntryPoint\",\"urlTemplate\":\"https:\\\/\\\/cs-mihaileni.md\\\/?s={search_term_string}\"},\"query-input\":{\"@type\":\"PropertyValueSpecification\",\"valueRequired\":true,\"valueName\":\"search_term_string\"}}],\"inLanguage\":\"ro-RO\"}]}<\/script>\n<!-- \/ Yoast SEO plugin. -->","yoast_head_json":{"title":"Bine de \u0219tiut - Centrul de S\u0103n\u0103tate Mih\u0103ileni","robots":{"index":"index","follow":"follow","max-snippet":"max-snippet:-1","max-image-preview":"max-image-preview:large","max-video-preview":"max-video-preview:-1"},"canonical":"https:\/\/cs-mihaileni.md\/index.php\/bine-de-stiut\/","og_locale":"ro_RO","og_type":"article","og_title":"Bine de \u0219tiut - Centrul de S\u0103n\u0103tate Mih\u0103ileni","og_description":"COVID-19 afecteaz\u0103 persoanele \u00een moduri diferite. Majoritatea persoanelor infectate vor dezvolta o form\u0103 u\u0219oar\u0103 sau moderat\u0103 a bolii \u0219i se vor recupera f\u0103r\u0103 spitalizare. Cele mai frecvente simptome: febr\u0103, tuse seac\u0103, oboseal\u0103. Simptome mai pu\u021bin frecvente: dureri de cap \u0219i dureri musculare, durere \u00een g\u00e2t, diaree, conjunctivit\u0103, dureri de cap, pierderea gustului sau a mirosului,&hellip;","og_url":"https:\/\/cs-mihaileni.md\/index.php\/bine-de-stiut\/","og_site_name":"Centrul de S\u0103n\u0103tate Mih\u0103ileni","article_modified_time":"2021-03-24T00:44:13+00:00","twitter_card":"summary_large_image","twitter_misc":{"Timp estimat pentru citire":"1 minut"},"schema":{"@context":"https:\/\/schema.org","@graph":[{"@type":"WebPage","@id":"https:\/\/cs-mihaileni.md\/index.php\/bine-de-stiut\/","url":"https:\/\/cs-mihaileni.md\/index.php\/bine-de-stiut\/","name":"Bine de \u0219tiut - Centrul de S\u0103n\u0103tate Mih\u0103ileni","isPartOf":{"@id":"https:\/\/cs-mihaileni.md\/#website"},"datePublished":"2021-03-12T17:13:37+00:00","dateModified":"2021-03-24T00:44:13+00:00","breadcrumb":{"@id":"https:\/\/cs-mihaileni.md\/index.php\/bine-de-stiut\/#breadcrumb"},"inLanguage":"ro-RO","potentialAction":[{"@type":"ReadAction","target":["https:\/\/cs-mihaileni.md\/index.php\/bine-de-stiut\/"]}]},{"@type":"BreadcrumbList","@id":"https:\/\/cs-mihaileni.md\/index.php\/bine-de-stiut\/#breadcrumb","itemListElement":[{"@type":"ListItem","position":1,"name":"Prima pagin\u0103","item":"https:\/\/cs-mihaileni.md\/"},{"@type":"ListItem","position":2,"name":"Bine de \u0219tiut"}]},{"@type":"WebSite","@id":"https:\/\/cs-mihaileni.md\/#website","url":"https:\/\/cs-mihaileni.md\/","name":"Centrul de S\u0103n\u0103tate Mih\u0103ileni","description":"Institu\u0163ie Medico-Sanitar\u0103 Public\u0103","potentialAction":[{"@type":"SearchAction","target":{"@type":"EntryPoint","urlTemplate":"https:\/\/cs-mihaileni.md\/?s={search_term_string}"},"query-input":{"@type":"PropertyValueSpecification","valueRequired":true,"valueName":"search_term_string"}}],"inLanguage":"ro-RO"}]}},"_links":{"self":[{"href":"https:\/\/cs-mihaileni.md\/index.php\/wp-json\/wp\/v2\/pages\/160","targetHints":{"allow":["GET"]}}],"collection":[{"href":"https:\/\/cs-mihaileni.md\/index.php\/wp-json\/wp\/v2\/pages"}],"about":[{"href":"https:\/\/cs-mihaileni.md\/index.php\/wp-json\/wp\/v2\/types\/page"}],"author":[{"embeddable":true,"href":"https:\/\/cs-mihaileni.md\/index.php\/wp-json\/wp\/v2\/users\/1"}],"replies":[{"embeddable":true,"href":"https:\/\/cs-mihaileni.md\/index.php\/wp-json\/wp\/v2\/comments?post=160"}],"version-history":[{"count":3,"href":"https:\/\/cs-mihaileni.md\/index.php\/wp-json\/wp\/v2\/pages\/160\/revisions"}],"predecessor-version":[{"id":505,"href":"https:\/\/cs-mihaileni.md\/index.php\/wp-json\/wp\/v2\/pages\/160\/revisions\/505"}],"wp:attachment":[{"href":"https:\/\/cs-mihaileni.md\/index.php\/wp-json\/wp\/v2\/media?parent=160"}],"curies":[{"name":"wp","href":"https:\/\/api.w.org\/{rel}","templated":true}]}}