{"id":162,"date":"2021-03-12T17:13:19","date_gmt":"2021-03-12T17:13:19","guid":{"rendered":"http:\/\/demo.acmethemes.com\/medical-circle\/?page_id=27"},"modified":"2021-03-15T19:58:37","modified_gmt":"2021-03-15T19:58:37","slug":"despre-noi","status":"publish","type":"page","link":"https:\/\/cs-mihaileni.md\/index.php\/despre-noi\/","title":{"rendered":"Despre noi"},"content":{"rendered":"<p>\u201eCS Mih\u0103ileni\u201d din Republica Moldova, este un centru medical modern, unde beneficia\u021bi de servicii medicale de tip ambulatoriu, la cele mai \u00eenalte standarde, iar pacien\u021bii sunt trata\u021bi cu profesionalism \u0219i respect.<\/p>\n<p>\u00ce\u021bi oferim servicii de s\u0103n\u0103tate \u00een comunitatea ta, la cel mai \u00eenalt nivel.<\/p>\n<p>Suntem aici pentru a avea grij\u0103 de s\u0103n\u0103tatea ta!<\/p>\n<p><em>\u201dMedic \u2013 cineva spre care ne \u00eendrept\u0103m speran\u021bele c\u00e2nd suntem bolnavi \u0219i c\u00e2inii c\u00e2nd suntem s\u0103n\u0103to\u0219i.\u201d<\/em><\/p>\n<p><cite><em><strong>Ambrose Bierce<\/strong><\/em><\/cite><\/p>\n\n\n<p><\/p>\n","protected":false},"excerpt":{"rendered":"<p>\u201eCS Mih\u0103ileni\u201d din Republica Moldova, este un centru medical modern, unde beneficia\u021bi de servicii medicale de tip ambulatoriu, la cele mai \u00eenalte standarde, iar pacien\u021bii sunt trata\u021bi cu profesionalism \u0219i respect. \u00ce\u021bi oferim servicii de s\u0103n\u0103tate \u00een comunitatea ta, la cel mai \u00eenalt nivel. Suntem aici pentru a avea grij\u0103 de s\u0103n\u0103tatea ta! \u201dMedic \u2013&hellip;<\/p>\n","protected":false},"author":1,"featured_media":0,"parent":0,"menu_order":0,"comment_status":"closed","ping_status":"closed","template":"","meta":{"_monsterinsights_skip_tracking":false,"_monsterinsights_sitenote_active":false,"_monsterinsights_sitenote_note":"","_monsterinsights_sitenote_category":0,"footnotes":""},"class_list":["post-162","page","type-page","status-publish","hentry"],"yoast_head":"<!-- This site is optimized with the Yoast SEO plugin v27.4 - https:\/\/yoast.com\/product\/yoast-seo-wordpress\/ -->\n<title>Despre noi - Centrul de S\u0103n\u0103tate Mih\u0103ileni<\/title>\n<meta name=\"robots\" content=\"index, follow, max-snippet:-1, max-image-preview:large, max-video-preview:-1\" \/>\n<link rel=\"canonical\" href=\"https:\/\/cs-mihaileni.md\/index.php\/despre-noi\/\" \/>\n<meta property=\"og:locale\" content=\"ro_RO\" \/>\n<meta property=\"og:type\" content=\"article\" \/>\n<meta property=\"og:title\" content=\"Despre noi - Centrul de S\u0103n\u0103tate Mih\u0103ileni\" \/>\n<meta property=\"og:description\" content=\"\u201eCS Mih\u0103ileni\u201d din Republica Moldova, este un centru medical modern, unde beneficia\u021bi de servicii medicale de tip ambulatoriu, la cele mai \u00eenalte standarde, iar pacien\u021bii sunt trata\u021bi cu profesionalism \u0219i respect. \u00ce\u021bi oferim servicii de s\u0103n\u0103tate \u00een comunitatea ta, la cel mai \u00eenalt nivel. Suntem aici pentru a avea grij\u0103 de s\u0103n\u0103tatea ta! \u201dMedic \u2013&hellip;\" \/>\n<meta property=\"og:url\" content=\"https:\/\/cs-mihaileni.md\/index.php\/despre-noi\/\" \/>\n<meta property=\"og:site_name\" content=\"Centrul de S\u0103n\u0103tate Mih\u0103ileni\" \/>\n<meta property=\"article:modified_time\" content=\"2021-03-15T19:58:37+00:00\" \/>\n<meta name=\"twitter:card\" content=\"summary_large_image\" \/>\n<script type=\"application\/ld+json\" class=\"yoast-schema-graph\">{\"@context\":\"https:\\\/\\\/schema.org\",\"@graph\":[{\"@type\":\"WebPage\",\"@id\":\"https:\\\/\\\/cs-mihaileni.md\\\/index.php\\\/despre-noi\\\/\",\"url\":\"https:\\\/\\\/cs-mihaileni.md\\\/index.php\\\/despre-noi\\\/\",\"name\":\"Despre noi - Centrul de S\u0103n\u0103tate Mih\u0103ileni\",\"isPartOf\":{\"@id\":\"https:\\\/\\\/cs-mihaileni.md\\\/#website\"},\"datePublished\":\"2021-03-12T17:13:19+00:00\",\"dateModified\":\"2021-03-15T19:58:37+00:00\",\"breadcrumb\":{\"@id\":\"https:\\\/\\\/cs-mihaileni.md\\\/index.php\\\/despre-noi\\\/#breadcrumb\"},\"inLanguage\":\"ro-RO\",\"potentialAction\":[{\"@type\":\"ReadAction\",\"target\":[\"https:\\\/\\\/cs-mihaileni.md\\\/index.php\\\/despre-noi\\\/\"]}]},{\"@type\":\"BreadcrumbList\",\"@id\":\"https:\\\/\\\/cs-mihaileni.md\\\/index.php\\\/despre-noi\\\/#breadcrumb\",\"itemListElement\":[{\"@type\":\"ListItem\",\"position\":1,\"name\":\"Prima pagin\u0103\",\"item\":\"https:\\\/\\\/cs-mihaileni.md\\\/\"},{\"@type\":\"ListItem\",\"position\":2,\"name\":\"Despre noi\"}]},{\"@type\":\"WebSite\",\"@id\":\"https:\\\/\\\/cs-mihaileni.md\\\/#website\",\"url\":\"https:\\\/\\\/cs-mihaileni.md\\\/\",\"name\":\"Centrul de S\u0103n\u0103tate Mih\u0103ileni\",\"description\":\"Institu\u0163ie Medico-Sanitar\u0103 Public\u0103\",\"potentialAction\":[{\"@type\":\"SearchAction\",\"target\":{\"@type\":\"EntryPoint\",\"urlTemplate\":\"https:\\\/\\\/cs-mihaileni.md\\\/?s={search_term_string}\"},\"query-input\":{\"@type\":\"PropertyValueSpecification\",\"valueRequired\":true,\"valueName\":\"search_term_string\"}}],\"inLanguage\":\"ro-RO\"}]}<\/script>\n<!-- \/ Yoast SEO plugin. -->","yoast_head_json":{"title":"Despre noi - Centrul de S\u0103n\u0103tate Mih\u0103ileni","robots":{"index":"index","follow":"follow","max-snippet":"max-snippet:-1","max-image-preview":"max-image-preview:large","max-video-preview":"max-video-preview:-1"},"canonical":"https:\/\/cs-mihaileni.md\/index.php\/despre-noi\/","og_locale":"ro_RO","og_type":"article","og_title":"Despre noi - Centrul de S\u0103n\u0103tate Mih\u0103ileni","og_description":"\u201eCS Mih\u0103ileni\u201d din Republica Moldova, este un centru medical modern, unde beneficia\u021bi de servicii medicale de tip ambulatoriu, la cele mai \u00eenalte standarde, iar pacien\u021bii sunt trata\u021bi cu profesionalism \u0219i respect. \u00ce\u021bi oferim servicii de s\u0103n\u0103tate \u00een comunitatea ta, la cel mai \u00eenalt nivel. Suntem aici pentru a avea grij\u0103 de s\u0103n\u0103tatea ta! \u201dMedic \u2013&hellip;","og_url":"https:\/\/cs-mihaileni.md\/index.php\/despre-noi\/","og_site_name":"Centrul de S\u0103n\u0103tate Mih\u0103ileni","article_modified_time":"2021-03-15T19:58:37+00:00","twitter_card":"summary_large_image","schema":{"@context":"https:\/\/schema.org","@graph":[{"@type":"WebPage","@id":"https:\/\/cs-mihaileni.md\/index.php\/despre-noi\/","url":"https:\/\/cs-mihaileni.md\/index.php\/despre-noi\/","name":"Despre noi - Centrul de S\u0103n\u0103tate Mih\u0103ileni","isPartOf":{"@id":"https:\/\/cs-mihaileni.md\/#website"},"datePublished":"2021-03-12T17:13:19+00:00","dateModified":"2021-03-15T19:58:37+00:00","breadcrumb":{"@id":"https:\/\/cs-mihaileni.md\/index.php\/despre-noi\/#breadcrumb"},"inLanguage":"ro-RO","potentialAction":[{"@type":"ReadAction","target":["https:\/\/cs-mihaileni.md\/index.php\/despre-noi\/"]}]},{"@type":"BreadcrumbList","@id":"https:\/\/cs-mihaileni.md\/index.php\/despre-noi\/#breadcrumb","itemListElement":[{"@type":"ListItem","position":1,"name":"Prima pagin\u0103","item":"https:\/\/cs-mihaileni.md\/"},{"@type":"ListItem","position":2,"name":"Despre noi"}]},{"@type":"WebSite","@id":"https:\/\/cs-mihaileni.md\/#website","url":"https:\/\/cs-mihaileni.md\/","name":"Centrul de S\u0103n\u0103tate Mih\u0103ileni","description":"Institu\u0163ie Medico-Sanitar\u0103 Public\u0103","potentialAction":[{"@type":"SearchAction","target":{"@type":"EntryPoint","urlTemplate":"https:\/\/cs-mihaileni.md\/?s={search_term_string}"},"query-input":{"@type":"PropertyValueSpecification","valueRequired":true,"valueName":"search_term_string"}}],"inLanguage":"ro-RO"}]}},"_links":{"self":[{"href":"https:\/\/cs-mihaileni.md\/index.php\/wp-json\/wp\/v2\/pages\/162","targetHints":{"allow":["GET"]}}],"collection":[{"href":"https:\/\/cs-mihaileni.md\/index.php\/wp-json\/wp\/v2\/pages"}],"about":[{"href":"https:\/\/cs-mihaileni.md\/index.php\/wp-json\/wp\/v2\/types\/page"}],"author":[{"embeddable":true,"href":"https:\/\/cs-mihaileni.md\/index.php\/wp-json\/wp\/v2\/users\/1"}],"replies":[{"embeddable":true,"href":"https:\/\/cs-mihaileni.md\/index.php\/wp-json\/wp\/v2\/comments?post=162"}],"version-history":[{"count":3,"href":"https:\/\/cs-mihaileni.md\/index.php\/wp-json\/wp\/v2\/pages\/162\/revisions"}],"predecessor-version":[{"id":341,"href":"https:\/\/cs-mihaileni.md\/index.php\/wp-json\/wp\/v2\/pages\/162\/revisions\/341"}],"wp:attachment":[{"href":"https:\/\/cs-mihaileni.md\/index.php\/wp-json\/wp\/v2\/media?parent=162"}],"curies":[{"name":"wp","href":"https:\/\/api.w.org\/{rel}","templated":true}]}}