{"id":212,"date":"2021-03-12T21:12:31","date_gmt":"2021-03-12T21:12:31","guid":{"rendered":"https:\/\/cs-mihaileni.md\/?page_id=212"},"modified":"2021-03-12T22:20:32","modified_gmt":"2021-03-12T22:20:32","slug":"conducerea","status":"publish","type":"page","link":"https:\/\/cs-mihaileni.md\/index.php\/conducerea\/","title":{"rendered":"Conducerea"},"content":{"rendered":"\n<p class=\"has-text-align-center\"><em>\u0218ef IMSP \u201dCS Mih\u0103ileni&nbsp;<\/em>\u201d:<\/p>\n\n\n\n<p class=\"has-text-align-center\"><strong>Toma Andrei<\/strong><\/p>\n\n\n\n<p class=\"has-text-align-center\"><em>Medic de familie<\/em>:<\/p>\n\n\n\n<p class=\"has-text-align-center\"><strong>Toma Andrei<\/strong><\/p>\n\n\n\n<p class=\"has-text-align-center\"><em>Contabil<\/em>:<\/p>\n\n\n\n<p class=\"has-text-align-center\"><strong>Ghijdivan Larisa<\/strong><\/p>\n","protected":false},"excerpt":{"rendered":"<p>\u0218ef IMSP \u201dCS Mih\u0103ileni&nbsp;\u201d: Toma Andrei Medic de familie: Toma Andrei Contabil: Ghijdivan Larisa<\/p>\n","protected":false},"author":1,"featured_media":0,"parent":0,"menu_order":0,"comment_status":"closed","ping_status":"closed","template":"","meta":{"_monsterinsights_skip_tracking":false,"_monsterinsights_sitenote_active":false,"_monsterinsights_sitenote_note":"","_monsterinsights_sitenote_category":0,"footnotes":""},"class_list":["post-212","page","type-page","status-publish","hentry"],"yoast_head":"<!-- This site is optimized with the Yoast SEO plugin v27.4 - https:\/\/yoast.com\/product\/yoast-seo-wordpress\/ -->\n<title>Conducerea - Centrul de S\u0103n\u0103tate Mih\u0103ileni<\/title>\n<meta name=\"robots\" content=\"index, follow, max-snippet:-1, max-image-preview:large, max-video-preview:-1\" \/>\n<link rel=\"canonical\" href=\"https:\/\/cs-mihaileni.md\/index.php\/conducerea\/\" \/>\n<meta property=\"og:locale\" content=\"ro_RO\" \/>\n<meta property=\"og:type\" content=\"article\" \/>\n<meta property=\"og:title\" content=\"Conducerea - Centrul de S\u0103n\u0103tate Mih\u0103ileni\" \/>\n<meta property=\"og:description\" content=\"\u0218ef IMSP \u201dCS Mih\u0103ileni&nbsp;\u201d: Toma Andrei Medic de familie: Toma Andrei Contabil: Ghijdivan Larisa\" \/>\n<meta property=\"og:url\" content=\"https:\/\/cs-mihaileni.md\/index.php\/conducerea\/\" \/>\n<meta property=\"og:site_name\" content=\"Centrul de S\u0103n\u0103tate Mih\u0103ileni\" \/>\n<meta property=\"article:modified_time\" content=\"2021-03-12T22:20:32+00:00\" \/>\n<meta name=\"twitter:card\" content=\"summary_large_image\" \/>\n<script type=\"application\/ld+json\" class=\"yoast-schema-graph\">{\"@context\":\"https:\\\/\\\/schema.org\",\"@graph\":[{\"@type\":\"WebPage\",\"@id\":\"https:\\\/\\\/cs-mihaileni.md\\\/index.php\\\/conducerea\\\/\",\"url\":\"https:\\\/\\\/cs-mihaileni.md\\\/index.php\\\/conducerea\\\/\",\"name\":\"Conducerea - Centrul de S\u0103n\u0103tate Mih\u0103ileni\",\"isPartOf\":{\"@id\":\"https:\\\/\\\/cs-mihaileni.md\\\/#website\"},\"datePublished\":\"2021-03-12T21:12:31+00:00\",\"dateModified\":\"2021-03-12T22:20:32+00:00\",\"breadcrumb\":{\"@id\":\"https:\\\/\\\/cs-mihaileni.md\\\/index.php\\\/conducerea\\\/#breadcrumb\"},\"inLanguage\":\"ro-RO\",\"potentialAction\":[{\"@type\":\"ReadAction\",\"target\":[\"https:\\\/\\\/cs-mihaileni.md\\\/index.php\\\/conducerea\\\/\"]}]},{\"@type\":\"BreadcrumbList\",\"@id\":\"https:\\\/\\\/cs-mihaileni.md\\\/index.php\\\/conducerea\\\/#breadcrumb\",\"itemListElement\":[{\"@type\":\"ListItem\",\"position\":1,\"name\":\"Prima pagin\u0103\",\"item\":\"https:\\\/\\\/cs-mihaileni.md\\\/\"},{\"@type\":\"ListItem\",\"position\":2,\"name\":\"Conducerea\"}]},{\"@type\":\"WebSite\",\"@id\":\"https:\\\/\\\/cs-mihaileni.md\\\/#website\",\"url\":\"https:\\\/\\\/cs-mihaileni.md\\\/\",\"name\":\"Centrul de S\u0103n\u0103tate Mih\u0103ileni\",\"description\":\"Institu\u0163ie Medico-Sanitar\u0103 Public\u0103\",\"potentialAction\":[{\"@type\":\"SearchAction\",\"target\":{\"@type\":\"EntryPoint\",\"urlTemplate\":\"https:\\\/\\\/cs-mihaileni.md\\\/?s={search_term_string}\"},\"query-input\":{\"@type\":\"PropertyValueSpecification\",\"valueRequired\":true,\"valueName\":\"search_term_string\"}}],\"inLanguage\":\"ro-RO\"}]}<\/script>\n<!-- \/ Yoast SEO plugin. -->","yoast_head_json":{"title":"Conducerea - Centrul de S\u0103n\u0103tate Mih\u0103ileni","robots":{"index":"index","follow":"follow","max-snippet":"max-snippet:-1","max-image-preview":"max-image-preview:large","max-video-preview":"max-video-preview:-1"},"canonical":"https:\/\/cs-mihaileni.md\/index.php\/conducerea\/","og_locale":"ro_RO","og_type":"article","og_title":"Conducerea - Centrul de S\u0103n\u0103tate Mih\u0103ileni","og_description":"\u0218ef IMSP \u201dCS Mih\u0103ileni&nbsp;\u201d: Toma Andrei Medic de familie: Toma Andrei Contabil: Ghijdivan Larisa","og_url":"https:\/\/cs-mihaileni.md\/index.php\/conducerea\/","og_site_name":"Centrul de S\u0103n\u0103tate Mih\u0103ileni","article_modified_time":"2021-03-12T22:20:32+00:00","twitter_card":"summary_large_image","schema":{"@context":"https:\/\/schema.org","@graph":[{"@type":"WebPage","@id":"https:\/\/cs-mihaileni.md\/index.php\/conducerea\/","url":"https:\/\/cs-mihaileni.md\/index.php\/conducerea\/","name":"Conducerea - Centrul de S\u0103n\u0103tate Mih\u0103ileni","isPartOf":{"@id":"https:\/\/cs-mihaileni.md\/#website"},"datePublished":"2021-03-12T21:12:31+00:00","dateModified":"2021-03-12T22:20:32+00:00","breadcrumb":{"@id":"https:\/\/cs-mihaileni.md\/index.php\/conducerea\/#breadcrumb"},"inLanguage":"ro-RO","potentialAction":[{"@type":"ReadAction","target":["https:\/\/cs-mihaileni.md\/index.php\/conducerea\/"]}]},{"@type":"BreadcrumbList","@id":"https:\/\/cs-mihaileni.md\/index.php\/conducerea\/#breadcrumb","itemListElement":[{"@type":"ListItem","position":1,"name":"Prima pagin\u0103","item":"https:\/\/cs-mihaileni.md\/"},{"@type":"ListItem","position":2,"name":"Conducerea"}]},{"@type":"WebSite","@id":"https:\/\/cs-mihaileni.md\/#website","url":"https:\/\/cs-mihaileni.md\/","name":"Centrul de S\u0103n\u0103tate Mih\u0103ileni","description":"Institu\u0163ie Medico-Sanitar\u0103 Public\u0103","potentialAction":[{"@type":"SearchAction","target":{"@type":"EntryPoint","urlTemplate":"https:\/\/cs-mihaileni.md\/?s={search_term_string}"},"query-input":{"@type":"PropertyValueSpecification","valueRequired":true,"valueName":"search_term_string"}}],"inLanguage":"ro-RO"}]}},"_links":{"self":[{"href":"https:\/\/cs-mihaileni.md\/index.php\/wp-json\/wp\/v2\/pages\/212","targetHints":{"allow":["GET"]}}],"collection":[{"href":"https:\/\/cs-mihaileni.md\/index.php\/wp-json\/wp\/v2\/pages"}],"about":[{"href":"https:\/\/cs-mihaileni.md\/index.php\/wp-json\/wp\/v2\/types\/page"}],"author":[{"embeddable":true,"href":"https:\/\/cs-mihaileni.md\/index.php\/wp-json\/wp\/v2\/users\/1"}],"replies":[{"embeddable":true,"href":"https:\/\/cs-mihaileni.md\/index.php\/wp-json\/wp\/v2\/comments?post=212"}],"version-history":[{"count":2,"href":"https:\/\/cs-mihaileni.md\/index.php\/wp-json\/wp\/v2\/pages\/212\/revisions"}],"predecessor-version":[{"id":277,"href":"https:\/\/cs-mihaileni.md\/index.php\/wp-json\/wp\/v2\/pages\/212\/revisions\/277"}],"wp:attachment":[{"href":"https:\/\/cs-mihaileni.md\/index.php\/wp-json\/wp\/v2\/media?parent=212"}],"curies":[{"name":"wp","href":"https:\/\/api.w.org\/{rel}","templated":true}]}}