{"id":216,"date":"2021-03-12T21:12:31","date_gmt":"2021-03-12T21:12:31","guid":{"rendered":"https:\/\/cs-mihaileni.md\/?page_id=216"},"modified":"2021-03-15T19:37:47","modified_gmt":"2021-03-15T19:37:47","slug":"ambulatoriu","status":"publish","type":"page","link":"https:\/\/cs-mihaileni.md\/index.php\/ambulatoriu\/","title":{"rendered":"Ambulatoriu"},"content":{"rendered":"\n<p><strong>1. Pachetul minimal de servicii medicale \u00een asisten\u0163a medical\u0103 ambulatorie cuprinde urm\u0103toarele tipuri de servicii medicale:<\/strong><\/p>\n\n\n\n<p><br>1.1 consultatii pentru situa\u0163iile de urgen\u0163\u0103 medico-chirurgical\u0103<br>1.2 consultatii pentru supravegherea \u0219i depistarea de boli cu poten\u0163ial endemo-epidemic<br>1.3 consulta\u021bii de monitorizare a evolu\u0163iei sarcinii \u015fi lehuziei &#8211; se aplic\u0103 de la data intr\u0103rii \u00een vigoare a art. 220 \u0219i 2621 din Legea 95\/2006 cu modific\u0103rile \u015fi complet\u0103rile ulterioare.<br>1.4 consulta\u0163ii pentru acordarea serviciilor de planificare familial\u0103 &#8211; se aplic\u0103 de la data intr\u0103rii \u00een vigoare a art. 220 \u0219i 2621 din Legea 95\/2006 cu modific\u0103rile \u015fi complet\u0103rile ulterioare.<\/p>\n\n\n\n<p><br><strong>1.1 Serviciile medicale pentru situa\u0163iile de urgen\u0163\u0103 medico-chirurgical\u0103:<\/strong>&nbsp;asisten\u0163\u0103 medical\u0103 de urgen\u0163\u0103 &#8211; anamnez\u0103, examen clinic \u015fi tratament &#8211; se acord\u0103 \u00een limita competen\u0163ei \u015fi a dot\u0103rii tehnice a cabinetului medical \u00een cadrul c\u0103ruia \u00ee\u015fi desf\u0103\u015foar\u0103 activitatea medicul de specialitate Asisten\u0163a medical\u0103 de urgen\u0163\u0103 se refer\u0103 la cazurile de cod ro\u015fu, cod galben \u015fi cod verde prev\u0103zute \u00een anexa nr. 9 la Ordinul ministrului s\u0103n\u0103t\u0103\u0163ii publice \u015fi al ministrului internelor \u015fi reformei administrative nr. 2021\/691\/2008 pentru aprobarea Normelor metodologice de aplicare ale titlului IV &#8222;Sistemul na\u0163ional de asisten\u0163\u0103 medical\u0103 de urgen\u0163\u0103 \u015fi de prim ajutor calificat&#8221; din Legea nr. 95\/2006 privind reforma \u00een domeniul s\u0103n\u0103t\u0103\u0163ii, pentru care medicul de specialitate acord\u0103 primul ajutor \u015fi dac\u0103 este cazul, asigur\u0103 trimiterea pacientului c\u0103tre structurile de urgen\u0163\u0103 specializate sau solicit\u0103 serviciile de ambulan\u0163\u0103, precum \u015fi la cazurile de cod verde prev\u0103zute \u00een anexa nr. 9 la Ordinul ministrului s\u0103n\u0103t\u0103\u0163ii publice \u015fi al ministrului internelor \u015fi reformei administrative nr. 2021\/691\/2008, ce pot fi rezolvate la nivelul cabinetului medical.<\/p>\n\n\n\n<p><br>1.1.1. Se acord\u0103 o singur\u0103 consulta\u0163ie per persoan\u0103 pentru fiecare situa\u0163ie de urgen\u0163\u0103 constatat\u0103, pentru care s-a asigurat primul ajutor sau care a fost rezolvat\u0103 la nivelul cabinetului medical.<\/p>\n\n\n\n<p><br>1.1.2. Condi\u021biile acord\u0103rii se stabilesc prin norme.<\/p>\n\n\n\n<p><br><strong>1.2. Depistarea bolilor cu poten\u0163ial endemo-epidemic<\/strong>&nbsp;\u2013 include, dup\u0103 caz, examen clinic, diagnostic prezumtiv, trimiterea la spitalele de specialitate pentru confirmare \u015fi tratament. Bolile cu&nbsp;poten\u0163ial endemo -epidemic sunt cele prev\u0103zute la punctul II din anexa la Hot\u0103r\u00e2rea Guvernului nr. 1186\/2000 pentru aprobarea listei cuprinz\u00e2nd urgen\u0163ele medico-chirurgicale precum \u015fi bolile infecto-contagioase din grupa A pentru care asigura\u0163ii beneficiaz\u0103 de indemniza\u0163ie pentru incapacitate temporar\u0103 de munc\u0103 f\u0103r\u0103 condi\u0163ii de stagiu de cotizare.<\/p>\n\n\n\n<p><br>1.2.1. Se acord\u0103 o singur\u0103 consulta\u0163ie per persoan\u0103 pentru fiecare boal\u0103 cu poten\u0163ial endemo-epidemic suspicionat\u0103 \u015fi confirmat\u0103.<\/p>\n\n\n\n<p><br><strong>1.3. Consulta\u0163ii pentru monitorizarea evolu\u0163iei sarcinii \u015fi lehuziei<\/strong>&nbsp;se detaliaz\u0103 \u00een norme de la data intrarii in vigoare a dispozitiilor art. 220 \u0219i art. 2621 din Legea 95\/2006 cu modific\u0103rile \u015fi complet\u0103rile ulterioare.<\/p>\n\n\n\n<p><br><strong>1.4. Consulta\u0163ii pentru acordarea serviciilor de planificare familial\u0103<\/strong>&nbsp;se detaliaz\u0103 \u00een norme de la data intr\u0103rii \u00een vigoare a dispozi\u0163iilor art. 220 \u0219i art. 2621 din Legea 95\/2006 cu modific\u0103rile \u015fi complet\u0103rile ulterioare.<\/p>\n","protected":false},"excerpt":{"rendered":"<p>1. Pachetul minimal de servicii medicale \u00een asisten\u0163a medical\u0103 ambulatorie cuprinde urm\u0103toarele tipuri de servicii medicale: 1.1 consultatii pentru situa\u0163iile de urgen\u0163\u0103 medico-chirurgical\u01031.2 consultatii pentru supravegherea \u0219i depistarea de boli cu poten\u0163ial endemo-epidemic1.3 consulta\u021bii de monitorizare a evolu\u0163iei sarcinii \u015fi lehuziei &#8211; se aplic\u0103 de la data intr\u0103rii \u00een vigoare a art. 220 \u0219i 2621&hellip;<\/p>\n","protected":false},"author":1,"featured_media":0,"parent":0,"menu_order":0,"comment_status":"closed","ping_status":"closed","template":"","meta":{"_monsterinsights_skip_tracking":false,"_monsterinsights_sitenote_active":false,"_monsterinsights_sitenote_note":"","_monsterinsights_sitenote_category":0,"footnotes":""},"class_list":["post-216","page","type-page","status-publish","hentry"],"yoast_head":"<!-- This site is optimized with the Yoast SEO plugin v27.4 - https:\/\/yoast.com\/product\/yoast-seo-wordpress\/ -->\n<title>Ambulatoriu - Centrul de S\u0103n\u0103tate Mih\u0103ileni<\/title>\n<meta name=\"robots\" content=\"index, follow, max-snippet:-1, max-image-preview:large, max-video-preview:-1\" \/>\n<link rel=\"canonical\" href=\"https:\/\/cs-mihaileni.md\/index.php\/ambulatoriu\/\" \/>\n<meta property=\"og:locale\" content=\"ro_RO\" \/>\n<meta property=\"og:type\" content=\"article\" \/>\n<meta property=\"og:title\" content=\"Ambulatoriu - Centrul de S\u0103n\u0103tate Mih\u0103ileni\" \/>\n<meta property=\"og:description\" content=\"1. Pachetul minimal de servicii medicale \u00een asisten\u0163a medical\u0103 ambulatorie cuprinde urm\u0103toarele tipuri de servicii medicale: 1.1 consultatii pentru situa\u0163iile de urgen\u0163\u0103 medico-chirurgical\u01031.2 consultatii pentru supravegherea \u0219i depistarea de boli cu poten\u0163ial endemo-epidemic1.3 consulta\u021bii de monitorizare a evolu\u0163iei sarcinii \u015fi lehuziei &#8211; se aplic\u0103 de la data intr\u0103rii \u00een vigoare a art. 220 \u0219i 2621&hellip;\" \/>\n<meta property=\"og:url\" content=\"https:\/\/cs-mihaileni.md\/index.php\/ambulatoriu\/\" \/>\n<meta property=\"og:site_name\" content=\"Centrul de S\u0103n\u0103tate Mih\u0103ileni\" \/>\n<meta property=\"article:modified_time\" content=\"2021-03-15T19:37:47+00:00\" \/>\n<meta name=\"twitter:card\" content=\"summary_large_image\" \/>\n<meta name=\"twitter:label1\" content=\"Timp estimat pentru citire\" \/>\n\t<meta name=\"twitter:data1\" content=\"2 minute\" \/>\n<script type=\"application\/ld+json\" class=\"yoast-schema-graph\">{\"@context\":\"https:\\\/\\\/schema.org\",\"@graph\":[{\"@type\":\"WebPage\",\"@id\":\"https:\\\/\\\/cs-mihaileni.md\\\/index.php\\\/ambulatoriu\\\/\",\"url\":\"https:\\\/\\\/cs-mihaileni.md\\\/index.php\\\/ambulatoriu\\\/\",\"name\":\"Ambulatoriu - Centrul de S\u0103n\u0103tate Mih\u0103ileni\",\"isPartOf\":{\"@id\":\"https:\\\/\\\/cs-mihaileni.md\\\/#website\"},\"datePublished\":\"2021-03-12T21:12:31+00:00\",\"dateModified\":\"2021-03-15T19:37:47+00:00\",\"breadcrumb\":{\"@id\":\"https:\\\/\\\/cs-mihaileni.md\\\/index.php\\\/ambulatoriu\\\/#breadcrumb\"},\"inLanguage\":\"ro-RO\",\"potentialAction\":[{\"@type\":\"ReadAction\",\"target\":[\"https:\\\/\\\/cs-mihaileni.md\\\/index.php\\\/ambulatoriu\\\/\"]}]},{\"@type\":\"BreadcrumbList\",\"@id\":\"https:\\\/\\\/cs-mihaileni.md\\\/index.php\\\/ambulatoriu\\\/#breadcrumb\",\"itemListElement\":[{\"@type\":\"ListItem\",\"position\":1,\"name\":\"Prima pagin\u0103\",\"item\":\"https:\\\/\\\/cs-mihaileni.md\\\/\"},{\"@type\":\"ListItem\",\"position\":2,\"name\":\"Ambulatoriu\"}]},{\"@type\":\"WebSite\",\"@id\":\"https:\\\/\\\/cs-mihaileni.md\\\/#website\",\"url\":\"https:\\\/\\\/cs-mihaileni.md\\\/\",\"name\":\"Centrul de S\u0103n\u0103tate Mih\u0103ileni\",\"description\":\"Institu\u0163ie Medico-Sanitar\u0103 Public\u0103\",\"potentialAction\":[{\"@type\":\"SearchAction\",\"target\":{\"@type\":\"EntryPoint\",\"urlTemplate\":\"https:\\\/\\\/cs-mihaileni.md\\\/?s={search_term_string}\"},\"query-input\":{\"@type\":\"PropertyValueSpecification\",\"valueRequired\":true,\"valueName\":\"search_term_string\"}}],\"inLanguage\":\"ro-RO\"}]}<\/script>\n<!-- \/ Yoast SEO plugin. -->","yoast_head_json":{"title":"Ambulatoriu - Centrul de S\u0103n\u0103tate Mih\u0103ileni","robots":{"index":"index","follow":"follow","max-snippet":"max-snippet:-1","max-image-preview":"max-image-preview:large","max-video-preview":"max-video-preview:-1"},"canonical":"https:\/\/cs-mihaileni.md\/index.php\/ambulatoriu\/","og_locale":"ro_RO","og_type":"article","og_title":"Ambulatoriu - Centrul de S\u0103n\u0103tate Mih\u0103ileni","og_description":"1. Pachetul minimal de servicii medicale \u00een asisten\u0163a medical\u0103 ambulatorie cuprinde urm\u0103toarele tipuri de servicii medicale: 1.1 consultatii pentru situa\u0163iile de urgen\u0163\u0103 medico-chirurgical\u01031.2 consultatii pentru supravegherea \u0219i depistarea de boli cu poten\u0163ial endemo-epidemic1.3 consulta\u021bii de monitorizare a evolu\u0163iei sarcinii \u015fi lehuziei &#8211; se aplic\u0103 de la data intr\u0103rii \u00een vigoare a art. 220 \u0219i 2621&hellip;","og_url":"https:\/\/cs-mihaileni.md\/index.php\/ambulatoriu\/","og_site_name":"Centrul de S\u0103n\u0103tate Mih\u0103ileni","article_modified_time":"2021-03-15T19:37:47+00:00","twitter_card":"summary_large_image","twitter_misc":{"Timp estimat pentru citire":"2 minute"},"schema":{"@context":"https:\/\/schema.org","@graph":[{"@type":"WebPage","@id":"https:\/\/cs-mihaileni.md\/index.php\/ambulatoriu\/","url":"https:\/\/cs-mihaileni.md\/index.php\/ambulatoriu\/","name":"Ambulatoriu - Centrul de S\u0103n\u0103tate Mih\u0103ileni","isPartOf":{"@id":"https:\/\/cs-mihaileni.md\/#website"},"datePublished":"2021-03-12T21:12:31+00:00","dateModified":"2021-03-15T19:37:47+00:00","breadcrumb":{"@id":"https:\/\/cs-mihaileni.md\/index.php\/ambulatoriu\/#breadcrumb"},"inLanguage":"ro-RO","potentialAction":[{"@type":"ReadAction","target":["https:\/\/cs-mihaileni.md\/index.php\/ambulatoriu\/"]}]},{"@type":"BreadcrumbList","@id":"https:\/\/cs-mihaileni.md\/index.php\/ambulatoriu\/#breadcrumb","itemListElement":[{"@type":"ListItem","position":1,"name":"Prima pagin\u0103","item":"https:\/\/cs-mihaileni.md\/"},{"@type":"ListItem","position":2,"name":"Ambulatoriu"}]},{"@type":"WebSite","@id":"https:\/\/cs-mihaileni.md\/#website","url":"https:\/\/cs-mihaileni.md\/","name":"Centrul de S\u0103n\u0103tate Mih\u0103ileni","description":"Institu\u0163ie Medico-Sanitar\u0103 Public\u0103","potentialAction":[{"@type":"SearchAction","target":{"@type":"EntryPoint","urlTemplate":"https:\/\/cs-mihaileni.md\/?s={search_term_string}"},"query-input":{"@type":"PropertyValueSpecification","valueRequired":true,"valueName":"search_term_string"}}],"inLanguage":"ro-RO"}]}},"_links":{"self":[{"href":"https:\/\/cs-mihaileni.md\/index.php\/wp-json\/wp\/v2\/pages\/216","targetHints":{"allow":["GET"]}}],"collection":[{"href":"https:\/\/cs-mihaileni.md\/index.php\/wp-json\/wp\/v2\/pages"}],"about":[{"href":"https:\/\/cs-mihaileni.md\/index.php\/wp-json\/wp\/v2\/types\/page"}],"author":[{"embeddable":true,"href":"https:\/\/cs-mihaileni.md\/index.php\/wp-json\/wp\/v2\/users\/1"}],"replies":[{"embeddable":true,"href":"https:\/\/cs-mihaileni.md\/index.php\/wp-json\/wp\/v2\/comments?post=216"}],"version-history":[{"count":2,"href":"https:\/\/cs-mihaileni.md\/index.php\/wp-json\/wp\/v2\/pages\/216\/revisions"}],"predecessor-version":[{"id":275,"href":"https:\/\/cs-mihaileni.md\/index.php\/wp-json\/wp\/v2\/pages\/216\/revisions\/275"}],"wp:attachment":[{"href":"https:\/\/cs-mihaileni.md\/index.php\/wp-json\/wp\/v2\/media?parent=216"}],"curies":[{"name":"wp","href":"https:\/\/api.w.org\/{rel}","templated":true}]}}