{"id":593,"date":"2022-01-13T23:33:28","date_gmt":"2022-01-13T23:33:28","guid":{"rendered":"https:\/\/cs-mihaileni.md\/?page_id=593"},"modified":"2022-01-14T00:19:10","modified_gmt":"2022-01-14T00:19:10","slug":"programare-la-vaccinare","status":"publish","type":"page","link":"https:\/\/cs-mihaileni.md\/index.php\/programare-la-vaccinare\/","title":{"rendered":"Programare la vaccinare"},"content":{"rendered":"\n<p style=\"font-size:18px\">Procesul de vaccinare \u00eempotriva virusului SARS-Cov-2, a \u00eenceput \u00een luna martie 2021. IMSP CS Mih\u0103ileni \u00eendeamn\u0103 toti cet\u0103\u021benii de a se vaccina, \u00een special oamenii ce sunt inclu\u0219i \u00een categoria de risc. Mai jos g\u0103si\u021bi butonul cu portalul na\u021bional de programare la vaccin anti Covid 19.  V\u0103 a\u0219tept\u0103m cu drag!<\/p>\n\n\n\n<div id=\"section-g0f323a\" class=\"wp-block-gutentor-e2 section-g0f323a gutentor-element gutentor-element-button\"><span class=\"gutentor-button-wrap\"><a class=\"gutentor-button gutentor-block-button gutentor-icon-hide\" href=\"https:\/\/programare-vaccinare.gov.md\/programare.php\" target=\"_blank\" rel=\"noopener noreferrer\"><i class=\"gutentor-button-icon fas fa-book\"><\/i><span>Programare la Vaccinare<\/span><\/a><\/span><\/div>\n\n\n\n<p>Mai jos sunt afi\u0219ate toate tipurile de vaccin disponibile cu descrierea acestora.<\/p>\n\n\n\n<p>AstraZeneca, Pfizer, Moderna, Sinopfarm, SputnikV, CoronaVac,Johnson &amp; Johnson<\/p>\n\n\n\n<p><strong>Ce este vaccinul AstraZeneca?<\/strong><\/p>\n\n\n\n<p><strong>Vaccinul AstraZeneca<\/strong>&nbsp;este un vaccin pentru prevenirea bolii coronavirusului 2019 (COVID-19) la persoane cu v\u00e2rsta de cel pu\u021bin 18 ani. Acesta este alc\u0103tuit dintr-un alt virus (din familia adenovirusurilor) care a fost modificat pentru a con\u021bine gena pentru producerea unei proteine din SARS-CoV-2.&nbsp;<strong>Vaccinul AstraZeneca<\/strong>&nbsp;nu con\u021bine virusul \u00een sine \u0219i nu poate cauza COVID-19.<\/p>\n\n\n\n<p><strong>Cum se utilizeaz\u0103 vaccinul AstraZeneca?<\/strong><\/p>\n\n\n\n<p><strong>Vaccinul AstraZeneca<\/strong>&nbsp;se administreaz\u0103 sub form\u0103 de dou\u0103 injec\u021bii, de obicei \u00een mu\u0219chiul din partea superioar\u0103 a bra\u021bului. A doua doz\u0103 trebuie administrat\u0103 \u00eentre 4 \u0219i 12 s\u0103pt\u0103m\u00e2ni de la prima doz\u0103.<strong>&nbsp;<\/strong><\/p>\n\n\n\n<p><strong>Cum ac\u021bioneaz\u0103 vaccinul AstraZeneca?<\/strong><\/p>\n\n\n\n<p><strong>Vaccinul AstraZeneca<\/strong>\u00a0ac\u021bioneaz\u0103 preg\u0103tind organismul s\u0103 se apere \u00eempotriva COVID-19. Este alc\u0103tuit dintr-un alt virus (adenovirus), care a fost modificat pentru a con\u021bine gena pentru producerea proteinei virale de suprafa\u021b\u0103 din SARS-CoV-2. Aceasta este o protein\u0103 de pe suprafa\u021ba virusului SARSCoV-2 de care acesta are nevoie pentru a p\u0103trunde \u00een celulele organismului. Dup\u0103 administrare, vaccinul elibereaz\u0103 gena SARS-CoV-2 \u00een celulele din organism. Celulele vor utiliza aceast\u0103 gen\u0103 pentru a produce proteina viral\u0103 de suprafa\u021b\u0103. Sistemul imunitar al persoanei va recunoa\u0219te apoi aceast\u0103 protein\u0103 ca fiind str\u0103in\u0103, va produce anticorpi \u0219i va activa limfocitele T (globulele albe) pentru a o ataca. Dac\u0103, ulterior, persoana intr\u0103 \u00een contact cu virusul SARS-CoV-2, sistemul s\u0103u imunitar va recunoa\u0219te virusul \u0219i va fi preg\u0103tit s\u0103 apere organismul de acesta. Adenovirusul din vaccin nu se poate reproduce \u0219i nu cauzeaz\u0103 boala.<\/p>\n\n\n\n<p><\/p>\n\n\n\n<p><strong>Pfizer<\/strong><a href=\"javascript:void(0);\"><\/a><\/p>\n\n\n\n<p><strong>ARNm BNT162b2 (vaccinul Pfizer-BioNTech COVID-19)<\/strong><\/p>\n\n\n\n<p>Acest vaccin mARN este livrat \u00eentr-o nanoparticul\u0103 lipidic\u0103 pentru a exprima o protein\u0103 spike de lungime complet\u0103.&nbsp;BNT162b2 a fost autorizat pentru utilizare \u00een mai multe state, inclusiv \u00een<br>Statele Unite, Regatul Unit (Marea Britanie), \u021b\u0103rile din Uniunea European\u0103 \u0219i Canada.<\/p>\n\n\n\n<p><strong>Imunogenitatea<\/strong>&nbsp;&#8211; \u00centr-un studiu randomizat de cre\u0219tere a dozei, controlat cu placebo, la adul\u021bi s\u0103n\u0103to\u0219i cu v\u00e2rsta cuprins\u0103 \u00eentre 18 \u0219i 85 de ani, s-au demonstrat r\u0103spunsuri de legare \u0219i neutralizare a anticorpilor comparabile cu cele din plasma convalescent\u0103 de la pacien\u021bii care aveau infec\u021bia SARS-CoV-2 forma asimptomatic\u0103 sau moderat\u0103.<\/p>\n\n\n\n<p>R\u0103spunsul imun la participan\u021bii cu v\u00e2rsta \u2265 65 de ani a fost, \u00een general, mai mic dec\u00e2t la subiec\u021bii mai tineri, dar totu\u0219i comparabile cu titrurile plasmei convalescente.&nbsp;Plasma participan\u021bilor la studiu vaccina\u021bi cu BNT162b2 pare s\u0103 men\u021bin\u0103 activitatea neutralizant\u0103 \u00eempotriva B.1.1.7 &#8211; o nou\u0103 tulpin\u0103 viral\u0103 care a ap\u0103rut ca variant\u0103 dominant\u0103 \u00een Regatul Unit \u0219i a fost identificat\u0103 \u0219i \u00een alte \u021b\u0103ri.&nbsp;Conform datelor preliminare, neutralizeaz\u0103, de asemenea, virusul care con\u021bine muta\u021bii ale proteinelor spike identificate la B.1.351, o alt\u0103 tulpin\u0103 viral\u0103 care a ap\u0103rut ca variant\u0103 dominant\u0103 \u00een Africa de Sud, de\u0219i titrurile anticorpilor neutralizan\u021bi sunt mai mici (\u00eentr-un studiu, cu aproximativ dou\u0103 treimi mai mici) dec\u00e2t cele pentru alte tulpini circulante.<\/p>\n\n\n\n<p><strong>Eficien\u021ba<\/strong>\u00a0&#8211; \u00centr-un studiu amplu de faz\u0103 III controlat cu placebo, acest vaccin a avut o eficien\u021b\u0103 de 95% \u00een prevenirea COVID-19 simptomatic \u00eencep\u00e2nd cu ziua a 7-a dup\u0103 administrarea dozei a doua.\u00a0\u00a0<\/p>\n\n\n\n<p><\/p>\n\n\n\n<p><strong>Moderna<\/strong><a href=\"javascript:void(0);\"><\/a><\/p>\n\n\n\n<p><strong>Informa\u021bii generale privind vaccinurile cu ARNm<\/strong><\/p>\n\n\n\n<p>Avantajul vaccinurilor pe baz\u0103 de ARN este poten\u021bialul lor de a fi dezvoltate \u00eentr-un<br>regim accelerat \u0219i prezen\u021ba efectelor secundare reduse. Vaccinuri pe baz\u0103 de ARNm nu prezint\u0103<br>riscul integr\u0103rii cu genomul celulei gazd\u0103 \u0219i sunt capabili s\u0103 produc\u0103 proteine \u200b\u200bvirale pure.<br>ARNm este exprimat tranzitoriu, permi\u021b\u00e2nd astfel fabricarea de proteine \u200b\u200b\u00een interiorul<br>celulei. Tehnologia vaccinului cu ARNm formulat cu nanoparticule lipidice (LNP) permite<br>furnizarea de informa\u021bii genetice precise \u00eempreun\u0103 cu un efect adjuvant c\u0103tre celulele care<br>prezint\u0103 antigen. Este molecular bine definit, lipsit de materiale de origine animal\u0103 \u0219i sintetizat<br>printr-un proces de transcrip\u021bie in vitro eficient. Tehnologia asociat\u0103 acestui vaccin este, de<br>asemenea, capabil\u0103 s\u0103 ocoleasc\u0103 procesele de standardizare care necesit\u0103 mult timp, acceler\u00e2nd<br>astfel produc\u021bia sa comercial\u0103. Procese de fabricare rapide \u0219i extrem de calabile ale ARNm \u0219i<br>formul\u0103rile LNP, permit producerea rapid\u0103 a mai multor doze de vaccin, f\u0103c\u00e2ndu-l potrivit<br>pentru dezvoltarea rapid\u0103 a vaccinului \u0219i furnizarea de vaccinuri pandemice.<\/p>\n\n\n\n<p><strong>Ce este COVID-19 Vaccine Moderna (mRNA-1273 v)<\/strong><\/p>\n\n\n\n<p>Vaccinul mARN-1273 COVID-19 al vaccinului Moderna este un vaccin mARN<br>\u00eencapsulat cu nanoproteine lipidice LNP care exprim\u0103 glicoproteina spike.<br>A fost dezvoltat de Moderna \u0219i Centrul de cercetare a vaccinurilor de la Institutul<br>Na\u021bional de Alergii \u0219i Boli contagioase (NIAID) din SUA. Moderna este un vaccin pentru<br>prevenirea bolii coronavirusului 2019 (COVID-19) la persoanele cu v\u00e2rsta de cel pu\u021bin 18 ani.<\/p>\n\n\n\n<p><\/p>\n\n\n\n<p><strong>Sinopharm<\/strong><a href=\"javascript:void(0);\"><\/a><\/p>\n\n\n\n<p>Vaccinul \u00eempotriva COVID-19 (BBIBP-CorV) produs de&nbsp;<strong>Sinopharm<\/strong>&nbsp;este un vaccin inactivat cu o eficacitate raportat\u0103 de 79.3%. Vaccinul a fost testat \u00een faza 3 de pe peste 60.000 de voluntari \u00een 10 \u021b\u0103ri de pe continente diferite. Conform rezultatelor fazei 3 de testare din Emiratele Arabe Unite care s-a desf\u0103\u0219urat pe 31.000 de voluntari, vaccinul Sinopharm are o eficien\u021b\u0103 de 100% \u00eempotriva formelor medii \u0219i severe de COVID-19.<\/p>\n\n\n\n<p>Vaccinul se administreaz\u0103 \u00een dou\u0103 doze la interval de 3 s\u0103pt\u0103m\u00e2ni \u0219i poate fi stocat la temperatur\u0103 de +2C &#8211; +8C.<\/p>\n\n\n\n<p><\/p>\n\n\n\n<p><strong>Sputnik-V (Gam-COVID-Vac)<\/strong><a href=\"javascript:void(0);\"><\/a><\/p>\n\n\n\n<p><strong>Vaccinul Sputnik \u2013V<\/strong>&nbsp;este un vaccin vector viral nereplicativ (adenovirus recombinant heterology AD26 \u0219i Ad5),&nbsp; pentru prevenirea bolii COVID-19.&nbsp; Vaccinul este unul sigur \u0219i eficient, fiind aprobat \u00een 62 \u021b\u0103ri, inclusiv \u0219i \u00een Republica Moldova. &nbsp;Acesta poate fi administrat persoanelor adulte, cu v\u00e2rsta de la 18 ani.<\/p>\n\n\n\n<p><strong>Condi\u021bii de p\u0103strare:<\/strong>&nbsp;-18<sup>o<\/sup>C<\/p>\n\n\n\n<p><strong>Schema de administrare:<\/strong>\u00a02 doze la un interval de 21 zile, administrare intramuscular\u0103<\/p>\n\n\n\n<p><\/p>\n\n\n\n<p><strong>CoronaVac COVID-19 Vaccine<\/strong><\/p>\n\n\n\n<p>CoronaVac e un vaccin care a fost dezvoltat de compania biofarmaceutic\u0103 Sinovac Biotech din China. Substan\u021ba activ\u0103 a CoronaVac este virusul SARS-CoV-2 inactivat (tulpina CZ02). Astfel, vaccinul e destinat pentru prevenirea infec\u021biei cu COVID-19 \u00een cazul persoanelor cu v\u00e2rsta de cel pu\u021bin 18 ani.<\/p>\n\n\n\n<p><strong>Condi\u021bii de p\u0103strare \u0219i administrare<\/strong><\/p>\n\n\n\n<p>Vaccinul se p\u0103streaz\u0103 la temperaturi de +2&#8230;+8 grade Celsius. Acesta se administreaz\u0103 intramuscular \u00een dou\u0103 etape la un interval de 28 de zile.<\/p>\n\n\n\n<p><\/p>\n\n\n\n<p><strong>Janssen\/Johnson &amp; Johnson<\/strong><a href=\"javascript:void(0);\"><\/a><\/p>\n\n\n\n<p><strong>Ce este vaccinul Janssen\/Johnson &amp; Johnson?<\/strong><\/p>\n\n\n\n<p>Vaccinul&nbsp;<strong>Janssen\/Johnson &amp; Johnson<\/strong>&nbsp;(Ad26.COV2.S) este produs de compania american\u0103 farmaceutic\u0103 Johnson &amp; Johnson, pentru a preveni infectarea cu virusul COVID-19. Potrivit produc\u0103torului, vaccinul COVID-19 valorific\u0103 platforma de vaccinuri vector virale nereplicativ AdVac<sup>\u00ae<\/sup>, o tehnologie unic\u0103 care a fost utilizat\u0103 \u0219i pentru dezvoltarea vaccinului \u00eempotriva maladiei Ebola, aprobat\u0103 de Comisia European\u0103.<\/p>\n\n\n\n<p>Potrivit studiilor clinice, imunitatea oferit\u0103 de vaccinul Johnson &amp; Johnson dureaz\u0103 cel pu\u021bin opt luni \u0219i e eficient\u0103 \u00eempotriva variantei Delta.<\/p>\n\n\n\n<p><strong>Cum se utilizeaz\u0103 vaccinul Janssen\/Johnson &amp; Johnson?<\/strong><\/p>\n\n\n\n<p>Vaccinul se administreaz\u0103 intramuscular \u00eentr-o singur\u0103 doz\u0103 \u0219i e recomandat persoanelor cu v\u00e2rsta de cel pu\u021bin 18 ani.<\/p>\n","protected":false},"excerpt":{"rendered":"<p>Procesul de vaccinare \u00eempotriva virusului SARS-Cov-2, a \u00eenceput \u00een luna martie 2021. IMSP CS Mih\u0103ileni \u00eendeamn\u0103 toti cet\u0103\u021benii de a se vaccina, \u00een special oamenii ce sunt inclu\u0219i \u00een categoria de risc. Mai jos g\u0103si\u021bi butonul cu portalul na\u021bional de programare la vaccin anti Covid 19. V\u0103 a\u0219tept\u0103m cu drag! Mai jos sunt afi\u0219ate toate&hellip;<\/p>\n","protected":false},"author":1,"featured_media":0,"parent":0,"menu_order":0,"comment_status":"closed","ping_status":"closed","template":"","meta":{"_monsterinsights_skip_tracking":false,"_monsterinsights_sitenote_active":false,"_monsterinsights_sitenote_note":"","_monsterinsights_sitenote_category":0,"footnotes":""},"class_list":["post-593","page","type-page","status-publish","hentry"],"yoast_head":"<!-- This site is optimized with the Yoast SEO plugin v27.4 - https:\/\/yoast.com\/product\/yoast-seo-wordpress\/ -->\n<title>Programare la vaccinare - Centrul de S\u0103n\u0103tate Mih\u0103ileni<\/title>\n<meta name=\"robots\" content=\"index, follow, max-snippet:-1, max-image-preview:large, max-video-preview:-1\" \/>\n<link rel=\"canonical\" href=\"https:\/\/cs-mihaileni.md\/index.php\/programare-la-vaccinare\/\" \/>\n<meta property=\"og:locale\" content=\"ro_RO\" \/>\n<meta property=\"og:type\" content=\"article\" \/>\n<meta property=\"og:title\" content=\"Programare la vaccinare - Centrul de S\u0103n\u0103tate Mih\u0103ileni\" \/>\n<meta property=\"og:description\" content=\"Procesul de vaccinare \u00eempotriva virusului SARS-Cov-2, a \u00eenceput \u00een luna martie 2021. IMSP CS Mih\u0103ileni \u00eendeamn\u0103 toti cet\u0103\u021benii de a se vaccina, \u00een special oamenii ce sunt inclu\u0219i \u00een categoria de risc. Mai jos g\u0103si\u021bi butonul cu portalul na\u021bional de programare la vaccin anti Covid 19. V\u0103 a\u0219tept\u0103m cu drag! Mai jos sunt afi\u0219ate toate&hellip;\" \/>\n<meta property=\"og:url\" content=\"https:\/\/cs-mihaileni.md\/index.php\/programare-la-vaccinare\/\" \/>\n<meta property=\"og:site_name\" content=\"Centrul de S\u0103n\u0103tate Mih\u0103ileni\" \/>\n<meta property=\"article:modified_time\" content=\"2022-01-14T00:19:10+00:00\" \/>\n<meta name=\"twitter:card\" content=\"summary_large_image\" \/>\n<meta name=\"twitter:label1\" content=\"Timp estimat pentru citire\" \/>\n\t<meta name=\"twitter:data1\" content=\"7 minute\" \/>\n<script type=\"application\/ld+json\" class=\"yoast-schema-graph\">{\"@context\":\"https:\\\/\\\/schema.org\",\"@graph\":[{\"@type\":\"WebPage\",\"@id\":\"https:\\\/\\\/cs-mihaileni.md\\\/index.php\\\/programare-la-vaccinare\\\/\",\"url\":\"https:\\\/\\\/cs-mihaileni.md\\\/index.php\\\/programare-la-vaccinare\\\/\",\"name\":\"Programare la vaccinare - Centrul de S\u0103n\u0103tate Mih\u0103ileni\",\"isPartOf\":{\"@id\":\"https:\\\/\\\/cs-mihaileni.md\\\/#website\"},\"datePublished\":\"2022-01-13T23:33:28+00:00\",\"dateModified\":\"2022-01-14T00:19:10+00:00\",\"breadcrumb\":{\"@id\":\"https:\\\/\\\/cs-mihaileni.md\\\/index.php\\\/programare-la-vaccinare\\\/#breadcrumb\"},\"inLanguage\":\"ro-RO\",\"potentialAction\":[{\"@type\":\"ReadAction\",\"target\":[\"https:\\\/\\\/cs-mihaileni.md\\\/index.php\\\/programare-la-vaccinare\\\/\"]}]},{\"@type\":\"BreadcrumbList\",\"@id\":\"https:\\\/\\\/cs-mihaileni.md\\\/index.php\\\/programare-la-vaccinare\\\/#breadcrumb\",\"itemListElement\":[{\"@type\":\"ListItem\",\"position\":1,\"name\":\"Prima pagin\u0103\",\"item\":\"https:\\\/\\\/cs-mihaileni.md\\\/\"},{\"@type\":\"ListItem\",\"position\":2,\"name\":\"Programare la vaccinare\"}]},{\"@type\":\"WebSite\",\"@id\":\"https:\\\/\\\/cs-mihaileni.md\\\/#website\",\"url\":\"https:\\\/\\\/cs-mihaileni.md\\\/\",\"name\":\"Centrul de S\u0103n\u0103tate Mih\u0103ileni\",\"description\":\"Institu\u0163ie Medico-Sanitar\u0103 Public\u0103\",\"potentialAction\":[{\"@type\":\"SearchAction\",\"target\":{\"@type\":\"EntryPoint\",\"urlTemplate\":\"https:\\\/\\\/cs-mihaileni.md\\\/?s={search_term_string}\"},\"query-input\":{\"@type\":\"PropertyValueSpecification\",\"valueRequired\":true,\"valueName\":\"search_term_string\"}}],\"inLanguage\":\"ro-RO\"}]}<\/script>\n<!-- \/ Yoast SEO plugin. -->","yoast_head_json":{"title":"Programare la vaccinare - Centrul de S\u0103n\u0103tate Mih\u0103ileni","robots":{"index":"index","follow":"follow","max-snippet":"max-snippet:-1","max-image-preview":"max-image-preview:large","max-video-preview":"max-video-preview:-1"},"canonical":"https:\/\/cs-mihaileni.md\/index.php\/programare-la-vaccinare\/","og_locale":"ro_RO","og_type":"article","og_title":"Programare la vaccinare - Centrul de S\u0103n\u0103tate Mih\u0103ileni","og_description":"Procesul de vaccinare \u00eempotriva virusului SARS-Cov-2, a \u00eenceput \u00een luna martie 2021. IMSP CS Mih\u0103ileni \u00eendeamn\u0103 toti cet\u0103\u021benii de a se vaccina, \u00een special oamenii ce sunt inclu\u0219i \u00een categoria de risc. Mai jos g\u0103si\u021bi butonul cu portalul na\u021bional de programare la vaccin anti Covid 19. V\u0103 a\u0219tept\u0103m cu drag! Mai jos sunt afi\u0219ate toate&hellip;","og_url":"https:\/\/cs-mihaileni.md\/index.php\/programare-la-vaccinare\/","og_site_name":"Centrul de S\u0103n\u0103tate Mih\u0103ileni","article_modified_time":"2022-01-14T00:19:10+00:00","twitter_card":"summary_large_image","twitter_misc":{"Timp estimat pentru citire":"7 minute"},"schema":{"@context":"https:\/\/schema.org","@graph":[{"@type":"WebPage","@id":"https:\/\/cs-mihaileni.md\/index.php\/programare-la-vaccinare\/","url":"https:\/\/cs-mihaileni.md\/index.php\/programare-la-vaccinare\/","name":"Programare la vaccinare - Centrul de S\u0103n\u0103tate Mih\u0103ileni","isPartOf":{"@id":"https:\/\/cs-mihaileni.md\/#website"},"datePublished":"2022-01-13T23:33:28+00:00","dateModified":"2022-01-14T00:19:10+00:00","breadcrumb":{"@id":"https:\/\/cs-mihaileni.md\/index.php\/programare-la-vaccinare\/#breadcrumb"},"inLanguage":"ro-RO","potentialAction":[{"@type":"ReadAction","target":["https:\/\/cs-mihaileni.md\/index.php\/programare-la-vaccinare\/"]}]},{"@type":"BreadcrumbList","@id":"https:\/\/cs-mihaileni.md\/index.php\/programare-la-vaccinare\/#breadcrumb","itemListElement":[{"@type":"ListItem","position":1,"name":"Prima pagin\u0103","item":"https:\/\/cs-mihaileni.md\/"},{"@type":"ListItem","position":2,"name":"Programare la vaccinare"}]},{"@type":"WebSite","@id":"https:\/\/cs-mihaileni.md\/#website","url":"https:\/\/cs-mihaileni.md\/","name":"Centrul de S\u0103n\u0103tate Mih\u0103ileni","description":"Institu\u0163ie Medico-Sanitar\u0103 Public\u0103","potentialAction":[{"@type":"SearchAction","target":{"@type":"EntryPoint","urlTemplate":"https:\/\/cs-mihaileni.md\/?s={search_term_string}"},"query-input":{"@type":"PropertyValueSpecification","valueRequired":true,"valueName":"search_term_string"}}],"inLanguage":"ro-RO"}]}},"_links":{"self":[{"href":"https:\/\/cs-mihaileni.md\/index.php\/wp-json\/wp\/v2\/pages\/593","targetHints":{"allow":["GET"]}}],"collection":[{"href":"https:\/\/cs-mihaileni.md\/index.php\/wp-json\/wp\/v2\/pages"}],"about":[{"href":"https:\/\/cs-mihaileni.md\/index.php\/wp-json\/wp\/v2\/types\/page"}],"author":[{"embeddable":true,"href":"https:\/\/cs-mihaileni.md\/index.php\/wp-json\/wp\/v2\/users\/1"}],"replies":[{"embeddable":true,"href":"https:\/\/cs-mihaileni.md\/index.php\/wp-json\/wp\/v2\/comments?post=593"}],"version-history":[{"count":6,"href":"https:\/\/cs-mihaileni.md\/index.php\/wp-json\/wp\/v2\/pages\/593\/revisions"}],"predecessor-version":[{"id":613,"href":"https:\/\/cs-mihaileni.md\/index.php\/wp-json\/wp\/v2\/pages\/593\/revisions\/613"}],"wp:attachment":[{"href":"https:\/\/cs-mihaileni.md\/index.php\/wp-json\/wp\/v2\/media?parent=593"}],"curies":[{"name":"wp","href":"https:\/\/api.w.org\/{rel}","templated":true}]}}