{"id":594,"date":"2022-01-13T23:33:28","date_gmt":"2022-01-13T23:33:28","guid":{"rendered":"https:\/\/cs-mihaileni.md\/?page_id=594"},"modified":"2022-01-14T00:05:53","modified_gmt":"2022-01-14T00:05:53","slug":"descarca-certificat-de-vaccinare","status":"publish","type":"page","link":"https:\/\/cs-mihaileni.md\/index.php\/descarca-certificat-de-vaccinare\/","title":{"rendered":"Descarc\u0103 Certificat de Vaccinare"},"content":{"rendered":"\n<p style=\"font-size:18px\">GENERARE CERTIFICAT COVID-19<\/p>\n\n\n\n<p style=\"font-size:18px\">Pentru a genera certificatul ce atest\u0103 vaccinarea anti COVID &#8211; 19,  v\u0103 rug\u0103m s\u0103 accesa\u021bi butonul jos indicat \u0219i s\u0103 completa\u021bi toate c\u00e2mpurile obligatorii.<\/p>\n\n\n\n<div id=\"section-g9d6595\" class=\"wp-block-gutentor-e2 section-g9d6595 gutentor-element gutentor-element-button\"><span class=\"gutentor-button-wrap\"><a class=\"gutentor-button gutentor-block-button gutentor-icon-hide\" href=\"https:\/\/certificate-covid.gov.md\/download.php\" target=\"_blank\" rel=\"noopener noreferrer\"><i class=\"gutentor-button-icon fas fa-book\"><\/i><span>Descarc\u0103 certificat Covid-19<\/span><\/a><\/span><\/div>\n","protected":false},"excerpt":{"rendered":"<p>GENERARE CERTIFICAT COVID-19 Pentru a genera certificatul ce atest\u0103 vaccinarea anti COVID &#8211; 19, v\u0103 rug\u0103m s\u0103 accesa\u021bi butonul jos indicat \u0219i s\u0103 completa\u021bi toate c\u00e2mpurile obligatorii.<\/p>\n","protected":false},"author":1,"featured_media":0,"parent":0,"menu_order":0,"comment_status":"closed","ping_status":"closed","template":"","meta":{"_monsterinsights_skip_tracking":false,"_monsterinsights_sitenote_active":false,"_monsterinsights_sitenote_note":"","_monsterinsights_sitenote_category":0,"footnotes":""},"class_list":["post-594","page","type-page","status-publish","hentry"],"yoast_head":"<!-- This site is optimized with the Yoast SEO plugin v27.4 - https:\/\/yoast.com\/product\/yoast-seo-wordpress\/ -->\n<title>Descarc\u0103 Certificat de Vaccinare - Centrul de S\u0103n\u0103tate Mih\u0103ileni<\/title>\n<meta name=\"robots\" content=\"index, follow, max-snippet:-1, max-image-preview:large, max-video-preview:-1\" \/>\n<link rel=\"canonical\" href=\"https:\/\/cs-mihaileni.md\/index.php\/descarca-certificat-de-vaccinare\/\" \/>\n<meta property=\"og:locale\" content=\"ro_RO\" \/>\n<meta property=\"og:type\" content=\"article\" \/>\n<meta property=\"og:title\" content=\"Descarc\u0103 Certificat de Vaccinare - Centrul de S\u0103n\u0103tate Mih\u0103ileni\" \/>\n<meta property=\"og:description\" content=\"GENERARE CERTIFICAT COVID-19 Pentru a genera certificatul ce atest\u0103 vaccinarea anti COVID &#8211; 19, v\u0103 rug\u0103m s\u0103 accesa\u021bi butonul jos indicat \u0219i s\u0103 completa\u021bi toate c\u00e2mpurile obligatorii.\" \/>\n<meta property=\"og:url\" content=\"https:\/\/cs-mihaileni.md\/index.php\/descarca-certificat-de-vaccinare\/\" \/>\n<meta property=\"og:site_name\" content=\"Centrul de S\u0103n\u0103tate Mih\u0103ileni\" \/>\n<meta property=\"article:modified_time\" content=\"2022-01-14T00:05:53+00:00\" \/>\n<meta name=\"twitter:card\" content=\"summary_large_image\" \/>\n<meta name=\"twitter:label1\" content=\"Timp estimat pentru citire\" \/>\n\t<meta name=\"twitter:data1\" content=\"1 minut\" \/>\n<script type=\"application\/ld+json\" class=\"yoast-schema-graph\">{\"@context\":\"https:\\\/\\\/schema.org\",\"@graph\":[{\"@type\":\"WebPage\",\"@id\":\"https:\\\/\\\/cs-mihaileni.md\\\/index.php\\\/descarca-certificat-de-vaccinare\\\/\",\"url\":\"https:\\\/\\\/cs-mihaileni.md\\\/index.php\\\/descarca-certificat-de-vaccinare\\\/\",\"name\":\"Descarc\u0103 Certificat de Vaccinare - Centrul de S\u0103n\u0103tate Mih\u0103ileni\",\"isPartOf\":{\"@id\":\"https:\\\/\\\/cs-mihaileni.md\\\/#website\"},\"datePublished\":\"2022-01-13T23:33:28+00:00\",\"dateModified\":\"2022-01-14T00:05:53+00:00\",\"breadcrumb\":{\"@id\":\"https:\\\/\\\/cs-mihaileni.md\\\/index.php\\\/descarca-certificat-de-vaccinare\\\/#breadcrumb\"},\"inLanguage\":\"ro-RO\",\"potentialAction\":[{\"@type\":\"ReadAction\",\"target\":[\"https:\\\/\\\/cs-mihaileni.md\\\/index.php\\\/descarca-certificat-de-vaccinare\\\/\"]}]},{\"@type\":\"BreadcrumbList\",\"@id\":\"https:\\\/\\\/cs-mihaileni.md\\\/index.php\\\/descarca-certificat-de-vaccinare\\\/#breadcrumb\",\"itemListElement\":[{\"@type\":\"ListItem\",\"position\":1,\"name\":\"Prima pagin\u0103\",\"item\":\"https:\\\/\\\/cs-mihaileni.md\\\/\"},{\"@type\":\"ListItem\",\"position\":2,\"name\":\"Descarc\u0103 Certificat de Vaccinare\"}]},{\"@type\":\"WebSite\",\"@id\":\"https:\\\/\\\/cs-mihaileni.md\\\/#website\",\"url\":\"https:\\\/\\\/cs-mihaileni.md\\\/\",\"name\":\"Centrul de S\u0103n\u0103tate Mih\u0103ileni\",\"description\":\"Institu\u0163ie Medico-Sanitar\u0103 Public\u0103\",\"potentialAction\":[{\"@type\":\"SearchAction\",\"target\":{\"@type\":\"EntryPoint\",\"urlTemplate\":\"https:\\\/\\\/cs-mihaileni.md\\\/?s={search_term_string}\"},\"query-input\":{\"@type\":\"PropertyValueSpecification\",\"valueRequired\":true,\"valueName\":\"search_term_string\"}}],\"inLanguage\":\"ro-RO\"}]}<\/script>\n<!-- \/ Yoast SEO plugin. -->","yoast_head_json":{"title":"Descarc\u0103 Certificat de Vaccinare - Centrul de S\u0103n\u0103tate Mih\u0103ileni","robots":{"index":"index","follow":"follow","max-snippet":"max-snippet:-1","max-image-preview":"max-image-preview:large","max-video-preview":"max-video-preview:-1"},"canonical":"https:\/\/cs-mihaileni.md\/index.php\/descarca-certificat-de-vaccinare\/","og_locale":"ro_RO","og_type":"article","og_title":"Descarc\u0103 Certificat de Vaccinare - Centrul de S\u0103n\u0103tate Mih\u0103ileni","og_description":"GENERARE CERTIFICAT COVID-19 Pentru a genera certificatul ce atest\u0103 vaccinarea anti COVID &#8211; 19, v\u0103 rug\u0103m s\u0103 accesa\u021bi butonul jos indicat \u0219i s\u0103 completa\u021bi toate c\u00e2mpurile obligatorii.","og_url":"https:\/\/cs-mihaileni.md\/index.php\/descarca-certificat-de-vaccinare\/","og_site_name":"Centrul de S\u0103n\u0103tate Mih\u0103ileni","article_modified_time":"2022-01-14T00:05:53+00:00","twitter_card":"summary_large_image","twitter_misc":{"Timp estimat pentru citire":"1 minut"},"schema":{"@context":"https:\/\/schema.org","@graph":[{"@type":"WebPage","@id":"https:\/\/cs-mihaileni.md\/index.php\/descarca-certificat-de-vaccinare\/","url":"https:\/\/cs-mihaileni.md\/index.php\/descarca-certificat-de-vaccinare\/","name":"Descarc\u0103 Certificat de Vaccinare - Centrul de S\u0103n\u0103tate Mih\u0103ileni","isPartOf":{"@id":"https:\/\/cs-mihaileni.md\/#website"},"datePublished":"2022-01-13T23:33:28+00:00","dateModified":"2022-01-14T00:05:53+00:00","breadcrumb":{"@id":"https:\/\/cs-mihaileni.md\/index.php\/descarca-certificat-de-vaccinare\/#breadcrumb"},"inLanguage":"ro-RO","potentialAction":[{"@type":"ReadAction","target":["https:\/\/cs-mihaileni.md\/index.php\/descarca-certificat-de-vaccinare\/"]}]},{"@type":"BreadcrumbList","@id":"https:\/\/cs-mihaileni.md\/index.php\/descarca-certificat-de-vaccinare\/#breadcrumb","itemListElement":[{"@type":"ListItem","position":1,"name":"Prima pagin\u0103","item":"https:\/\/cs-mihaileni.md\/"},{"@type":"ListItem","position":2,"name":"Descarc\u0103 Certificat de Vaccinare"}]},{"@type":"WebSite","@id":"https:\/\/cs-mihaileni.md\/#website","url":"https:\/\/cs-mihaileni.md\/","name":"Centrul de S\u0103n\u0103tate Mih\u0103ileni","description":"Institu\u0163ie Medico-Sanitar\u0103 Public\u0103","potentialAction":[{"@type":"SearchAction","target":{"@type":"EntryPoint","urlTemplate":"https:\/\/cs-mihaileni.md\/?s={search_term_string}"},"query-input":{"@type":"PropertyValueSpecification","valueRequired":true,"valueName":"search_term_string"}}],"inLanguage":"ro-RO"}]}},"_links":{"self":[{"href":"https:\/\/cs-mihaileni.md\/index.php\/wp-json\/wp\/v2\/pages\/594","targetHints":{"allow":["GET"]}}],"collection":[{"href":"https:\/\/cs-mihaileni.md\/index.php\/wp-json\/wp\/v2\/pages"}],"about":[{"href":"https:\/\/cs-mihaileni.md\/index.php\/wp-json\/wp\/v2\/types\/page"}],"author":[{"embeddable":true,"href":"https:\/\/cs-mihaileni.md\/index.php\/wp-json\/wp\/v2\/users\/1"}],"replies":[{"embeddable":true,"href":"https:\/\/cs-mihaileni.md\/index.php\/wp-json\/wp\/v2\/comments?post=594"}],"version-history":[{"count":5,"href":"https:\/\/cs-mihaileni.md\/index.php\/wp-json\/wp\/v2\/pages\/594\/revisions"}],"predecessor-version":[{"id":611,"href":"https:\/\/cs-mihaileni.md\/index.php\/wp-json\/wp\/v2\/pages\/594\/revisions\/611"}],"wp:attachment":[{"href":"https:\/\/cs-mihaileni.md\/index.php\/wp-json\/wp\/v2\/media?parent=594"}],"curies":[{"name":"wp","href":"https:\/\/api.w.org\/{rel}","templated":true}]}}