{"id":90,"date":"2021-03-14T12:44:25","date_gmt":"2021-03-14T12:44:25","guid":{"rendered":"http:\/\/demo.acmethemes.com\/medical-circle\/?page_id=202"},"modified":"2021-03-24T01:09:09","modified_gmt":"2021-03-24T01:09:09","slug":"institutia","status":"publish","type":"page","link":"https:\/\/cs-mihaileni.md\/index.php\/institutia\/","title":{"rendered":"Institu\u021bia"},"content":{"rendered":"<div id=\"pl-202\" class=\"panel-layout\">\n<div id=\"pg-202-0\" class=\"panel-grid panel-no-style\" data-style=\"{&quot;background_display&quot;:&quot;tile&quot;,&quot;cell_alignment&quot;:&quot;flex-start&quot;}\">\n<div id=\"pgc-202-0-0\" class=\"panel-grid-cell\" data-weight=\"1\">\n<div id=\"panel-202-0-0-0\" class=\"so-panel widget widget_media_image panel-first-child panel-last-child\" data-index=\"0\" data-style=\"{&quot;background_display&quot;:&quot;tile&quot;}\"><img fetchpriority=\"high\" decoding=\"async\" class=\"image wp-image-63  attachment-full size-full\" style=\"max-width: 100%; height: auto;\" src=\"https:\/\/cs-mihaileni.md\/wp-content\/uploads\/2017\/08\/medic-563423_1280.jpg\" sizes=\"(max-width: 1280px) 100vw, 1280px\" srcset=\"https:\/\/cs-mihaileni.md\/wp-content\/uploads\/2017\/08\/medic-563423_1280.jpg 1280w, https:\/\/cs-mihaileni.md\/wp-content\/uploads\/2017\/08\/medic-563423_1280-300x200.jpg 300w, https:\/\/cs-mihaileni.md\/wp-content\/uploads\/2017\/08\/medic-563423_1280-768x512.jpg 768w, https:\/\/cs-mihaileni.md\/wp-content\/uploads\/2017\/08\/medic-563423_1280-1024x682.jpg 1024w\" alt=\"\" width=\"1280\" height=\"853\" \/><\/div>\n<\/div>\n<\/div>\n<div id=\"pg-202-1\" class=\"panel-grid panel-no-style\" data-style=\"{&quot;background_display&quot;:&quot;tile&quot;,&quot;cell_alignment&quot;:&quot;flex-start&quot;}\">\n<div id=\"pgc-202-1-0\" class=\"panel-grid-cell\" data-weight=\"1\">\n<div id=\"panel-202-1-0-0\" class=\"so-panel widget widget_medical_circle_department panel-first-child panel-last-child\" data-index=\"1\" data-style=\"{&quot;background_display&quot;:&quot;tile&quot;}\">\n<section id=\"medical_circle_department-2\" class=\"at-widgets at-department \">\n<div class=\"container\">\n<div class=\"main-title init-animate\"><\/div>\n<div class=\"row\">\n<div class=\"col-md-3 department-title-wrapper\">\n<div class=\"department-title active\"><a href=\"#\" data-id=\"atdp-104\"><br \/>\nRegistratur\u0103\u00a0<i class=\"fa fa-angle-right\"><\/i><br \/>\n<\/a><\/div>\n<div class=\"department-title \"><a href=\"#\" data-id=\"atdp-113\"><br \/>\nLaborator\u00a0<i class=\"fa fa-angle-right\"><\/i><br \/>\n<\/a><\/div>\n<div class=\"department-title \"><a href=\"#\" data-id=\"atdp-108\"><br \/>\nTriere\u00a0<i class=\"fa fa-angle-right\"><\/i><br \/>\n<\/a><\/div>\n<div class=\"department-title \"><a href=\"#\" data-id=\"atdp-110\"><br \/>\nProceduri\u00a0<i class=\"fa fa-angle-right\"><\/i><br \/>\n<\/a><\/div>\n<\/div>\n<div class=\"col-md-9 department-content-wrapper\">\n<div class=\"department-item-content active\" data-id=\"atdp-104\">\n<div class=\"content-wrapper row\"><!--post thumbnal options--><\/p>\n<div class=\"post-thumb col-md-5\"><a href=\"https:\/\/cs-mihaileni.md\/index.php\/registratura\/\"><\/p>\n<p><\/a><a href=\"https:\/\/cs-mihaileni.md\/index.php\/registratura\/\"><img decoding=\"async\" class=\"alignnone wp-image-367 size-medium\" src=\"https:\/\/cs-mihaileni.md\/wp-content\/uploads\/2021\/03\/Imagine3-300x225.jpg\" alt=\"\" width=\"300\" height=\"225\" srcset=\"https:\/\/cs-mihaileni.md\/wp-content\/uploads\/2021\/03\/Imagine3-300x225.jpg 300w, https:\/\/cs-mihaileni.md\/wp-content\/uploads\/2021\/03\/Imagine3.jpg 703w\" sizes=\"(max-width: 300px) 100vw, 300px\" \/><\/a><\/div>\n<p><!-- .post-thumb--><\/p>\n<div class=\"col-md-7\">\n<div class=\"entry-header-title\">\n<h2 class=\"entry-title\">Registratur\u0103<\/h2>\n<\/div>\n<p>Deservire<\/p>\n<p><a class=\"btn btn-primary btn-reverse\" href=\"#\" data-toggle=\"modal\" data-target=\"#at-shortcode-bootstrap-modal\"><br \/>\nProgrameaz\u0103-te<\/a><br \/>\n<a class=\"btn btn-primary\" href=\"https:\/\/cs-mihaileni.md\/index.php\/registratura\/\"><br \/>\nCite\u0219te<\/a><\/p>\n<\/div>\n<p><!-- .entry-content --><\/p>\n<\/div>\n<\/div>\n<div class=\"department-item-content \" data-id=\"atdp-113\">\n<div class=\"content-wrapper row\"><!--post thumbnal options--><\/p>\n<div class=\"post-thumb col-md-5\"><a href=\"https:\/\/cs-mihaileni.md\/index.php\/laborator\/\"><\/p>\n<p><\/a><a href=\"https:\/\/cs-mihaileni.md\/index.php\/laborator\/\"><img decoding=\"async\" class=\"alignnone wp-image-502 size-medium\" src=\"https:\/\/cs-mihaileni.md\/wp-content\/uploads\/2021\/03\/Global-Clinical-Laboratory-Services-Market-300x167.jpeg\" alt=\"\" width=\"300\" height=\"167\" srcset=\"https:\/\/cs-mihaileni.md\/wp-content\/uploads\/2021\/03\/Global-Clinical-Laboratory-Services-Market-300x167.jpeg 300w, https:\/\/cs-mihaileni.md\/wp-content\/uploads\/2021\/03\/Global-Clinical-Laboratory-Services-Market.jpeg 720w\" sizes=\"(max-width: 300px) 100vw, 300px\" \/><\/a><\/div>\n<p><!-- .post-thumb--><\/p>\n<div class=\"col-md-7\">\n<div class=\"entry-header-title\">\n<h2 class=\"entry-title\">Laborator<\/h2>\n<\/div>\n<p>Analize<\/p>\n<p><a class=\"btn btn-primary btn-reverse\" href=\"#\" data-toggle=\"modal\" data-target=\"#at-shortcode-bootstrap-modal\"><br \/>\nProgrameaz\u0103-te<\/a><br \/>\n<a class=\"btn btn-primary\" href=\"https:\/\/cs-mihaileni.md\/index.php\/laborator\/\"><br \/>\nCite\u0219te<\/a><\/p>\n<\/div>\n<p><!-- .entry-content --><\/p>\n<\/div>\n<\/div>\n<div class=\"department-item-content \" data-id=\"atdp-108\">\n<div class=\"content-wrapper row\"><!--post thumbnal options--><\/p>\n<div class=\"post-thumb col-md-5\"><a href=\"https:\/\/cs-mihaileni.md\/index.php\/triere\/\"><\/p>\n<p><\/a><a href=\"https:\/\/cs-mihaileni.md\/index.php\/triere\/\"><img loading=\"lazy\" decoding=\"async\" class=\"alignnone wp-image-380 size-medium\" src=\"https:\/\/cs-mihaileni.md\/wp-content\/uploads\/2021\/03\/Imagine8-300x225.jpg\" alt=\"\" width=\"300\" height=\"225\" srcset=\"https:\/\/cs-mihaileni.md\/wp-content\/uploads\/2021\/03\/Imagine8-300x225.jpg 300w, https:\/\/cs-mihaileni.md\/wp-content\/uploads\/2021\/03\/Imagine8-1024x768.jpg 1024w, https:\/\/cs-mihaileni.md\/wp-content\/uploads\/2021\/03\/Imagine8-768x576.jpg 768w, https:\/\/cs-mihaileni.md\/wp-content\/uploads\/2021\/03\/Imagine8.jpg 1500w\" sizes=\"(max-width: 300px) 100vw, 300px\" \/><\/a><\/div>\n<p><!-- .post-thumb--><\/p>\n<div class=\"col-md-7\">\n<div class=\"entry-header-title\">\n<h2 class=\"entry-title\">Triere<\/h2>\n<\/div>\n<p>Preg\u0103tirea pacien\u021bilor \u00eenainte de a intra \u00een vizit\u0103 la medicul de familie<\/p>\n<p><a class=\"btn btn-primary btn-reverse\" href=\"#\" data-toggle=\"modal\" data-target=\"#at-shortcode-bootstrap-modal\"><br \/>\nProgrameaz\u0103-te<\/a><br \/>\n<a class=\"btn btn-primary\" href=\"https:\/\/cs-mihaileni.md\/index.php\/triere\/\"><br \/>\nCite\u0219te<\/a><\/p>\n<\/div>\n<p><!-- .entry-content --><\/p>\n<\/div>\n<\/div>\n<div class=\"department-item-content \" data-id=\"atdp-110\">\n<div class=\"content-wrapper row\"><!--post thumbnal options--><\/p>\n<div class=\"post-thumb col-md-5\"><a href=\"https:\/\/cs-mihaileni.md\/index.php\/triere\/\"><\/p>\n<p><\/a><a href=\"https:\/\/cs-mihaileni.md\/index.php\/proceduri\/\"><img loading=\"lazy\" decoding=\"async\" class=\"alignnone wp-image-381 size-medium\" src=\"https:\/\/cs-mihaileni.md\/wp-content\/uploads\/2021\/03\/Imagine12-300x225.jpg\" alt=\"\" width=\"300\" height=\"225\" srcset=\"https:\/\/cs-mihaileni.md\/wp-content\/uploads\/2021\/03\/Imagine12-300x225.jpg 300w, https:\/\/cs-mihaileni.md\/wp-content\/uploads\/2021\/03\/Imagine12-1024x768.jpg 1024w, https:\/\/cs-mihaileni.md\/wp-content\/uploads\/2021\/03\/Imagine12-768x576.jpg 768w, https:\/\/cs-mihaileni.md\/wp-content\/uploads\/2021\/03\/Imagine12.jpg 1500w\" sizes=\"(max-width: 300px) 100vw, 300px\" \/><\/a><\/div>\n<p><!-- .post-thumb--><\/p>\n<div class=\"col-md-7\">\n<div class=\"entry-header-title\">\n<h2 class=\"entry-title\">Proceduri<\/h2>\n<\/div>\n<p>Colectarea de analize<\/p>\n<p><a class=\"btn btn-primary btn-reverse\" href=\"#\" data-toggle=\"modal\" data-target=\"#at-shortcode-bootstrap-modal\"><br \/>\nProgrameaz\u0103-te<\/a><br \/>\n<a class=\"btn btn-primary\" href=\"https:\/\/cs-mihaileni.md\/index.php\/proceduri\/\"><br \/>\nCite\u0219te<\/a><\/p>\n<\/div>\n<p><!-- .entry-content --><\/p>\n<\/div>\n<\/div>\n<\/div>\n<\/div>\n<\/div>\n<\/section>\n<\/div>\n<\/div>\n<\/div>\n<\/div>\n","protected":false},"excerpt":{"rendered":"<p>Registratur\u0103\u00a0 Laborator\u00a0 Triere\u00a0 Proceduri\u00a0 Registratur\u0103 Deservire Programeaz\u0103-te Cite\u0219te Laborator Analize Programeaz\u0103-te Cite\u0219te Triere Preg\u0103tirea pacien\u021bilor \u00eenainte de a intra \u00een vizit\u0103 la medicul de familie Programeaz\u0103-te Cite\u0219te Proceduri Colectarea de analize Programeaz\u0103-te Cite\u0219te<\/p>\n","protected":false},"author":1,"featured_media":0,"parent":0,"menu_order":0,"comment_status":"closed","ping_status":"closed","template":"","meta":{"_monsterinsights_skip_tracking":false,"_monsterinsights_sitenote_active":false,"_monsterinsights_sitenote_note":"","_monsterinsights_sitenote_category":0,"footnotes":""},"class_list":["post-90","page","type-page","status-publish","hentry"],"yoast_head":"<!-- This site is optimized with the Yoast SEO plugin v27.5 - https:\/\/yoast.com\/product\/yoast-seo-wordpress\/ -->\n<title>Institu\u021bia - Centrul de S\u0103n\u0103tate Mih\u0103ileni<\/title>\n<meta name=\"robots\" content=\"index, follow, max-snippet:-1, max-image-preview:large, max-video-preview:-1\" \/>\n<link rel=\"canonical\" href=\"https:\/\/cs-mihaileni.md\/index.php\/institutia\/\" \/>\n<meta property=\"og:locale\" content=\"ro_RO\" \/>\n<meta property=\"og:type\" content=\"article\" \/>\n<meta property=\"og:title\" content=\"Institu\u021bia - Centrul de S\u0103n\u0103tate Mih\u0103ileni\" \/>\n<meta property=\"og:description\" content=\"Registratur\u0103\u00a0 Laborator\u00a0 Triere\u00a0 Proceduri\u00a0 Registratur\u0103 Deservire Programeaz\u0103-te Cite\u0219te Laborator Analize Programeaz\u0103-te Cite\u0219te Triere Preg\u0103tirea pacien\u021bilor \u00eenainte de a intra \u00een vizit\u0103 la medicul de familie Programeaz\u0103-te Cite\u0219te Proceduri Colectarea de analize Programeaz\u0103-te Cite\u0219te\" \/>\n<meta property=\"og:url\" content=\"https:\/\/cs-mihaileni.md\/index.php\/institutia\/\" \/>\n<meta property=\"og:site_name\" content=\"Centrul de S\u0103n\u0103tate Mih\u0103ileni\" \/>\n<meta property=\"article:modified_time\" content=\"2021-03-24T01:09:09+00:00\" \/>\n<meta property=\"og:image\" content=\"https:\/\/cs-mihaileni.md\/wp-content\/uploads\/2017\/08\/medic-563423_1280.jpg\" \/>\n<meta name=\"twitter:card\" content=\"summary_large_image\" \/>\n<script type=\"application\/ld+json\" class=\"yoast-schema-graph\">{\"@context\":\"https:\\\/\\\/schema.org\",\"@graph\":[{\"@type\":\"WebPage\",\"@id\":\"https:\\\/\\\/cs-mihaileni.md\\\/index.php\\\/institutia\\\/\",\"url\":\"https:\\\/\\\/cs-mihaileni.md\\\/index.php\\\/institutia\\\/\",\"name\":\"Institu\u021bia - Centrul de S\u0103n\u0103tate Mih\u0103ileni\",\"isPartOf\":{\"@id\":\"https:\\\/\\\/cs-mihaileni.md\\\/#website\"},\"primaryImageOfPage\":{\"@id\":\"https:\\\/\\\/cs-mihaileni.md\\\/index.php\\\/institutia\\\/#primaryimage\"},\"image\":{\"@id\":\"https:\\\/\\\/cs-mihaileni.md\\\/index.php\\\/institutia\\\/#primaryimage\"},\"thumbnailUrl\":\"https:\\\/\\\/cs-mihaileni.md\\\/wp-content\\\/uploads\\\/2017\\\/08\\\/medic-563423_1280.jpg\",\"datePublished\":\"2021-03-14T12:44:25+00:00\",\"dateModified\":\"2021-03-24T01:09:09+00:00\",\"breadcrumb\":{\"@id\":\"https:\\\/\\\/cs-mihaileni.md\\\/index.php\\\/institutia\\\/#breadcrumb\"},\"inLanguage\":\"ro-RO\",\"potentialAction\":[{\"@type\":\"ReadAction\",\"target\":[\"https:\\\/\\\/cs-mihaileni.md\\\/index.php\\\/institutia\\\/\"]}]},{\"@type\":\"ImageObject\",\"inLanguage\":\"ro-RO\",\"@id\":\"https:\\\/\\\/cs-mihaileni.md\\\/index.php\\\/institutia\\\/#primaryimage\",\"url\":\"https:\\\/\\\/cs-mihaileni.md\\\/wp-content\\\/uploads\\\/2017\\\/08\\\/medic-563423_1280.jpg\",\"contentUrl\":\"https:\\\/\\\/cs-mihaileni.md\\\/wp-content\\\/uploads\\\/2017\\\/08\\\/medic-563423_1280.jpg\",\"width\":1280,\"height\":853},{\"@type\":\"BreadcrumbList\",\"@id\":\"https:\\\/\\\/cs-mihaileni.md\\\/index.php\\\/institutia\\\/#breadcrumb\",\"itemListElement\":[{\"@type\":\"ListItem\",\"position\":1,\"name\":\"Prima pagin\u0103\",\"item\":\"https:\\\/\\\/cs-mihaileni.md\\\/\"},{\"@type\":\"ListItem\",\"position\":2,\"name\":\"Institu\u021bia\"}]},{\"@type\":\"WebSite\",\"@id\":\"https:\\\/\\\/cs-mihaileni.md\\\/#website\",\"url\":\"https:\\\/\\\/cs-mihaileni.md\\\/\",\"name\":\"Centrul de S\u0103n\u0103tate Mih\u0103ileni\",\"description\":\"Institu\u0163ie Medico-Sanitar\u0103 Public\u0103\",\"potentialAction\":[{\"@type\":\"SearchAction\",\"target\":{\"@type\":\"EntryPoint\",\"urlTemplate\":\"https:\\\/\\\/cs-mihaileni.md\\\/?s={search_term_string}\"},\"query-input\":{\"@type\":\"PropertyValueSpecification\",\"valueRequired\":true,\"valueName\":\"search_term_string\"}}],\"inLanguage\":\"ro-RO\"}]}<\/script>\n<!-- \/ Yoast SEO plugin. -->","yoast_head_json":{"title":"Institu\u021bia - Centrul de S\u0103n\u0103tate Mih\u0103ileni","robots":{"index":"index","follow":"follow","max-snippet":"max-snippet:-1","max-image-preview":"max-image-preview:large","max-video-preview":"max-video-preview:-1"},"canonical":"https:\/\/cs-mihaileni.md\/index.php\/institutia\/","og_locale":"ro_RO","og_type":"article","og_title":"Institu\u021bia - Centrul de S\u0103n\u0103tate Mih\u0103ileni","og_description":"Registratur\u0103\u00a0 Laborator\u00a0 Triere\u00a0 Proceduri\u00a0 Registratur\u0103 Deservire Programeaz\u0103-te Cite\u0219te Laborator Analize Programeaz\u0103-te Cite\u0219te Triere Preg\u0103tirea pacien\u021bilor \u00eenainte de a intra \u00een vizit\u0103 la medicul de familie Programeaz\u0103-te Cite\u0219te Proceduri Colectarea de analize Programeaz\u0103-te Cite\u0219te","og_url":"https:\/\/cs-mihaileni.md\/index.php\/institutia\/","og_site_name":"Centrul de S\u0103n\u0103tate Mih\u0103ileni","article_modified_time":"2021-03-24T01:09:09+00:00","og_image":[{"url":"https:\/\/cs-mihaileni.md\/wp-content\/uploads\/2017\/08\/medic-563423_1280.jpg","type":"","width":"","height":""}],"twitter_card":"summary_large_image","schema":{"@context":"https:\/\/schema.org","@graph":[{"@type":"WebPage","@id":"https:\/\/cs-mihaileni.md\/index.php\/institutia\/","url":"https:\/\/cs-mihaileni.md\/index.php\/institutia\/","name":"Institu\u021bia - Centrul de S\u0103n\u0103tate Mih\u0103ileni","isPartOf":{"@id":"https:\/\/cs-mihaileni.md\/#website"},"primaryImageOfPage":{"@id":"https:\/\/cs-mihaileni.md\/index.php\/institutia\/#primaryimage"},"image":{"@id":"https:\/\/cs-mihaileni.md\/index.php\/institutia\/#primaryimage"},"thumbnailUrl":"https:\/\/cs-mihaileni.md\/wp-content\/uploads\/2017\/08\/medic-563423_1280.jpg","datePublished":"2021-03-14T12:44:25+00:00","dateModified":"2021-03-24T01:09:09+00:00","breadcrumb":{"@id":"https:\/\/cs-mihaileni.md\/index.php\/institutia\/#breadcrumb"},"inLanguage":"ro-RO","potentialAction":[{"@type":"ReadAction","target":["https:\/\/cs-mihaileni.md\/index.php\/institutia\/"]}]},{"@type":"ImageObject","inLanguage":"ro-RO","@id":"https:\/\/cs-mihaileni.md\/index.php\/institutia\/#primaryimage","url":"https:\/\/cs-mihaileni.md\/wp-content\/uploads\/2017\/08\/medic-563423_1280.jpg","contentUrl":"https:\/\/cs-mihaileni.md\/wp-content\/uploads\/2017\/08\/medic-563423_1280.jpg","width":1280,"height":853},{"@type":"BreadcrumbList","@id":"https:\/\/cs-mihaileni.md\/index.php\/institutia\/#breadcrumb","itemListElement":[{"@type":"ListItem","position":1,"name":"Prima pagin\u0103","item":"https:\/\/cs-mihaileni.md\/"},{"@type":"ListItem","position":2,"name":"Institu\u021bia"}]},{"@type":"WebSite","@id":"https:\/\/cs-mihaileni.md\/#website","url":"https:\/\/cs-mihaileni.md\/","name":"Centrul de S\u0103n\u0103tate Mih\u0103ileni","description":"Institu\u0163ie Medico-Sanitar\u0103 Public\u0103","potentialAction":[{"@type":"SearchAction","target":{"@type":"EntryPoint","urlTemplate":"https:\/\/cs-mihaileni.md\/?s={search_term_string}"},"query-input":{"@type":"PropertyValueSpecification","valueRequired":true,"valueName":"search_term_string"}}],"inLanguage":"ro-RO"}]}},"_links":{"self":[{"href":"https:\/\/cs-mihaileni.md\/index.php\/wp-json\/wp\/v2\/pages\/90","targetHints":{"allow":["GET"]}}],"collection":[{"href":"https:\/\/cs-mihaileni.md\/index.php\/wp-json\/wp\/v2\/pages"}],"about":[{"href":"https:\/\/cs-mihaileni.md\/index.php\/wp-json\/wp\/v2\/types\/page"}],"author":[{"embeddable":true,"href":"https:\/\/cs-mihaileni.md\/index.php\/wp-json\/wp\/v2\/users\/1"}],"replies":[{"embeddable":true,"href":"https:\/\/cs-mihaileni.md\/index.php\/wp-json\/wp\/v2\/comments?post=90"}],"version-history":[{"count":25,"href":"https:\/\/cs-mihaileni.md\/index.php\/wp-json\/wp\/v2\/pages\/90\/revisions"}],"predecessor-version":[{"id":521,"href":"https:\/\/cs-mihaileni.md\/index.php\/wp-json\/wp\/v2\/pages\/90\/revisions\/521"}],"wp:attachment":[{"href":"https:\/\/cs-mihaileni.md\/index.php\/wp-json\/wp\/v2\/media?parent=90"}],"curies":[{"name":"wp","href":"https:\/\/api.w.org\/{rel}","templated":true}]}}