{"id":92,"date":"2021-03-14T12:11:28","date_gmt":"2021-03-14T12:11:28","guid":{"rendered":"http:\/\/demo.acmethemes.com\/medical-circle\/?page_id=182"},"modified":"2021-03-24T00:57:06","modified_gmt":"2021-03-24T00:57:06","slug":"servicii","status":"publish","type":"page","link":"https:\/\/cs-mihaileni.md\/index.php\/servicii\/","title":{"rendered":"Servicii"},"content":{"rendered":"<div id=\"pl-182\" class=\"panel-layout\">\n<div id=\"pg-182-0\" class=\"panel-grid panel-no-style\" data-style=\"{&quot;background_display&quot;:&quot;tile&quot;,&quot;cell_alignment&quot;:&quot;flex-start&quot;}\">\n<div id=\"pgc-182-0-0\" class=\"panel-grid-cell\" data-weight=\"0.5\">\n<div id=\"panel-182-0-0-0\" class=\"so-panel widget widget_text panel-first-child panel-last-child\" data-index=\"0\" data-style=\"{&quot;background_image_attachment&quot;:false,&quot;background_display&quot;:&quot;tile&quot;}\">\n<div class=\"textwidget\">\n<div class=\"entry-content\"><\/div>\n<\/div>\n<\/div>\n<\/div>\n<div id=\"pgc-182-0-1\" class=\"panel-grid-cell\" data-weight=\"0.5\">\n<div id=\"panel-182-0-1-0\" class=\"so-panel widget widget_media_image panel-first-child panel-last-child\" data-index=\"1\" data-style=\"{&quot;background_display&quot;:&quot;tile&quot;}\">IMSP Centrul de S\u0103n\u0103tate Mih\u0103ileni este o institu\u021bie medico-sanitar\u0103 public\u0103 de nivel local, predestinat\u0103 pentru acordarea asisten\u021bei medicale primare.<\/div>\n<\/div>\n<\/div>\n<div id=\"pg-182-1\" class=\"panel-grid panel-no-style\" data-style=\"{&quot;background_display&quot;:&quot;tile&quot;,&quot;cell_alignment&quot;:&quot;flex-start&quot;}\">\n<div id=\"pgc-182-1-0\" class=\"panel-grid-cell\" data-weight=\"1\">\n<div id=\"panel-182-1-0-0\" class=\"so-panel widget widget_medical_circle_about panel-first-child panel-last-child\" data-index=\"2\" data-style=\"{&quot;background_image_attachment&quot;:false,&quot;background_display&quot;:&quot;tile&quot;}\">\n<section id=\"medical_circle_about-3\" class=\"at-widgets acme-abouts \">\n<div class=\"container\">\n<div class=\"row\">\n<div class=\"col-sm-12 col-md-4 column\">\n<div class=\"single-item init-animate\">\n<div class=\"icon\"><a href=\"http:\/\/demo.acmethemes.com\/medical-circle\/247-emergency-service\/\"><br \/>\n<i class=\"fa fa-ambulance\"><\/i><br \/>\n<\/a><\/div>\n<div class=\"content\">\n<h3><\/h3>\n<h3 class=\"title\"><a href=\"https:\/\/cs-mihaileni.md\/index.php\/24-7-asistenta-medicala-urgenta\/\">24\/7 Asisten\u021b\u0103 medical\u0103 urgent\u0103<\/a><\/h3>\n<div class=\"details\">\n<p>Servicii<\/p>\n<\/div>\n<\/div>\n<\/div>\n<\/div>\n<div class=\"col-sm-12 col-md-4 column\">\n<div class=\"single-item init-animate\">\n<div class=\"icon\"><a href=\"http:\/\/demo.acmethemes.com\/medical-circle\/blood-bank\/\"><br \/>\n<i class=\"fa fa-tint\"><\/i><br \/>\n<\/a><\/div>\n<div class=\"content\">\n<h3 class=\"title\"><a title=\"Blood Bank\" href=\"https:\/\/cs-mihaileni.md\/index.php\/analiza-de-sange\/\"><br \/>\nAnaliza de s\u00e2nge<\/a><\/h3>\n<div class=\"details\">\n<p>Servicii<\/p>\n<\/div>\n<\/div>\n<\/div>\n<\/div>\n<div class=\"col-sm-12 col-md-4 column\">\n<div class=\"single-item init-animate\">\n<div class=\"icon\"><a href=\"http:\/\/demo.acmethemes.com\/medical-circle\/extensive-operation-theater\/\"><br \/>\n<i class=\"fa fa-bed\"><\/i><br \/>\n<\/a><\/div>\n<div class=\"content\">\n<h3 class=\"title\"><a title=\"Extensive Operation Theater\" href=\"https:\/\/cs-mihaileni.md\/index.php\/administrarea-perfuziilor\/\"><br \/>\nAdministrarea perfuziilor<\/a><\/h3>\n<div class=\"details\">\n<p>Servicii<\/p>\n<\/div>\n<\/div>\n<\/div>\n<\/div>\n<div class=\"clearfix\"><\/div>\n<div class=\"col-sm-12 col-md-4 column\">\n<div class=\"single-item init-animate\">\n<div class=\"icon\"><a href=\"http:\/\/demo.acmethemes.com\/medical-circle\/general-checkup\/\"><br \/>\n<i class=\"fa fa-user-md\"><\/i><br \/>\n<\/a><\/div>\n<div class=\"content\">\n<h3 class=\"title\"><a title=\"General Checkup\" href=\"https:\/\/cs-mihaileni.md\/index.php\/controlul-general\/\"><br \/>\nControlul general<\/a><\/h3>\n<div class=\"details\">\n<p>Servicii<\/p>\n<\/div>\n<\/div>\n<\/div>\n<\/div>\n<div class=\"col-sm-12 col-md-4 column\">\n<div class=\"single-item init-animate\">\n<div class=\"icon\"><a href=\"http:\/\/demo.acmethemes.com\/medical-circle\/indoor-pharmacy\/\"><br \/>\n<i class=\"fa fa-credit-card\"><\/i><br \/>\n<\/a><\/div>\n<div class=\"content\">\n<h3 class=\"title\"><a title=\"Indoor Pharmacy\" href=\"http:\/\/demo.acmethemes.com\/medical-circle\/indoor-pharmacy\/\"><br \/>\nDonarea de s\u00e2nge<\/a><\/h3>\n<div class=\"details\">\n<p>Servicii<\/p>\n<\/div>\n<\/div>\n<\/div>\n<\/div>\n<div class=\"col-sm-12 col-md-4 column\">\n<div class=\"single-item init-animate\">\n<div class=\"icon\"><a href=\"http:\/\/demo.acmethemes.com\/medical-circle\/icu-services\/\"><br \/>\n<i class=\"fa fa-user-plus\"><\/i><br \/>\n<\/a><\/div>\n<div class=\"content\">\n<h3 class=\"title\"><a title=\"ICU Services\" href=\"https:\/\/cs-mihaileni.md\/index.php\/vaccinarea\/\"><br \/>\nVaccinarea<\/a><\/h3>\n<div class=\"details\">\n<p>Servicii<\/p>\n<\/div>\n<\/div>\n<\/div>\n<\/div>\n<div class=\"clearfix\"><\/div>\n<\/div>\n<\/div>\n<\/section>\n<\/div>\n<\/div>\n<\/div>\n<\/div>\n","protected":false},"excerpt":{"rendered":"<p>IMSP Centrul de S\u0103n\u0103tate Mih\u0103ileni este o institu\u021bie medico-sanitar\u0103 public\u0103 de nivel local, predestinat\u0103 pentru acordarea asisten\u021bei medicale primare. 24\/7 Asisten\u021b\u0103 medical\u0103 urgent\u0103 Servicii Analiza de s\u00e2nge Servicii Administrarea perfuziilor Servicii Controlul general Servicii Donarea de s\u00e2nge Servicii Vaccinarea Servicii<\/p>\n","protected":false},"author":1,"featured_media":0,"parent":0,"menu_order":0,"comment_status":"closed","ping_status":"closed","template":"","meta":{"_monsterinsights_skip_tracking":false,"_monsterinsights_sitenote_active":false,"_monsterinsights_sitenote_note":"","_monsterinsights_sitenote_category":0,"footnotes":""},"class_list":["post-92","page","type-page","status-publish","hentry"],"yoast_head":"<!-- This site is optimized with the Yoast SEO plugin v27.4 - https:\/\/yoast.com\/product\/yoast-seo-wordpress\/ -->\n<title>Servicii - Centrul de S\u0103n\u0103tate Mih\u0103ileni<\/title>\n<meta name=\"robots\" content=\"index, follow, max-snippet:-1, max-image-preview:large, max-video-preview:-1\" \/>\n<link rel=\"canonical\" href=\"https:\/\/cs-mihaileni.md\/index.php\/servicii\/\" \/>\n<meta property=\"og:locale\" content=\"ro_RO\" \/>\n<meta property=\"og:type\" content=\"article\" \/>\n<meta property=\"og:title\" content=\"Servicii - Centrul de S\u0103n\u0103tate Mih\u0103ileni\" \/>\n<meta property=\"og:description\" content=\"IMSP Centrul de S\u0103n\u0103tate Mih\u0103ileni este o institu\u021bie medico-sanitar\u0103 public\u0103 de nivel local, predestinat\u0103 pentru acordarea asisten\u021bei medicale primare. 24\/7 Asisten\u021b\u0103 medical\u0103 urgent\u0103 Servicii Analiza de s\u00e2nge Servicii Administrarea perfuziilor Servicii Controlul general Servicii Donarea de s\u00e2nge Servicii Vaccinarea Servicii\" \/>\n<meta property=\"og:url\" content=\"https:\/\/cs-mihaileni.md\/index.php\/servicii\/\" \/>\n<meta property=\"og:site_name\" content=\"Centrul de S\u0103n\u0103tate Mih\u0103ileni\" \/>\n<meta property=\"article:modified_time\" content=\"2021-03-24T00:57:06+00:00\" \/>\n<meta name=\"twitter:card\" content=\"summary_large_image\" \/>\n<script type=\"application\/ld+json\" class=\"yoast-schema-graph\">{\"@context\":\"https:\\\/\\\/schema.org\",\"@graph\":[{\"@type\":\"WebPage\",\"@id\":\"https:\\\/\\\/cs-mihaileni.md\\\/index.php\\\/servicii\\\/\",\"url\":\"https:\\\/\\\/cs-mihaileni.md\\\/index.php\\\/servicii\\\/\",\"name\":\"Servicii - Centrul de S\u0103n\u0103tate Mih\u0103ileni\",\"isPartOf\":{\"@id\":\"https:\\\/\\\/cs-mihaileni.md\\\/#website\"},\"datePublished\":\"2021-03-14T12:11:28+00:00\",\"dateModified\":\"2021-03-24T00:57:06+00:00\",\"breadcrumb\":{\"@id\":\"https:\\\/\\\/cs-mihaileni.md\\\/index.php\\\/servicii\\\/#breadcrumb\"},\"inLanguage\":\"ro-RO\",\"potentialAction\":[{\"@type\":\"ReadAction\",\"target\":[\"https:\\\/\\\/cs-mihaileni.md\\\/index.php\\\/servicii\\\/\"]}]},{\"@type\":\"BreadcrumbList\",\"@id\":\"https:\\\/\\\/cs-mihaileni.md\\\/index.php\\\/servicii\\\/#breadcrumb\",\"itemListElement\":[{\"@type\":\"ListItem\",\"position\":1,\"name\":\"Prima pagin\u0103\",\"item\":\"https:\\\/\\\/cs-mihaileni.md\\\/\"},{\"@type\":\"ListItem\",\"position\":2,\"name\":\"Servicii\"}]},{\"@type\":\"WebSite\",\"@id\":\"https:\\\/\\\/cs-mihaileni.md\\\/#website\",\"url\":\"https:\\\/\\\/cs-mihaileni.md\\\/\",\"name\":\"Centrul de S\u0103n\u0103tate Mih\u0103ileni\",\"description\":\"Institu\u0163ie Medico-Sanitar\u0103 Public\u0103\",\"potentialAction\":[{\"@type\":\"SearchAction\",\"target\":{\"@type\":\"EntryPoint\",\"urlTemplate\":\"https:\\\/\\\/cs-mihaileni.md\\\/?s={search_term_string}\"},\"query-input\":{\"@type\":\"PropertyValueSpecification\",\"valueRequired\":true,\"valueName\":\"search_term_string\"}}],\"inLanguage\":\"ro-RO\"}]}<\/script>\n<!-- \/ Yoast SEO plugin. -->","yoast_head_json":{"title":"Servicii - Centrul de S\u0103n\u0103tate Mih\u0103ileni","robots":{"index":"index","follow":"follow","max-snippet":"max-snippet:-1","max-image-preview":"max-image-preview:large","max-video-preview":"max-video-preview:-1"},"canonical":"https:\/\/cs-mihaileni.md\/index.php\/servicii\/","og_locale":"ro_RO","og_type":"article","og_title":"Servicii - Centrul de S\u0103n\u0103tate Mih\u0103ileni","og_description":"IMSP Centrul de S\u0103n\u0103tate Mih\u0103ileni este o institu\u021bie medico-sanitar\u0103 public\u0103 de nivel local, predestinat\u0103 pentru acordarea asisten\u021bei medicale primare. 24\/7 Asisten\u021b\u0103 medical\u0103 urgent\u0103 Servicii Analiza de s\u00e2nge Servicii Administrarea perfuziilor Servicii Controlul general Servicii Donarea de s\u00e2nge Servicii Vaccinarea Servicii","og_url":"https:\/\/cs-mihaileni.md\/index.php\/servicii\/","og_site_name":"Centrul de S\u0103n\u0103tate Mih\u0103ileni","article_modified_time":"2021-03-24T00:57:06+00:00","twitter_card":"summary_large_image","schema":{"@context":"https:\/\/schema.org","@graph":[{"@type":"WebPage","@id":"https:\/\/cs-mihaileni.md\/index.php\/servicii\/","url":"https:\/\/cs-mihaileni.md\/index.php\/servicii\/","name":"Servicii - Centrul de S\u0103n\u0103tate Mih\u0103ileni","isPartOf":{"@id":"https:\/\/cs-mihaileni.md\/#website"},"datePublished":"2021-03-14T12:11:28+00:00","dateModified":"2021-03-24T00:57:06+00:00","breadcrumb":{"@id":"https:\/\/cs-mihaileni.md\/index.php\/servicii\/#breadcrumb"},"inLanguage":"ro-RO","potentialAction":[{"@type":"ReadAction","target":["https:\/\/cs-mihaileni.md\/index.php\/servicii\/"]}]},{"@type":"BreadcrumbList","@id":"https:\/\/cs-mihaileni.md\/index.php\/servicii\/#breadcrumb","itemListElement":[{"@type":"ListItem","position":1,"name":"Prima pagin\u0103","item":"https:\/\/cs-mihaileni.md\/"},{"@type":"ListItem","position":2,"name":"Servicii"}]},{"@type":"WebSite","@id":"https:\/\/cs-mihaileni.md\/#website","url":"https:\/\/cs-mihaileni.md\/","name":"Centrul de S\u0103n\u0103tate Mih\u0103ileni","description":"Institu\u0163ie Medico-Sanitar\u0103 Public\u0103","potentialAction":[{"@type":"SearchAction","target":{"@type":"EntryPoint","urlTemplate":"https:\/\/cs-mihaileni.md\/?s={search_term_string}"},"query-input":{"@type":"PropertyValueSpecification","valueRequired":true,"valueName":"search_term_string"}}],"inLanguage":"ro-RO"}]}},"_links":{"self":[{"href":"https:\/\/cs-mihaileni.md\/index.php\/wp-json\/wp\/v2\/pages\/92","targetHints":{"allow":["GET"]}}],"collection":[{"href":"https:\/\/cs-mihaileni.md\/index.php\/wp-json\/wp\/v2\/pages"}],"about":[{"href":"https:\/\/cs-mihaileni.md\/index.php\/wp-json\/wp\/v2\/types\/page"}],"author":[{"embeddable":true,"href":"https:\/\/cs-mihaileni.md\/index.php\/wp-json\/wp\/v2\/users\/1"}],"replies":[{"embeddable":true,"href":"https:\/\/cs-mihaileni.md\/index.php\/wp-json\/wp\/v2\/comments?post=92"}],"version-history":[{"count":8,"href":"https:\/\/cs-mihaileni.md\/index.php\/wp-json\/wp\/v2\/pages\/92\/revisions"}],"predecessor-version":[{"id":510,"href":"https:\/\/cs-mihaileni.md\/index.php\/wp-json\/wp\/v2\/pages\/92\/revisions\/510"}],"wp:attachment":[{"href":"https:\/\/cs-mihaileni.md\/index.php\/wp-json\/wp\/v2\/media?parent=92"}],"curies":[{"name":"wp","href":"https:\/\/api.w.org\/{rel}","templated":true}]}}